{"id":1671,"date":"2020-09-04T10:15:28","date_gmt":"2020-09-04T15:15:28","guid":{"rendered":"https:\/\/www.multiploeditions.com\/about\/"},"modified":"2020-12-12T12:49:06","modified_gmt":"2020-12-12T17:49:06","slug":"nosotros","status":"publish","type":"page","link":"https:\/\/www.multiploeditions.com\/es\/nosotros\/","title":{"rendered":"Acerca de"},"content":{"rendered":"<p>[vc_row gap=&#8221;20&#8243; el_id=&#8221;aboutIntro&#8221; css=&#8221;.vc_custom_1607657887036{padding-top: 50px !important;padding-bottom: 90px !important;}&#8221;][vc_column][vc_column_text]<\/p>\n<p style=\"text-align: center;\"><strong>Multiplo es una empresa familiar dirigida por un padre y un hijo apasionados por el arte contempor\u00e1neo.<\/strong><\/p>\n<p>[\/vc_column_text][vc_empty_space][vc_column_text]<\/p>\n<p style=\"text-align: center;\">Para la generaci\u00f3n m\u00e1s joven de coleccionistas de arte, puede resultar dif\u00edcil acceder a importantes obras de artistas destacados y comenzar sus propias colecciones. Aqu\u00ed es donde entra Multiplo.<\/p>\n<p>[\/vc_column_text][\/vc_column][\/vc_row][vc_row full_width=&#8221;stretch_row&#8221; el_id=&#8221;bigQuote&#8221; css=&#8221;.vc_custom_1607654719373{padding-top: 70px !important;padding-bottom: 70px !important;background: #000000 url(https:\/\/www.multiploeditions.com\/wp-content\/uploads\/2020\/12\/bck-Quote-N.jpg?id=1957) !important;}&#8221;][vc_column][vc_column_text]<\/p>\n<h2 style=\"text-align: center;\">\u201cCreemos firmemente que<br \/>\n<span style=\"color: #ee4070;\">el arte puede ayudar a transformar vidas\u201d<\/span><\/h2>\n<p>[\/vc_column_text][vc_row_inner][vc_column_inner width=&#8221;1\/4&#8243;][\/vc_column_inner][vc_column_inner width=&#8221;1\/2&#8243;][vc_empty_space][vc_column_text el_class=&#8221;quoteIntro&#8221;]<\/p>\n<p style=\"text-align: center;\">Trabajamos en estrecha colaboraci\u00f3n con algunos de los artistas m\u00e1s importantes de nuestro tiempo para publicar obras de arte impresas en ediciones limitadas, asequibles para la pr\u00f3xima generaci\u00f3n de coleccionistas: los j\u00f3venes, los inteligentes y los curiosos.<\/p>\n<p>[\/vc_column_text][vc_empty_space height=&#8221;40px&#8221;][vc_separator color=&#8221;custom&#8221; el_width=&#8221;10&#8243; accent_color=&#8221;#ee4070&#8243;][vc_empty_space height=&#8221;40px&#8221;][vc_column_text el_class=&#8221;foundersQuote&#8221;]<\/p>\n<p style=\"text-align: center;\">\u201cComo fundador de una organizaci\u00f3n sin fines de lucro, que genera progreso social y aprendizaje innovador a trav\u00e9s del arte contempor\u00e1neo, conectando individuos y comunidades tanto locales como globales, entendemos la importancia del acceso al arte para ayudarnos a convertirnos en una sociedad m\u00e1s justa e inclusiva. Creemos firmemente que el arte puede ayudar a transformar vidas\u201d.<\/p>\n<p>[\/vc_column_text][vc_empty_space height=&#8221;40px&#8221;][vc_column_text]<\/p>\n<p style=\"text-align: center;\"><strong><span class=\"theFounder\">Johnny Roux<\/span><\/strong><br \/>\n<em><span class=\"founderSub\">Cofundador<\/span><\/em><\/p>\n<p>[\/vc_column_text][vc_empty_space height=&#8221;50px&#8221;][vc_column_text el_class=&#8221;foundersQuote&#8221;]<\/p>\n<p style=\"text-align: center;\">&#8220;Colaboramos con artistas, galer\u00edas y curadores para entregar las mejores obras de arte en edici\u00f3n limitada de su clase con un enfoque principal en la serigraf\u00eda&#8221;.<\/p>\n<p>[\/vc_column_text][vc_empty_space height=&#8221;40px&#8221;][vc_column_text]<\/p>\n<p style=\"text-align: center;\"><strong><span class=\"theFounder\">Juan Ra\u00fal Roux<\/span><\/strong><br \/>\n<em><span class=\"founderSub\">Cofundador<\/span><\/em><\/p>\n<p>[\/vc_column_text][vc_empty_space height=&#8221;40px&#8221;][\/vc_column_inner][vc_column_inner width=&#8221;1\/4&#8243;][\/vc_column_inner][\/vc_row_inner][\/vc_column][\/vc_row]<\/p>\n","protected":false},"excerpt":{"rendered":"<p>[vc_row gap=&#8221;20&#8243; el_id=&#8221;aboutIntro&#8221; css=&#8221;.vc_custom_1607657887036{padding-top: 50px !important;padding-bottom: 90px !important;}&#8221;][vc_column][vc_column_text] Multiplo es una empresa familiar dirigida por un padre y un hijo apasionados por el arte contempor\u00e1neo. [\/vc_column_text][vc_empty_space][vc_column_text] Para la generaci\u00f3n m\u00e1s joven de coleccionistas de arte, puede resultar dif\u00edcil acceder a importantes obras de artistas destacados y comenzar sus propias colecciones. Aqu\u00ed es donde entra Multiplo. [&hellip;]<\/p>\n","protected":false},"author":1,"featured_media":0,"parent":0,"menu_order":0,"comment_status":"closed","ping_status":"closed","template":"","meta":{"_acf_changed":false,"_glsr_average":0,"_glsr_ranking":0,"_glsr_reviews":0,"footnotes":""},"class_list":["post-1671","page","type-page","status-publish","hentry"],"acf":[],"yoast_head":"<!-- This site is optimized with the Yoast SEO plugin v27.4 - https:\/\/yoast.com\/product\/yoast-seo-wordpress\/ -->\n<title>Acerca de - Multiplo Editions<\/title>\n<meta name=\"robots\" content=\"index, follow, max-snippet:-1, max-image-preview:large, max-video-preview:-1\" \/>\n<link rel=\"canonical\" href=\"https:\/\/www.multiploeditions.com\/es\/nosotros\/\" \/>\n<meta property=\"og:locale\" content=\"es_ES\" \/>\n<meta property=\"og:type\" content=\"article\" \/>\n<meta property=\"og:title\" content=\"Acerca de - Multiplo Editions\" \/>\n<meta property=\"og:description\" content=\"[vc_row gap=&#8221;20&#8243; el_id=&#8221;aboutIntro&#8221; css=&#8221;.vc_custom_1607657887036{padding-top: 50px !important;padding-bottom: 90px !important;}&#8221;][vc_column][vc_column_text] Multiplo es una empresa familiar dirigida por un padre y un hijo apasionados por el arte contempor\u00e1neo. [\/vc_column_text][vc_empty_space][vc_column_text] Para la generaci\u00f3n m\u00e1s joven de coleccionistas de arte, puede resultar dif\u00edcil acceder a importantes obras de artistas destacados y comenzar sus propias colecciones. Aqu\u00ed es donde entra Multiplo. [&hellip;]\" \/>\n<meta property=\"og:url\" content=\"https:\/\/www.multiploeditions.com\/es\/nosotros\/\" \/>\n<meta property=\"og:site_name\" content=\"Multiplo Editions\" \/>\n<meta property=\"article:modified_time\" content=\"2020-12-12T17:49:06+00:00\" \/>\n<meta name=\"twitter:card\" content=\"summary_large_image\" \/>\n<meta name=\"twitter:label1\" content=\"Tiempo de lectura\" \/>\n\t<meta name=\"twitter:data1\" content=\"2 minutos\" \/>\n<script type=\"application\/ld+json\" class=\"yoast-schema-graph\">{\"@context\":\"https:\\\/\\\/schema.org\",\"@graph\":[{\"@type\":\"WebPage\",\"@id\":\"https:\\\/\\\/www.multiploeditions.com\\\/es\\\/nosotros\\\/\",\"url\":\"https:\\\/\\\/www.multiploeditions.com\\\/es\\\/nosotros\\\/\",\"name\":\"Acerca de - Multiplo Editions\",\"isPartOf\":{\"@id\":\"https:\\\/\\\/www.multiploeditions.com\\\/es\\\/#website\"},\"datePublished\":\"2020-09-04T15:15:28+00:00\",\"dateModified\":\"2020-12-12T17:49:06+00:00\",\"breadcrumb\":{\"@id\":\"https:\\\/\\\/www.multiploeditions.com\\\/es\\\/nosotros\\\/#breadcrumb\"},\"inLanguage\":\"es\",\"potentialAction\":[{\"@type\":\"ReadAction\",\"target\":[\"https:\\\/\\\/www.multiploeditions.com\\\/es\\\/nosotros\\\/\"]}]},{\"@type\":\"BreadcrumbList\",\"@id\":\"https:\\\/\\\/www.multiploeditions.com\\\/es\\\/nosotros\\\/#breadcrumb\",\"itemListElement\":[{\"@type\":\"ListItem\",\"position\":1,\"name\":\"Home\",\"item\":\"https:\\\/\\\/www.multiploeditions.com\\\/es\\\/\"},{\"@type\":\"ListItem\",\"position\":2,\"name\":\"Acerca de\"}]},{\"@type\":\"WebSite\",\"@id\":\"https:\\\/\\\/www.multiploeditions.com\\\/es\\\/#website\",\"url\":\"https:\\\/\\\/www.multiploeditions.com\\\/es\\\/\",\"name\":\"Multiplo\",\"description\":\"Art can change lives\",\"publisher\":{\"@id\":\"https:\\\/\\\/www.multiploeditions.com\\\/es\\\/#organization\"},\"potentialAction\":[{\"@type\":\"SearchAction\",\"target\":{\"@type\":\"EntryPoint\",\"urlTemplate\":\"https:\\\/\\\/www.multiploeditions.com\\\/es\\\/?s={search_term_string}\"},\"query-input\":{\"@type\":\"PropertyValueSpecification\",\"valueRequired\":true,\"valueName\":\"search_term_string\"}}],\"inLanguage\":\"es\"},{\"@type\":\"Organization\",\"@id\":\"https:\\\/\\\/www.multiploeditions.com\\\/es\\\/#organization\",\"name\":\"Multiplo\",\"url\":\"https:\\\/\\\/www.multiploeditions.com\\\/es\\\/\",\"logo\":{\"@type\":\"ImageObject\",\"inLanguage\":\"es\",\"@id\":\"https:\\\/\\\/www.multiploeditions.com\\\/es\\\/#\\\/schema\\\/logo\\\/image\\\/\",\"url\":\"https:\\\/\\\/www.multiploeditions.com\\\/wp-content\\\/uploads\\\/2020\\\/11\\\/apple-touch-icon.png\",\"contentUrl\":\"https:\\\/\\\/www.multiploeditions.com\\\/wp-content\\\/uploads\\\/2020\\\/11\\\/apple-touch-icon.png\",\"width\":1024,\"height\":1024,\"caption\":\"Multiplo\"},\"image\":{\"@id\":\"https:\\\/\\\/www.multiploeditions.com\\\/es\\\/#\\\/schema\\\/logo\\\/image\\\/\"},\"sameAs\":[\"http:\\\/\\\/instagram.com\\\/multi_plo\"]}]}<\/script>\n<!-- \/ Yoast SEO plugin. -->","yoast_head_json":{"title":"Acerca de - Multiplo Editions","robots":{"index":"index","follow":"follow","max-snippet":"max-snippet:-1","max-image-preview":"max-image-preview:large","max-video-preview":"max-video-preview:-1"},"canonical":"https:\/\/www.multiploeditions.com\/es\/nosotros\/","og_locale":"es_ES","og_type":"article","og_title":"Acerca de - Multiplo Editions","og_description":"[vc_row gap=&#8221;20&#8243; el_id=&#8221;aboutIntro&#8221; css=&#8221;.vc_custom_1607657887036{padding-top: 50px !important;padding-bottom: 90px !important;}&#8221;][vc_column][vc_column_text] Multiplo es una empresa familiar dirigida por un padre y un hijo apasionados por el arte contempor\u00e1neo. [\/vc_column_text][vc_empty_space][vc_column_text] Para la generaci\u00f3n m\u00e1s joven de coleccionistas de arte, puede resultar dif\u00edcil acceder a importantes obras de artistas destacados y comenzar sus propias colecciones. Aqu\u00ed es donde entra Multiplo. [&hellip;]","og_url":"https:\/\/www.multiploeditions.com\/es\/nosotros\/","og_site_name":"Multiplo Editions","article_modified_time":"2020-12-12T17:49:06+00:00","twitter_card":"summary_large_image","twitter_misc":{"Tiempo de lectura":"2 minutos"},"schema":{"@context":"https:\/\/schema.org","@graph":[{"@type":"WebPage","@id":"https:\/\/www.multiploeditions.com\/es\/nosotros\/","url":"https:\/\/www.multiploeditions.com\/es\/nosotros\/","name":"Acerca de - Multiplo Editions","isPartOf":{"@id":"https:\/\/www.multiploeditions.com\/es\/#website"},"datePublished":"2020-09-04T15:15:28+00:00","dateModified":"2020-12-12T17:49:06+00:00","breadcrumb":{"@id":"https:\/\/www.multiploeditions.com\/es\/nosotros\/#breadcrumb"},"inLanguage":"es","potentialAction":[{"@type":"ReadAction","target":["https:\/\/www.multiploeditions.com\/es\/nosotros\/"]}]},{"@type":"BreadcrumbList","@id":"https:\/\/www.multiploeditions.com\/es\/nosotros\/#breadcrumb","itemListElement":[{"@type":"ListItem","position":1,"name":"Home","item":"https:\/\/www.multiploeditions.com\/es\/"},{"@type":"ListItem","position":2,"name":"Acerca de"}]},{"@type":"WebSite","@id":"https:\/\/www.multiploeditions.com\/es\/#website","url":"https:\/\/www.multiploeditions.com\/es\/","name":"Multiplo","description":"Art can change lives","publisher":{"@id":"https:\/\/www.multiploeditions.com\/es\/#organization"},"potentialAction":[{"@type":"SearchAction","target":{"@type":"EntryPoint","urlTemplate":"https:\/\/www.multiploeditions.com\/es\/?s={search_term_string}"},"query-input":{"@type":"PropertyValueSpecification","valueRequired":true,"valueName":"search_term_string"}}],"inLanguage":"es"},{"@type":"Organization","@id":"https:\/\/www.multiploeditions.com\/es\/#organization","name":"Multiplo","url":"https:\/\/www.multiploeditions.com\/es\/","logo":{"@type":"ImageObject","inLanguage":"es","@id":"https:\/\/www.multiploeditions.com\/es\/#\/schema\/logo\/image\/","url":"https:\/\/www.multiploeditions.com\/wp-content\/uploads\/2020\/11\/apple-touch-icon.png","contentUrl":"https:\/\/www.multiploeditions.com\/wp-content\/uploads\/2020\/11\/apple-touch-icon.png","width":1024,"height":1024,"caption":"Multiplo"},"image":{"@id":"https:\/\/www.multiploeditions.com\/es\/#\/schema\/logo\/image\/"},"sameAs":["http:\/\/instagram.com\/multi_plo"]}]}},"_links":{"self":[{"href":"https:\/\/www.multiploeditions.com\/es\/wp-json\/wp\/v2\/pages\/1671","targetHints":{"allow":["GET"]}}],"collection":[{"href":"https:\/\/www.multiploeditions.com\/es\/wp-json\/wp\/v2\/pages"}],"about":[{"href":"https:\/\/www.multiploeditions.com\/es\/wp-json\/wp\/v2\/types\/page"}],"author":[{"embeddable":true,"href":"https:\/\/www.multiploeditions.com\/es\/wp-json\/wp\/v2\/users\/1"}],"replies":[{"embeddable":true,"href":"https:\/\/www.multiploeditions.com\/es\/wp-json\/wp\/v2\/comments?post=1671"}],"version-history":[{"count":17,"href":"https:\/\/www.multiploeditions.com\/es\/wp-json\/wp\/v2\/pages\/1671\/revisions"}],"predecessor-version":[{"id":2019,"href":"https:\/\/www.multiploeditions.com\/es\/wp-json\/wp\/v2\/pages\/1671\/revisions\/2019"}],"wp:attachment":[{"href":"https:\/\/www.multiploeditions.com\/es\/wp-json\/wp\/v2\/media?parent=1671"}],"curies":[{"name":"wp","href":"https:\/\/api.w.org\/{rel}","templated":true}]}}