{"id":1707,"date":"2016-01-05T09:54:32","date_gmt":"2016-01-05T09:54:32","guid":{"rendered":"https:\/\/www.multiploeditions.com\/faq\/"},"modified":"2020-12-14T20:51:02","modified_gmt":"2020-12-15T01:51:02","slug":"preguntas-frecuentes","status":"publish","type":"page","link":"https:\/\/www.multiploeditions.com\/es\/preguntas-frecuentes\/","title":{"rendered":"Preguntas Frecuentes"},"content":{"rendered":"<p>[vc_row][vc_column width=&#8221;1\/6&#8243;][\/vc_column][vc_column width=&#8221;2\/3&#8243;][vc_tta_tabs style=&#8221;outline&#8221; gap=&#8221;5&#8243; alignment=&#8221;center&#8221; active_section=&#8221;1&#8243;][vc_tta_section title=&#8221;COMPRAS&#8221; tab_id=&#8221;1450886386648-e8568866-bfbf&#8221;]<div class=\"ws-heading text-center\"><h2>COMPRAR OBRAS CON MULTIPLO<\/h2><div class=\"ws-separator\"><\/div><\/div>[vc_toggle title=&#8221;\u00bfLAS OBRAS DE ARTE PUBLICADAS EN LA P\u00c1GINA WEB DE MULTIPLO EST\u00c1N DISPONIBLES PARA SU COMPRA?&#8221; style=&#8221;arrow&#8221; open=&#8221;true&#8221; el_id=&#8221;1450886461569-a8b1f4a1-5196&#8243;]\u00a1Si! Todas las obras de arte publicadas en la p\u00e1gina web de MULTIPLO est\u00e1n disponibles para su compra hasta que se agote su edici\u00f3n. Si la edici\u00f3n no se ha lanzado; El pedido anticipado estar\u00e1 disponible y luego se procesar\u00e1 cuando se lance la edici\u00f3n.[\/vc_toggle][vc_toggle title=&#8221;\u00bfPUEDO RESERVAR UNA OBRA ANTES DE SU LANZAMIENTO?&#8221; style=&#8221;arrow&#8221; el_id=&#8221;1451044196445-1aa1a52a-7b5f&#8221;]\u00a1Si! Todas las futuras ediciones en preventa anunciadas por MULTIPLO a trav\u00e9s de sus canales de comunicaci\u00f3n y su sitio web est\u00e1n disponibles para su compra antes de su fecha de lanzamiento hasta que se agote la edici\u00f3n. La obra de arte se enviar\u00e1 dentro de los cinco (5) d\u00edas h\u00e1biles posteriores al lanzamiento de la edici\u00f3n.[\/vc_toggle][vc_toggle title=&#8221;\u00bfDEBO CREARME UNA CUENTA ANTES DE REALIZAR UNA COMPRA A TRAV\u00c9S DEL SITIO WEB DE MULTIPLO?&#8221; style=&#8221;arrow&#8221; el_id=&#8221;1451044261452-312bf1d8-0856&#8243;]\u00a1Si! Debe crear una cuenta antes de comprar cualquier obra de arte a trav\u00e9s del sitio web de MULTIPLO.[\/vc_toggle][vc_toggle title=&#8221;\u00bfC\u00d3MO CREO UNA CUENTA?&#8221; style=&#8221;arrow&#8221; el_id=&#8221;1451044260573-e3972c2d-87f3&#8243;]Las instrucciones para crear una cuenta est\u00e1n detalladas en la secci\u00f3n de \u201cSuscribete\u201d[\/vc_toggle][vc_toggle title=&#8221;\u00bfMULTIPLO ENMARCA LAS OBRAS QUE COMPRO?&#8221; style=&#8221;arrow&#8221;]No! MULTIPLO no enmarca las obras.[\/vc_toggle][vc_toggle title=&#8221;\u00bfCUALES SON LOS METODOS DE PAGO ACEPTADOS POR MEDIO DEL SITIO WEB DE MULTIPLO?&#8221; style=&#8221;arrow&#8221;]Tarjeta de cr\u00e9dito (Mastercard y Visa) y Paypal.[\/vc_toggle][\/vc_tta_section][vc_tta_section title=&#8221;OBRAS&#8221; tab_id=&#8221;1450886386739-233612fe-a6d4&#8243;]<div class=\"ws-heading text-center\"><h2>SOBRE LAS OBRAS<\/h2><div class=\"ws-separator\"><\/div><\/div>[vc_toggle title=&#8221;\u00bfQU\u00c9 ES UNA EDICI\u00d3N LIMITADA?&#8221; style=&#8221;arrow&#8221; open=&#8221;true&#8221; el_id=&#8221;1451044584941-215b5fa0-dfed&#8221;]Una edici\u00f3n limitada es la disponibilidad de obras de arte producidas en una edici\u00f3n. En este caso, el artista y MULTIPLO determinan el n\u00famero de la edici\u00f3n. Todas nuestras impresiones de edici\u00f3n limitada est\u00e1n firmadas y numeradas a l\u00e1piz por el artista.[\/vc_toggle][vc_toggle title=&#8221;\u00bfCU\u00c1L ES LA DIFERENCIA ENTRE UNA SERIGRAF\u00cdA Y UNA IMPRESI\u00d3N DE ARCHIVO?&#8221; style=&#8221;arrow&#8221; el_id=&#8221;1451044584274-60639bc1-cd72&#8243;]La serigraf\u00eda es un proceso de impresi\u00f3n de estarcido en el que la tinta se empuja a trav\u00e9s de una pantalla fina hacia una superficie debajo. Mientras que una impresi\u00f3n de archivo es la reproducci\u00f3n de una obra original utilizando una impresora de bellas artes con est\u00e1ndares de alta resoluci\u00f3n.[\/vc_toggle][vc_toggle title=&#8221;\u00bfC\u00d3MO SE INVOLUCRAN LOS ARTISTAS EN LA PRODUCCI\u00d3N DE LA OBRA DE ARTE?&#8221; style=&#8221;arrow&#8221; el_id=&#8221;1451044583581-8ae6a615-413c&#8221;]Todos los artistas se involucran desde el principio produciendo una obra espec\u00edfica para la edici\u00f3n o eligiendo una existente en conjunto con MULTIPLO. Los artistas aprueban la serigraf\u00eda producida antes de su lanzamiento oficial.[\/vc_toggle][vc_toggle title=&#8221;\u00bfC\u00d3MO S\u00c9 QUE MI OBRA ES AUT\u00c9NTICA?&#8221; style=&#8221;arrow&#8221; el_id=&#8221;1451044745026-e923cee1-aad1&#8243;]Todas las serigraf\u00edas de edici\u00f3n limitada de MULTIPLO se entregan con un Certificado de autenticidad. Adem\u00e1s, todas las serigraf\u00edas est\u00e1n firmadas y numeradas por el Artista.[\/vc_toggle][\/vc_tta_section][vc_tta_section title=&#8221;ENV\u00cdOS&#8221; tab_id=&#8221;1451044346242-db35bbeb-3d48&#8243;]<div class=\"ws-heading text-center\"><h2>ENV\u00cdOS<\/h2><div class=\"ws-separator\"><\/div><\/div>[vc_toggle title=&#8221;\u00bfC\u00d3MO EST\u00c1N EMPAQUETADAS LAS OBRAS?&#8221; style=&#8221;arrow&#8221; open=&#8221;true&#8221; el_id=&#8221;1451044809990-c5b177d0-91c3&#8243;]Todas las impresiones se enviar\u00e1n planas en una caja.[\/vc_toggle][vc_toggle title=&#8221;\u00bfCU\u00c1NDO SE ENVIAR\u00c1N MIS ORDENES?&#8221; style=&#8221;arrow&#8221; el_id=&#8221;1451044815531-8c0f6c5f-b15a&#8221;]Todas las obras de arte se enviar\u00e1n dentro de los quince (15) d\u00edas calendario posteriores a la confirmaci\u00f3n del pedido por parte de MULTIPLO. Las obras de arte en preventa se enviar\u00e1n dentro de los cinco (5) d\u00edas calendario posteriores a su fecha de lanzamiento oficial.[\/vc_toggle][vc_toggle title=&#8221;\u00bfCU\u00c1NTO DEBO PAGAR POR EL ENV\u00cdO?&#8221; style=&#8221;arrow&#8221; el_id=&#8221;1451044880077-0b0c1269-a228&#8243;]Depender\u00e1 de su destino final. Esta tarifa se indicar\u00e1 en el costo total en la secci\u00f3n de finalizaci\u00f3n de la orden.[\/vc_toggle][vc_toggle title=&#8221;\u00bfEST\u00c1 ASEGURADA LA OBRA DURANTE EL ENV\u00cdO?&#8221; style=&#8221;arrow&#8221; el_id=&#8221;1451044879390-12922b76-f5d0&#8243;]\u00a1Si! MULTIPLO organiza y asegura el transporte de la obra de arte. Si la obra de arte experimenta alg\u00fan da\u00f1o durante su transporte, debe comunicarse con MULTIPLO lo antes posible cumpliendo con las pol\u00edticas de devoluci\u00f3n descritas en los T\u00e9rminos y Condiciones de este sitio web.[\/vc_toggle][vc_toggle title=&#8221;\u00bfTENGO QUE PAGAR DERECHOS E IMPUESTOS EN MI PA\u00cdS CUANDO RECIBO LA OBRA?&#8221; style=&#8221;arrow&#8221;]Si. Los derechos de importaci\u00f3n y\/o los impuestos variar\u00e1n seg\u00fan las regulaciones de cada pa\u00eds.[\/vc_toggle][\/vc_tta_section][\/vc_tta_tabs][\/vc_column][vc_column width=&#8221;1\/6&#8243;][\/vc_column][\/vc_row][vc_row][vc_column][\/vc_column][\/vc_row]<\/p>\n","protected":false},"excerpt":{"rendered":"<p>[vc_row][vc_column width=&#8221;1\/6&#8243;][\/vc_column][vc_column width=&#8221;2\/3&#8243;][vc_tta_tabs style=&#8221;outline&#8221; gap=&#8221;5&#8243; alignment=&#8221;center&#8221; active_section=&#8221;1&#8243;][vc_tta_section title=&#8221;COMPRAS&#8221; tab_id=&#8221;1450886386648-e8568866-bfbf&#8221;][vc_toggle title=&#8221;\u00bfLAS OBRAS DE ARTE PUBLICADAS EN LA P\u00c1GINA WEB DE MULTIPLO EST\u00c1N DISPONIBLES PARA SU COMPRA?&#8221; style=&#8221;arrow&#8221; open=&#8221;true&#8221; el_id=&#8221;1450886461569-a8b1f4a1-5196&#8243;]\u00a1Si! Todas las obras de arte publicadas en la p\u00e1gina web de MULTIPLO est\u00e1n disponibles para su compra hasta que se agote su edici\u00f3n. Si la edici\u00f3n no [&hellip;]<\/p>\n","protected":false},"author":1,"featured_media":0,"parent":0,"menu_order":0,"comment_status":"closed","ping_status":"closed","template":"template-page.php","meta":{"_acf_changed":false,"_glsr_average":0,"_glsr_ranking":0,"_glsr_reviews":0,"footnotes":""},"class_list":["post-1707","page","type-page","status-publish","hentry"],"acf":[],"yoast_head":"<!-- This site is optimized with the Yoast SEO plugin v27.3 - https:\/\/yoast.com\/product\/yoast-seo-wordpress\/ -->\n<title>Preguntas Frecuentes - Multiplo Editions<\/title>\n<meta name=\"robots\" content=\"index, follow, max-snippet:-1, max-image-preview:large, max-video-preview:-1\" \/>\n<link rel=\"canonical\" href=\"https:\/\/www.multiploeditions.com\/es\/preguntas-frecuentes\/\" \/>\n<meta property=\"og:locale\" content=\"es_ES\" \/>\n<meta property=\"og:type\" content=\"article\" \/>\n<meta property=\"og:title\" content=\"Preguntas Frecuentes - Multiplo Editions\" \/>\n<meta property=\"og:description\" content=\"[vc_row][vc_column width=&#8221;1\/6&#8243;][\/vc_column][vc_column width=&#8221;2\/3&#8243;][vc_tta_tabs style=&#8221;outline&#8221; gap=&#8221;5&#8243; alignment=&#8221;center&#8221; active_section=&#8221;1&#8243;][vc_tta_section title=&#8221;COMPRAS&#8221; tab_id=&#8221;1450886386648-e8568866-bfbf&#8221;][vc_toggle title=&#8221;\u00bfLAS OBRAS DE ARTE PUBLICADAS EN LA P\u00c1GINA WEB DE MULTIPLO EST\u00c1N DISPONIBLES PARA SU COMPRA?&#8221; style=&#8221;arrow&#8221; open=&#8221;true&#8221; el_id=&#8221;1450886461569-a8b1f4a1-5196&#8243;]\u00a1Si! Todas las obras de arte publicadas en la p\u00e1gina web de MULTIPLO est\u00e1n disponibles para su compra hasta que se agote su edici\u00f3n. Si la edici\u00f3n no [&hellip;]\" \/>\n<meta property=\"og:url\" content=\"https:\/\/www.multiploeditions.com\/es\/preguntas-frecuentes\/\" \/>\n<meta property=\"og:site_name\" content=\"Multiplo Editions\" \/>\n<meta property=\"article:modified_time\" content=\"2020-12-15T01:51:02+00:00\" \/>\n<meta name=\"twitter:card\" content=\"summary_large_image\" \/>\n<meta name=\"twitter:label1\" content=\"Tiempo de lectura\" \/>\n\t<meta name=\"twitter:data1\" content=\"5 minutos\" \/>\n<script type=\"application\/ld+json\" class=\"yoast-schema-graph\">{\"@context\":\"https:\\\/\\\/schema.org\",\"@graph\":[{\"@type\":\"WebPage\",\"@id\":\"https:\\\/\\\/www.multiploeditions.com\\\/es\\\/preguntas-frecuentes\\\/\",\"url\":\"https:\\\/\\\/www.multiploeditions.com\\\/es\\\/preguntas-frecuentes\\\/\",\"name\":\"Preguntas Frecuentes - Multiplo Editions\",\"isPartOf\":{\"@id\":\"https:\\\/\\\/www.multiploeditions.com\\\/es\\\/#website\"},\"datePublished\":\"2016-01-05T09:54:32+00:00\",\"dateModified\":\"2020-12-15T01:51:02+00:00\",\"breadcrumb\":{\"@id\":\"https:\\\/\\\/www.multiploeditions.com\\\/es\\\/preguntas-frecuentes\\\/#breadcrumb\"},\"inLanguage\":\"es\",\"potentialAction\":[{\"@type\":\"ReadAction\",\"target\":[\"https:\\\/\\\/www.multiploeditions.com\\\/es\\\/preguntas-frecuentes\\\/\"]}]},{\"@type\":\"BreadcrumbList\",\"@id\":\"https:\\\/\\\/www.multiploeditions.com\\\/es\\\/preguntas-frecuentes\\\/#breadcrumb\",\"itemListElement\":[{\"@type\":\"ListItem\",\"position\":1,\"name\":\"Home\",\"item\":\"https:\\\/\\\/www.multiploeditions.com\\\/es\\\/\"},{\"@type\":\"ListItem\",\"position\":2,\"name\":\"Preguntas Frecuentes\"}]},{\"@type\":\"WebSite\",\"@id\":\"https:\\\/\\\/www.multiploeditions.com\\\/es\\\/#website\",\"url\":\"https:\\\/\\\/www.multiploeditions.com\\\/es\\\/\",\"name\":\"Multiplo\",\"description\":\"Art can change lives\",\"publisher\":{\"@id\":\"https:\\\/\\\/www.multiploeditions.com\\\/es\\\/#organization\"},\"potentialAction\":[{\"@type\":\"SearchAction\",\"target\":{\"@type\":\"EntryPoint\",\"urlTemplate\":\"https:\\\/\\\/www.multiploeditions.com\\\/es\\\/?s={search_term_string}\"},\"query-input\":{\"@type\":\"PropertyValueSpecification\",\"valueRequired\":true,\"valueName\":\"search_term_string\"}}],\"inLanguage\":\"es\"},{\"@type\":\"Organization\",\"@id\":\"https:\\\/\\\/www.multiploeditions.com\\\/es\\\/#organization\",\"name\":\"Multiplo\",\"url\":\"https:\\\/\\\/www.multiploeditions.com\\\/es\\\/\",\"logo\":{\"@type\":\"ImageObject\",\"inLanguage\":\"es\",\"@id\":\"https:\\\/\\\/www.multiploeditions.com\\\/es\\\/#\\\/schema\\\/logo\\\/image\\\/\",\"url\":\"https:\\\/\\\/www.multiploeditions.com\\\/wp-content\\\/uploads\\\/2020\\\/11\\\/apple-touch-icon.png\",\"contentUrl\":\"https:\\\/\\\/www.multiploeditions.com\\\/wp-content\\\/uploads\\\/2020\\\/11\\\/apple-touch-icon.png\",\"width\":1024,\"height\":1024,\"caption\":\"Multiplo\"},\"image\":{\"@id\":\"https:\\\/\\\/www.multiploeditions.com\\\/es\\\/#\\\/schema\\\/logo\\\/image\\\/\"},\"sameAs\":[\"http:\\\/\\\/instagram.com\\\/multi_plo\"]}]}<\/script>\n<!-- \/ Yoast SEO plugin. -->","yoast_head_json":{"title":"Preguntas Frecuentes - Multiplo Editions","robots":{"index":"index","follow":"follow","max-snippet":"max-snippet:-1","max-image-preview":"max-image-preview:large","max-video-preview":"max-video-preview:-1"},"canonical":"https:\/\/www.multiploeditions.com\/es\/preguntas-frecuentes\/","og_locale":"es_ES","og_type":"article","og_title":"Preguntas Frecuentes - Multiplo Editions","og_description":"[vc_row][vc_column width=&#8221;1\/6&#8243;][\/vc_column][vc_column width=&#8221;2\/3&#8243;][vc_tta_tabs style=&#8221;outline&#8221; gap=&#8221;5&#8243; alignment=&#8221;center&#8221; active_section=&#8221;1&#8243;][vc_tta_section title=&#8221;COMPRAS&#8221; tab_id=&#8221;1450886386648-e8568866-bfbf&#8221;][vc_toggle title=&#8221;\u00bfLAS OBRAS DE ARTE PUBLICADAS EN LA P\u00c1GINA WEB DE MULTIPLO EST\u00c1N DISPONIBLES PARA SU COMPRA?&#8221; style=&#8221;arrow&#8221; open=&#8221;true&#8221; el_id=&#8221;1450886461569-a8b1f4a1-5196&#8243;]\u00a1Si! Todas las obras de arte publicadas en la p\u00e1gina web de MULTIPLO est\u00e1n disponibles para su compra hasta que se agote su edici\u00f3n. Si la edici\u00f3n no [&hellip;]","og_url":"https:\/\/www.multiploeditions.com\/es\/preguntas-frecuentes\/","og_site_name":"Multiplo Editions","article_modified_time":"2020-12-15T01:51:02+00:00","twitter_card":"summary_large_image","twitter_misc":{"Tiempo de lectura":"5 minutos"},"schema":{"@context":"https:\/\/schema.org","@graph":[{"@type":"WebPage","@id":"https:\/\/www.multiploeditions.com\/es\/preguntas-frecuentes\/","url":"https:\/\/www.multiploeditions.com\/es\/preguntas-frecuentes\/","name":"Preguntas Frecuentes - Multiplo Editions","isPartOf":{"@id":"https:\/\/www.multiploeditions.com\/es\/#website"},"datePublished":"2016-01-05T09:54:32+00:00","dateModified":"2020-12-15T01:51:02+00:00","breadcrumb":{"@id":"https:\/\/www.multiploeditions.com\/es\/preguntas-frecuentes\/#breadcrumb"},"inLanguage":"es","potentialAction":[{"@type":"ReadAction","target":["https:\/\/www.multiploeditions.com\/es\/preguntas-frecuentes\/"]}]},{"@type":"BreadcrumbList","@id":"https:\/\/www.multiploeditions.com\/es\/preguntas-frecuentes\/#breadcrumb","itemListElement":[{"@type":"ListItem","position":1,"name":"Home","item":"https:\/\/www.multiploeditions.com\/es\/"},{"@type":"ListItem","position":2,"name":"Preguntas Frecuentes"}]},{"@type":"WebSite","@id":"https:\/\/www.multiploeditions.com\/es\/#website","url":"https:\/\/www.multiploeditions.com\/es\/","name":"Multiplo","description":"Art can change lives","publisher":{"@id":"https:\/\/www.multiploeditions.com\/es\/#organization"},"potentialAction":[{"@type":"SearchAction","target":{"@type":"EntryPoint","urlTemplate":"https:\/\/www.multiploeditions.com\/es\/?s={search_term_string}"},"query-input":{"@type":"PropertyValueSpecification","valueRequired":true,"valueName":"search_term_string"}}],"inLanguage":"es"},{"@type":"Organization","@id":"https:\/\/www.multiploeditions.com\/es\/#organization","name":"Multiplo","url":"https:\/\/www.multiploeditions.com\/es\/","logo":{"@type":"ImageObject","inLanguage":"es","@id":"https:\/\/www.multiploeditions.com\/es\/#\/schema\/logo\/image\/","url":"https:\/\/www.multiploeditions.com\/wp-content\/uploads\/2020\/11\/apple-touch-icon.png","contentUrl":"https:\/\/www.multiploeditions.com\/wp-content\/uploads\/2020\/11\/apple-touch-icon.png","width":1024,"height":1024,"caption":"Multiplo"},"image":{"@id":"https:\/\/www.multiploeditions.com\/es\/#\/schema\/logo\/image\/"},"sameAs":["http:\/\/instagram.com\/multi_plo"]}]}},"_links":{"self":[{"href":"https:\/\/www.multiploeditions.com\/es\/wp-json\/wp\/v2\/pages\/1707","targetHints":{"allow":["GET"]}}],"collection":[{"href":"https:\/\/www.multiploeditions.com\/es\/wp-json\/wp\/v2\/pages"}],"about":[{"href":"https:\/\/www.multiploeditions.com\/es\/wp-json\/wp\/v2\/types\/page"}],"author":[{"embeddable":true,"href":"https:\/\/www.multiploeditions.com\/es\/wp-json\/wp\/v2\/users\/1"}],"replies":[{"embeddable":true,"href":"https:\/\/www.multiploeditions.com\/es\/wp-json\/wp\/v2\/comments?post=1707"}],"version-history":[{"count":5,"href":"https:\/\/www.multiploeditions.com\/es\/wp-json\/wp\/v2\/pages\/1707\/revisions"}],"predecessor-version":[{"id":1797,"href":"https:\/\/www.multiploeditions.com\/es\/wp-json\/wp\/v2\/pages\/1707\/revisions\/1797"}],"wp:attachment":[{"href":"https:\/\/www.multiploeditions.com\/es\/wp-json\/wp\/v2\/media?parent=1707"}],"curies":[{"name":"wp","href":"https:\/\/api.w.org\/{rel}","templated":true}]}}