{"id":1717,"date":"2020-09-10T17:37:40","date_gmt":"2020-09-10T17:37:40","guid":{"rendered":"https:\/\/www.multiploeditions.com\/privacy-policy\/"},"modified":"2020-12-04T15:29:54","modified_gmt":"2020-12-04T20:29:54","slug":"politica-de-privacidad","status":"publish","type":"page","link":"https:\/\/www.multiploeditions.com\/es\/politica-de-privacidad\/","title":{"rendered":"Pol\u00edtica de Privacidad"},"content":{"rendered":"<h3>\u00bfQui\u00e9nes somos?<\/h3>\n<p>Nuestro sitio web es: <a href=\"https:\/\/www.multiploeditions.com\">https:\/\/www.multiploeditions.com<\/a>.<\/p>\n<h3>\u00bfQu\u00e9 datos personales recopilamos y por qu\u00e9 los recopilamos?<\/h3>\n<p><strong>Comentarios<\/strong><\/p>\n<p>Cuando los visitantes dejan comentarios en el Sitio web, recopilamos los datos que se muestran en el formulario de comentarios, y tambi\u00e9n la direcci\u00f3n IP del visitante y la cadena del agente de usuario del navegador para ayudar a la detecci\u00f3n de spam.<\/p>\n<p>Se puede proporcionar una cadena an\u00f3nima creada a partir de su direcci\u00f3n de correo electr\u00f3nico (tambi\u00e9n llamada hash) al servicio Gravatar para ver si la est\u00e1 utilizando. La pol\u00edtica de privacidad del servicio Gravatar est\u00e1 disponible aqu\u00ed: https:\/\/automattic.com\/privacy\/. Despu\u00e9s de la aprobaci\u00f3n de su comentario, su foto de perfil es visible para el p\u00fablico en el contexto de su comentario.<\/p>\n<p><strong>Im\u00e1genes <\/strong><\/p>\n<p>Si carga im\u00e1genes en el sitio web, debe evitar cargar im\u00e1genes con datos de ubicaci\u00f3n incrustados (GPS EXIF) incluidos. Los visitantes del sitio web pueden descargar y extraer los datos de ubicaci\u00f3n de las im\u00e1genes del sitio web.<\/p>\n<p><strong>formulario de contacto<\/strong><\/p>\n<p>Recopilamos una variedad de informaci\u00f3n cuando crea un perfil, realiza un pedido, crea un registro o aprovecha otros programas en l\u00ednea o en la tienda. La informaci\u00f3n que podemos recopilar incluye: su nombre, direcci\u00f3n (facturaci\u00f3n y env\u00edo), c\u00f3digo postal, direcciones de correo electr\u00f3nico, n\u00famero (s) de tel\u00e9fono, n\u00famero (s) de tarjeta de cr\u00e9dito y fecha de nacimiento.<\/p>\n<p><strong>Cookies<\/strong><\/p>\n<p>Si deja un comentario en nuestro sitio web, puede optar por guardar su nombre, direcci\u00f3n de correo electr\u00f3nico y sitio web en cookies. Estos son para su conveniencia para que no tenga que volver a completar sus datos cuando deje otro comentario. Estas cookies durar\u00e1n un a\u00f1o.<\/p>\n<p>Si visita nuestra secci\u00f3n de inicio de sesi\u00f3n, configuraremos una cookie temporal para determinar si su navegador acepta cookies. Esta cookie no contiene datos personales y se descarta cuando cierra su navegador.<\/p>\n<p>Cuando inicie sesi\u00f3n, tambi\u00e9n configuraremos varias cookies para guardar su informaci\u00f3n de inicio de sesi\u00f3n y sus opciones de visualizaci\u00f3n de pantalla. Las cookies de inicio de sesi\u00f3n duran dos d\u00edas y las cookies de opciones de pantalla duran un a\u00f1o. Si selecciona &#8220;Recordarme&#8221;, su inicio de sesi\u00f3n se mantendr\u00e1 durante dos semanas. Si cierra sesi\u00f3n en su cuenta, se eliminar\u00e1n las cookies de inicio de sesi\u00f3n.<\/p>\n<p>Si edita o publica un art\u00edculo, se guardar\u00e1 una cookie adicional en su navegador. Esta cookie no incluye datos personales y simplemente indica el ID de publicaci\u00f3n del art\u00edculo que acaba de editar. Caduca despu\u00e9s de 1 d\u00eda.<\/p>\n<p><strong>Contenido incorporado de otros sitios web<\/strong><\/p>\n<p>Los art\u00edculos de este sitio web pueden incluir contenido incorporado (por ejemplo, videos, im\u00e1genes, art\u00edculos, etc.). El contenido incorporado de otros sitios web se comporta exactamente de la misma manera que si el visitante hubiera visitado el otro sitio web.<\/p>\n<p><strong>\u00bfC\u00f3mo compartimos sus datos?<\/strong><\/p>\n<p><strong>Internamente<\/strong>. Podemos compartir su informaci\u00f3n dentro de la Familia de Negocios de MULTIPLO. En nuestras plataformas. Por ejemplo, podemos mostrar informaci\u00f3n que publique en nuestra funci\u00f3n de comentarios. Tambi\u00e9n podemos mostrar la informaci\u00f3n que elija compartir en su registro de regalos.<\/p>\n<p><strong>Con nuestros proveedores de servicios<\/strong>. Podemos compartir su informaci\u00f3n con terceros que facilitan nuestras operaciones y realizan servicios en nuestro nombre. Por ejemplo, esto puede incluir proveedores de publicidad y marketing o proveedores de servicios de env\u00edo y cumplimiento, entre otros.<\/p>\n<p><strong>Con nuestros socios comerciales<\/strong>. Por ejemplo, esto puede incluir a terceros que brindan productos y servicios relacionados con nuestro negocio que mejoran nuestra cartera de ofertas para ayudarnos a brindarle un mejor servicio. Estos pueden incluir, pero no limitar, respecto a las obras de arte de artistas publicados en la plataforma de MULTIPLO.<\/p>\n<p><strong>Con los sucesores de todo o parte de nuestro negocio<\/strong>. Por ejemplo, si MULTIPLO se fusiona, adquiere o es adquirido por otra entidad comercial. Esto puede incluir una venta de activos, reorganizaci\u00f3n corporativa u otro cambio de control. Tenga en cuenta que si MULTIPLO o cualquiera de sus subsidiarias es vendido o adquirido por un tercero, todos los activos de datos de MULTIPLO pasar\u00e1n a ser propiedad de la parte adquirente. Dicha parte estar\u00e1 sujeta a cualquier consentimiento, exclusi\u00f3n voluntaria u otras condiciones del cliente sobre los datos. Un cambio en la propiedad de los datos puede incluir o no un aviso en los sitios principales en l\u00ednea de MULTIPLO o en los sitios subsidiarios afectados.<\/p>\n<p><strong>Para cumplir con la ley o para protegerse<\/strong>. Por ejemplo, esto podr\u00eda incluir responder a una orden judicial o citaci\u00f3n. Tambi\u00e9n podr\u00eda incluir compartir informaci\u00f3n si lo solicita una agencia gubernamental o un organismo de investigaci\u00f3n. Podemos compartir informaci\u00f3n cuando estemos investigando un posible fraude. Esto podr\u00eda incluir fraude que creemos que ha ocurrido durante un sorteo o promoci\u00f3n. Tambi\u00e9n podemos compartir informaci\u00f3n si es el ganador de un sorteo u otro concurso con cualquiera que solicite una lista de ganadores.<\/p>\n<p><strong>\u00bfCu\u00e1nto tiempo conservamos sus datos?<\/strong><\/p>\n<p>Si deja un comentario, el comentario y sus metadatos se conservan indefinidamente. Esto es para que podamos reconocer y aprobar cualquier comentario de seguimiento autom\u00e1ticamente en lugar de mantenerlos en una cola de moderaci\u00f3n.<\/p>\n<p>Para los usuarios que se registran en nuestro sitio web (si corresponde), tambi\u00e9n almacenamos la informaci\u00f3n personal que proporcionan en su perfil de usuario. Todos los usuarios pueden ver, editar o eliminar su informaci\u00f3n personal en cualquier momento (excepto que no pueden cambiar su nombre de usuario). Los administradores del sitio web tambi\u00e9n pueden ver y editar esa informaci\u00f3n.<\/p>\n<p><strong>\u00bfQu\u00e9 derechos tienes sobre tus datos?<\/strong><\/p>\n<p>Si tiene una cuenta en este sitio web o ha dejado comentarios, puede solicitar recibir un archivo exportado de los datos personales que tenemos sobre usted, incluidos los datos que nos haya proporcionado. Tambi\u00e9n puede solicitar que borremos cualquier dato personal que tengamos sobre usted. Esto no incluye ning\u00fan dato que estemos obligados a conservar con fines administrativos, legales o de seguridad.<\/p>\n<p><strong>\u00bf<\/strong><strong>D\u00f3nde enviamos sus datos<\/strong><strong>?<\/strong><\/p>\n<p>Los comentarios de los visitantes se pueden verificar a trav\u00e9s de un servicio autom\u00e1tico de detecci\u00f3n de spam.<\/p>\n","protected":false},"excerpt":{"rendered":"<p>\u00bfQui\u00e9nes somos? Nuestro sitio web es: https:\/\/www.multiploeditions.com. \u00bfQu\u00e9 datos personales recopilamos y por qu\u00e9 los recopilamos? Comentarios Cuando los visitantes dejan comentarios en el Sitio web, recopilamos los datos que se muestran en el formulario de comentarios, y tambi\u00e9n la direcci\u00f3n IP del visitante y la cadena del agente de usuario del navegador para ayudar [&hellip;]<\/p>\n","protected":false},"author":1,"featured_media":0,"parent":0,"menu_order":0,"comment_status":"closed","ping_status":"closed","template":"","meta":{"_acf_changed":false,"_glsr_average":0,"_glsr_ranking":0,"_glsr_reviews":0,"footnotes":""},"class_list":["post-1717","page","type-page","status-publish","hentry"],"acf":[],"yoast_head":"<!-- This site is optimized with the Yoast SEO plugin v27.3 - https:\/\/yoast.com\/product\/yoast-seo-wordpress\/ -->\n<title>Pol\u00edtica de Privacidad - Multiplo Editions<\/title>\n<meta name=\"robots\" content=\"index, follow, max-snippet:-1, max-image-preview:large, max-video-preview:-1\" \/>\n<link rel=\"canonical\" href=\"https:\/\/www.multiploeditions.com\/es\/politica-de-privacidad\/\" \/>\n<meta property=\"og:locale\" content=\"es_ES\" \/>\n<meta property=\"og:type\" content=\"article\" \/>\n<meta property=\"og:title\" content=\"Pol\u00edtica de Privacidad - Multiplo Editions\" \/>\n<meta property=\"og:description\" content=\"\u00bfQui\u00e9nes somos? Nuestro sitio web es: https:\/\/www.multiploeditions.com. \u00bfQu\u00e9 datos personales recopilamos y por qu\u00e9 los recopilamos? Comentarios Cuando los visitantes dejan comentarios en el Sitio web, recopilamos los datos que se muestran en el formulario de comentarios, y tambi\u00e9n la direcci\u00f3n IP del visitante y la cadena del agente de usuario del navegador para ayudar [&hellip;]\" \/>\n<meta property=\"og:url\" content=\"https:\/\/www.multiploeditions.com\/es\/politica-de-privacidad\/\" \/>\n<meta property=\"og:site_name\" content=\"Multiplo Editions\" \/>\n<meta property=\"article:modified_time\" content=\"2020-12-04T20:29:54+00:00\" \/>\n<meta name=\"twitter:card\" content=\"summary_large_image\" \/>\n<meta name=\"twitter:label1\" content=\"Tiempo de lectura\" \/>\n\t<meta name=\"twitter:data1\" content=\"5 minutos\" \/>\n<script type=\"application\/ld+json\" class=\"yoast-schema-graph\">{\"@context\":\"https:\\\/\\\/schema.org\",\"@graph\":[{\"@type\":\"WebPage\",\"@id\":\"https:\\\/\\\/www.multiploeditions.com\\\/es\\\/politica-de-privacidad\\\/\",\"url\":\"https:\\\/\\\/www.multiploeditions.com\\\/es\\\/politica-de-privacidad\\\/\",\"name\":\"Pol\u00edtica de Privacidad - Multiplo Editions\",\"isPartOf\":{\"@id\":\"https:\\\/\\\/www.multiploeditions.com\\\/es\\\/#website\"},\"datePublished\":\"2020-09-10T17:37:40+00:00\",\"dateModified\":\"2020-12-04T20:29:54+00:00\",\"breadcrumb\":{\"@id\":\"https:\\\/\\\/www.multiploeditions.com\\\/es\\\/politica-de-privacidad\\\/#breadcrumb\"},\"inLanguage\":\"es\",\"potentialAction\":[{\"@type\":\"ReadAction\",\"target\":[\"https:\\\/\\\/www.multiploeditions.com\\\/es\\\/politica-de-privacidad\\\/\"]}]},{\"@type\":\"BreadcrumbList\",\"@id\":\"https:\\\/\\\/www.multiploeditions.com\\\/es\\\/politica-de-privacidad\\\/#breadcrumb\",\"itemListElement\":[{\"@type\":\"ListItem\",\"position\":1,\"name\":\"Home\",\"item\":\"https:\\\/\\\/www.multiploeditions.com\\\/es\\\/\"},{\"@type\":\"ListItem\",\"position\":2,\"name\":\"Pol\u00edtica de Privacidad\"}]},{\"@type\":\"WebSite\",\"@id\":\"https:\\\/\\\/www.multiploeditions.com\\\/es\\\/#website\",\"url\":\"https:\\\/\\\/www.multiploeditions.com\\\/es\\\/\",\"name\":\"Multiplo\",\"description\":\"Art can change lives\",\"publisher\":{\"@id\":\"https:\\\/\\\/www.multiploeditions.com\\\/es\\\/#organization\"},\"potentialAction\":[{\"@type\":\"SearchAction\",\"target\":{\"@type\":\"EntryPoint\",\"urlTemplate\":\"https:\\\/\\\/www.multiploeditions.com\\\/es\\\/?s={search_term_string}\"},\"query-input\":{\"@type\":\"PropertyValueSpecification\",\"valueRequired\":true,\"valueName\":\"search_term_string\"}}],\"inLanguage\":\"es\"},{\"@type\":\"Organization\",\"@id\":\"https:\\\/\\\/www.multiploeditions.com\\\/es\\\/#organization\",\"name\":\"Multiplo\",\"url\":\"https:\\\/\\\/www.multiploeditions.com\\\/es\\\/\",\"logo\":{\"@type\":\"ImageObject\",\"inLanguage\":\"es\",\"@id\":\"https:\\\/\\\/www.multiploeditions.com\\\/es\\\/#\\\/schema\\\/logo\\\/image\\\/\",\"url\":\"https:\\\/\\\/www.multiploeditions.com\\\/wp-content\\\/uploads\\\/2020\\\/11\\\/apple-touch-icon.png\",\"contentUrl\":\"https:\\\/\\\/www.multiploeditions.com\\\/wp-content\\\/uploads\\\/2020\\\/11\\\/apple-touch-icon.png\",\"width\":1024,\"height\":1024,\"caption\":\"Multiplo\"},\"image\":{\"@id\":\"https:\\\/\\\/www.multiploeditions.com\\\/es\\\/#\\\/schema\\\/logo\\\/image\\\/\"},\"sameAs\":[\"http:\\\/\\\/instagram.com\\\/multi_plo\"]}]}<\/script>\n<!-- \/ Yoast SEO plugin. -->","yoast_head_json":{"title":"Pol\u00edtica de Privacidad - Multiplo Editions","robots":{"index":"index","follow":"follow","max-snippet":"max-snippet:-1","max-image-preview":"max-image-preview:large","max-video-preview":"max-video-preview:-1"},"canonical":"https:\/\/www.multiploeditions.com\/es\/politica-de-privacidad\/","og_locale":"es_ES","og_type":"article","og_title":"Pol\u00edtica de Privacidad - Multiplo Editions","og_description":"\u00bfQui\u00e9nes somos? Nuestro sitio web es: https:\/\/www.multiploeditions.com. \u00bfQu\u00e9 datos personales recopilamos y por qu\u00e9 los recopilamos? Comentarios Cuando los visitantes dejan comentarios en el Sitio web, recopilamos los datos que se muestran en el formulario de comentarios, y tambi\u00e9n la direcci\u00f3n IP del visitante y la cadena del agente de usuario del navegador para ayudar [&hellip;]","og_url":"https:\/\/www.multiploeditions.com\/es\/politica-de-privacidad\/","og_site_name":"Multiplo Editions","article_modified_time":"2020-12-04T20:29:54+00:00","twitter_card":"summary_large_image","twitter_misc":{"Tiempo de lectura":"5 minutos"},"schema":{"@context":"https:\/\/schema.org","@graph":[{"@type":"WebPage","@id":"https:\/\/www.multiploeditions.com\/es\/politica-de-privacidad\/","url":"https:\/\/www.multiploeditions.com\/es\/politica-de-privacidad\/","name":"Pol\u00edtica de Privacidad - Multiplo Editions","isPartOf":{"@id":"https:\/\/www.multiploeditions.com\/es\/#website"},"datePublished":"2020-09-10T17:37:40+00:00","dateModified":"2020-12-04T20:29:54+00:00","breadcrumb":{"@id":"https:\/\/www.multiploeditions.com\/es\/politica-de-privacidad\/#breadcrumb"},"inLanguage":"es","potentialAction":[{"@type":"ReadAction","target":["https:\/\/www.multiploeditions.com\/es\/politica-de-privacidad\/"]}]},{"@type":"BreadcrumbList","@id":"https:\/\/www.multiploeditions.com\/es\/politica-de-privacidad\/#breadcrumb","itemListElement":[{"@type":"ListItem","position":1,"name":"Home","item":"https:\/\/www.multiploeditions.com\/es\/"},{"@type":"ListItem","position":2,"name":"Pol\u00edtica de Privacidad"}]},{"@type":"WebSite","@id":"https:\/\/www.multiploeditions.com\/es\/#website","url":"https:\/\/www.multiploeditions.com\/es\/","name":"Multiplo","description":"Art can change lives","publisher":{"@id":"https:\/\/www.multiploeditions.com\/es\/#organization"},"potentialAction":[{"@type":"SearchAction","target":{"@type":"EntryPoint","urlTemplate":"https:\/\/www.multiploeditions.com\/es\/?s={search_term_string}"},"query-input":{"@type":"PropertyValueSpecification","valueRequired":true,"valueName":"search_term_string"}}],"inLanguage":"es"},{"@type":"Organization","@id":"https:\/\/www.multiploeditions.com\/es\/#organization","name":"Multiplo","url":"https:\/\/www.multiploeditions.com\/es\/","logo":{"@type":"ImageObject","inLanguage":"es","@id":"https:\/\/www.multiploeditions.com\/es\/#\/schema\/logo\/image\/","url":"https:\/\/www.multiploeditions.com\/wp-content\/uploads\/2020\/11\/apple-touch-icon.png","contentUrl":"https:\/\/www.multiploeditions.com\/wp-content\/uploads\/2020\/11\/apple-touch-icon.png","width":1024,"height":1024,"caption":"Multiplo"},"image":{"@id":"https:\/\/www.multiploeditions.com\/es\/#\/schema\/logo\/image\/"},"sameAs":["http:\/\/instagram.com\/multi_plo"]}]}},"_links":{"self":[{"href":"https:\/\/www.multiploeditions.com\/es\/wp-json\/wp\/v2\/pages\/1717","targetHints":{"allow":["GET"]}}],"collection":[{"href":"https:\/\/www.multiploeditions.com\/es\/wp-json\/wp\/v2\/pages"}],"about":[{"href":"https:\/\/www.multiploeditions.com\/es\/wp-json\/wp\/v2\/types\/page"}],"author":[{"embeddable":true,"href":"https:\/\/www.multiploeditions.com\/es\/wp-json\/wp\/v2\/users\/1"}],"replies":[{"embeddable":true,"href":"https:\/\/www.multiploeditions.com\/es\/wp-json\/wp\/v2\/comments?post=1717"}],"version-history":[{"count":4,"href":"https:\/\/www.multiploeditions.com\/es\/wp-json\/wp\/v2\/pages\/1717\/revisions"}],"predecessor-version":[{"id":1770,"href":"https:\/\/www.multiploeditions.com\/es\/wp-json\/wp\/v2\/pages\/1717\/revisions\/1770"}],"wp:attachment":[{"href":"https:\/\/www.multiploeditions.com\/es\/wp-json\/wp\/v2\/media?parent=1717"}],"curies":[{"name":"wp","href":"https:\/\/api.w.org\/{rel}","templated":true}]}}