{"id":3401,"date":"2022-05-23T16:13:24","date_gmt":"2022-05-23T21:13:24","guid":{"rendered":"https:\/\/www.multiploeditions.com\/?page_id=3401"},"modified":"2022-05-23T16:13:24","modified_gmt":"2022-05-23T21:13:24","slug":"reina-y-su-reino-tania-marmolejo","status":"publish","type":"page","link":"https:\/\/www.multiploeditions.com\/es\/artistas\/tania-marmolejo\/reina-y-su-reino-tania-marmolejo\/","title":{"rendered":"Reina y su Reino: Tania Marmolejo"},"content":{"rendered":"<p>[vc_row css=&#8221;.vc_custom_1600205290427{padding-top: 5% !important;padding-bottom: 5% !important;}&#8221;][vc_column width=&#8221;1\/2&#8243;][vc_column_text]<\/p>\n<h2><b>Reina y su Reino: <\/b><span style=\"color: #ee4070;\">Tania Marmolejo<\/span><\/h2>\n<p>[\/vc_column_text][vc_empty_space height=&#8221;20px&#8221;][vc_column_text]<span style=\"font-weight: 400;\">por Maylin P\u00e9rez<\/span>[\/vc_column_text][vc_empty_space][vc_column_text]<\/p>\n<h5><span style=\"font-weight: bold; color: #000000; font-size: 18px;\">En 1887 la escritora dominicana Salom\u00e9 Ure\u00f1a recit\u00f3 el poema \u201cMi ofrenda a la Patria\u201d, del cual destaco el siguiente fragmento: <\/span><\/h5>\n<p>&nbsp;<\/p>\n<h5 style=\"text-align: left;\"><span style=\"font-weight: bold; color: #000000; font-size: 18px;\"><em>Y si progreso y paz e independencia<\/em><br \/>\n<em>mostrar al orbe tu ambici\u00f3n ans\u00eda,<\/em><br \/>\n<em>fuerte, como escudada en su conciencia,<\/em><br \/>\n<em>de sus propios destinos soberana,<\/em><br \/>\n<em>para ser del hogar lumbrera y gu\u00eda<\/em><br \/>\n<em>formemos la mujer dominicana.<\/em><\/span><\/h5>\n<p>&nbsp;<\/p>\n<h5><span style=\"font-weight: bold; color: #000000; font-size: 18px;\">Viniendo de una familia multicultural: \u00bfC\u00f3mo fueron tus inicios como mujer artista en tu pa\u00eds de origen?<br \/>\n<\/span><\/h5>\n<p>[\/vc_column_text][vc_custom_heading text=&#8221;&#8221; font_container=&#8221;tag:h5|font_size:18px|text_align:left|color:%23000000&#8243; google_fonts=&#8221;font_family:Montserrat%3Aregular%2C700|font_style:700%20bold%20regular%3A700%3Anormal&#8221; css=&#8221;.vc_custom_1650486572802{padding-bottom: 30px !important;}&#8221;][vc_column_text]<span style=\"font-weight: 400;\">\u00a1B\u00e1sicamente nac\u00ed sosteniendo un l\u00e1piz! Dibujaba desde muy temprana edad y cont\u00e9 con el apoyo de mis padres cuando se dieron cuenta de que ser\u00eda una obsesi\u00f3n para toda la vida. Mis abuelas, suecas y dominicanas, eran art\u00edsticas, por lo que el arte estaba en la familia.<\/span>[\/vc_column_text][vc_empty_space][vc_custom_heading text=&#8221;Luego de estudiar, a finales de los 90, en Altos de Chav\u00f3n, conocida como la \u201cCiudad de los Artistas\u201d obtuviste la beca Bluhdorn y continuaste estudios en Bellas Artes e Ilustraci\u00f3n en Parsons The New School for Design, New York. \u00bfSi lo comparas con tu etapa anterior, cu\u00e1les son las diferencias que experimentaste entre Chav\u00f3n y Parsons?&#8221; font_container=&#8221;tag:h5|font_size:18px|text_align:left|color:%23000000&#8243; google_fonts=&#8221;font_family:Montserrat%3Aregular%2C700|font_style:700%20bold%20regular%3A700%3Anormal&#8221; css=&#8221;.vc_custom_1650486603898{padding-bottom: 30px !important;}&#8221;][vc_column_text]<span style=\"font-weight: 400;\">Chav\u00f3n fue el lugar que me ense\u00f1\u00f3 a perfeccionar mi arte, a entender c\u00f3mo producir mejor lo que hab\u00eda aprendido como artista autodidacta. Fueron los 2 a\u00f1os m\u00e1s intensos de mi vida, donde viv\u00ed y respir\u00e9 arte. Parsons era m\u00e1s un lugar para hacer contactos y comprender c\u00f3mo funcionaba el mundo comercial creativo.<\/span>[\/vc_column_text][\/vc_column][vc_column width=&#8221;1\/2&#8243; css=&#8221;.vc_custom_1600204908886{padding-top: 5% !important;padding-bottom: 5% !important;}&#8221;][vc_single_image image=&#8221;3406&#8243; img_size=&#8221;full&#8221;][\/vc_column][\/vc_row][vc_row full_width=&#8221;stretch_row&#8221; css=&#8221;.vc_custom_1600205368088{padding-top: 5% !important;padding-bottom: 5% !important;background-color: #000000 !important;}&#8221;][vc_column width=&#8221;1\/6&#8243;][\/vc_column][vc_column width=&#8221;2\/3&#8243;][vc_custom_heading text=&#8221;&#8220;No siempre pint\u00e9 en gran formato. El cambio ocurri\u00f3 cuando me dijeron que mi arte era &#8220;demasiado femenino&#8220; y que tal vez necesitaba cambiarlo. As\u00ed que lo hice. Explot\u00e9 las caras y las hice enormes como protesta.&#8220;&#8221; font_container=&#8221;tag:h3|font_size:40px|text_align:center|color:%23ffffff&#8221; google_fonts=&#8221;font_family:PT%20Serif%3Aregular%2Citalic%2C700%2C700italic|font_style:400%20italic%3A400%3Aitalic&#8221;][\/vc_column][vc_column width=&#8221;1\/6&#8243;][\/vc_column][\/vc_row][vc_row css=&#8221;.vc_custom_1600205744910{padding-top: 5% !important;padding-bottom: 5% !important;}&#8221;][vc_column width=&#8221;1\/2&#8243;][vc_empty_space height=&#8221;45px&#8221;][vc_hoverbox image=&#8221;3541&#8243; primary_title=&#8221;&#8221; primary_title_google_fonts=&#8221;font_family:Montserrat%3Aregular%2C700|font_style:700%20bold%20regular%3A700%3Anormal&#8221; hover_title=&#8221;Reina y su Reino&#8221; hover_title_font_container=&#8221;font_size:24px|color:%23ffffff&#8221; hover_title_google_fonts=&#8221;font_family:Montserrat%3Aregular%2C700|font_style:700%20bold%20regular%3A700%3Anormal&#8221; shape=&#8221;square&#8221; hover_background_color=&#8221;custom&#8221; hover_btn_title=&#8221;COMPRAR&#8221; hover_btn_style=&#8221;flat&#8221; hover_btn_shape=&#8221;square&#8221; hover_btn_color=&#8221;white&#8221; hover_btn_align=&#8221;center&#8221; use_custom_fonts_primary_title=&#8221;true&#8221; use_custom_fonts_hover_title=&#8221;true&#8221; hover_add_button=&#8221;true&#8221; hover_custom_background=&#8221;rgba(238,64,112,0.85)&#8221; hover_btn_link=&#8221;url:https%3A%2F%2Fwww.multiploeditions.com%2Fes%2F%3Fpost_type%3Dproduct%26p%3D3409&#8243; el_class=&#8221;hoverAW&#8221;]33 x 34 in (83.8 x 86.3 cm)<\/p>\n<p>Fine art archival giclee print on archival cold<br \/>\npress cotton rag 300gsm<\/p>\n<p>Cada serigraf\u00eda es intervenida por el artista<br \/>\nhaciendo cada copia \u00fanica.<\/p>\n<p><strong>Edici\u00f3n de 35<\/strong>[\/vc_hoverbox][\/vc_column][vc_column width=&#8221;1\/2&#8243; css=&#8221;.vc_custom_1600282448366{padding-top: 15% !important;}&#8221;][vc_custom_heading text=&#8221;Tu formaci\u00f3n es multidisciplinaria y desde sus inicios incursionaste tambi\u00e9n en el dise\u00f1o. \u00bfCu\u00e1ndo y c\u00f3mo fue la transici\u00f3n hacia la pintura?&#8221; font_container=&#8221;tag:h5|font_size:18px|text_align:left|color:%23000000&#8243; google_fonts=&#8221;font_family:Montserrat%3Aregular%2C700|font_style:700%20bold%20regular%3A700%3Anormal&#8221; css=&#8221;.vc_custom_1650486989325{padding-bottom: 30px !important;}&#8221;][vc_column_text]<span style=\"font-weight: 400;\">Siempre pint\u00e9, pero tambi\u00e9n siempre am\u00e9 la ilustraci\u00f3n y el dise\u00f1o gr\u00e1fico. En realidad, todo dentro del dise\u00f1o: arquitectura, interiores, moda. Entonces, sent\u00ed que quer\u00eda incursionar en todo y descubr\u00ed que me encantaba dise\u00f1ar estampados y textiles. Trabaj\u00e9 durante varios a\u00f1os como dise\u00f1adora de estampados. Luego me di cuenta de que lo que m\u00e1s quer\u00eda hacer era seguir pintando y exhibiendo, ten\u00eda que tomar una decisi\u00f3n en lugar de intentar hacerlo todo dividiendo mi tiempo. Una vez que me dediqu\u00e9 completamente a pintar, las cosas realmente empezaron a funcionar para m\u00ed.<\/span>[\/vc_column_text][\/vc_column][\/vc_row][vc_row full_width=&#8221;stretch_row&#8221; css=&#8221;.vc_custom_1600283110369{padding-top: 5% !important;background-color: #f4f4f4 !important;}&#8221;][vc_column width=&#8221;1\/6&#8243;][\/vc_column][vc_column width=&#8221;2\/3&#8243;][vc_empty_space][vc_custom_heading text=&#8221;La mayor\u00eda de tus obras son conocidas por los retratos femeninos con una identidad propia estremecedora y ojos expresivos. \u00bfTienes alg\u00fan motivo especial por el que trabajas el gran formato y cu\u00e1l es el reto al que se enfrentan tus \u201cpersonajes\u201d?&#8221; font_container=&#8221;tag:h5|font_size:18px|text_align:left|color:%23000000&#8243; google_fonts=&#8221;font_family:Montserrat%3Aregular%2C700|font_style:700%20bold%20regular%3A700%3Anormal&#8221; css=&#8221;.vc_custom_1650487010153{padding-bottom: 30px !important;}&#8221;][vc_column_text]<span style=\"font-weight: 400;\">No siempre pint\u00e9 en gran formato. El cambio ocurri\u00f3 cuando me dijeron que mi arte era &#8220;demasiado femenino&#8221; y que tal vez necesitaba cambiarlo. As\u00ed que lo hice. Explot\u00e9 las caras y las hice enormes como protesta. Poco sab\u00eda que de repente llamar\u00edan la atenci\u00f3n de todos. El desaf\u00edo al que me enfrento es mantener las expresiones ambiguas e interesantes. No me interesan las caras &#8220;bonitas&#8221;, me gustar\u00eda que fueran un poco extra\u00f1as e inquietantes.<\/span>[\/vc_column_text][vc_separator color=&#8221;custom&#8221; css=&#8221;.vc_custom_1601566402107{padding-top: 40px !important;padding-bottom: 40px !important;}&#8221; accent_color=&#8221;#ee4070&#8243;][vc_empty_space][vc_custom_heading text=&#8221;El proceso: \u00bfC\u00f3mo describir\u00edas un d\u00eda de trabajo en tu estudio?&#8221; font_container=&#8221;tag:h5|font_size:18px|text_align:left|color:%23000000&#8243; google_fonts=&#8221;font_family:Montserrat%3Aregular%2C700|font_style:700%20bold%20regular%3A700%3Anormal&#8221; css=&#8221;.vc_custom_1650487104457{padding-bottom: 30px !important;}&#8221;][vc_column_text]<span style=\"font-weight: 400;\">Soy muy disciplinada, as\u00ed que comienzo a pintar alrededor de las 8 o 9 am. Ya sea iniciando una pintura nueva o terminando una antigua, siempre estoy creando y experimentando.<\/span>[\/vc_column_text][\/vc_column][vc_column width=&#8221;1\/6&#8243;][\/vc_column][\/vc_row][vc_row full_width=&#8221;stretch_row&#8221; css=&#8221;.vc_custom_1600283190266{padding-bottom: 5% !important;background-color: #f4f4f4 !important;}&#8221;][vc_column width=&#8221;1\/6&#8243;][\/vc_column][vc_column width=&#8221;2\/3&#8243;][vc_empty_space][vc_custom_heading text=&#8221;Anteriormente mencionaba que provienes de una familia multicultural al ser hija de madre sueca, padre dominicano y residir desde hace varios a\u00f1os en Nueva York. \u00bfC\u00f3mo influye esto en tu obra al tener una visi\u00f3n expandida de la humanidad?&#8221; font_container=&#8221;tag:h5|font_size:18px|text_align:left|color:%23000000&#8243; google_fonts=&#8221;font_family:Montserrat%3Aregular%2C700|font_style:700%20bold%20regular%3A700%3Anormal&#8221; css=&#8221;.vc_custom_1650487172548{padding-bottom: 30px !important;}&#8221;][vc_column_text]<span style=\"font-weight: 400;\">Influye en mi trabajo porque no hay un &#8220;color correcto&#8221;, no hay &#8220;tono de piel correcto&#8221;, no hay &#8220;caracter\u00edsticas correctas&#8221;. Soy de mente muy abierta y amo a la humanidad en su conjunto, son sus diferencias las que amo. Me gusta &#8220;mezclar&#8221; funciones y caracter\u00edsticas y crear mis propios personajes que no parecen pertenecer a ning\u00fan &#8220;tipo&#8221; en particular.<\/span>[\/vc_column_text][\/vc_column][vc_column width=&#8221;1\/6&#8243;][\/vc_column][\/vc_row][vc_row full_width=&#8221;stretch_row&#8221; css=&#8221;.vc_custom_1601566497279{padding-top: 7% !important;padding-bottom: 7% !important;background-color: #ffffff !important;}&#8221;][vc_column width=&#8221;1\/2&#8243;][vc_empty_space][vc_custom_heading text=&#8221;Durante la crisis prolongada por el Coronavirus, el arte ha demostrado su importancia en la sociedad actual y ha habido un despertar por coleccionar m\u00e1s obras emergentes. \u00bfCrees que las mujeres artistas han ganado m\u00e1s visibilidad?&#8221; font_container=&#8221;tag:h5|font_size:18px|text_align:left|color:%23000000&#8243; google_fonts=&#8221;font_family:Montserrat%3Aregular%2C700|font_style:700%20bold%20regular%3A700%3Anormal&#8221; css=&#8221;.vc_custom_1650487272524{padding-bottom: 30px !important;}&#8221;][vc_column_text]<span style=\"font-weight: 400;\">S\u00ed lo creo y soy una prueba viviente de ello. Nunca hab\u00eda visto tantas exposiciones que presentaran a mujeres artistas como durante y despu\u00e9s de la pandemia, y nunca me hab\u00edan invitado a exhibir en tantas galer\u00edas. Ha habido un despertar. La gente quiere ver honestidad, variedad, novedad y nuevos puntos de vista.<\/span>[\/vc_column_text][vc_empty_space][vc_custom_heading text=&#8221;Con m\u00e1s de 20 mil seguidores en Instagram muchas personas acceden a tu obra con motivos diversos. \u00bfConsideras que las redes sociales son una buena v\u00eda tambi\u00e9n para promover artistas?&#8221; font_container=&#8221;tag:h5|font_size:18px|text_align:left|color:%23000000&#8243; google_fonts=&#8221;font_family:Montserrat%3Aregular%2C700|font_style:700%20bold%20regular%3A700%3Anormal&#8221; css=&#8221;.vc_custom_1650487330955{padding-bottom: 30px !important;}&#8221;][vc_column_text]<span style=\"font-weight: 400;\">Me encanta Instagram. Ha sido muy bueno para m\u00ed y para mi carrera como artista. Para los artistas, la visibilidad es muy importante y las redes sociales lo son. Estoy agradecida.<\/span>[\/vc_column_text][vc_empty_space][vc_custom_heading text=&#8221;Has sido invitada a colaborar con Multiplo en el lanzamiento de una exclusiva serigraf\u00eda de la obra \u201cReina y su reino\u201d, 2021. \u00bfCu\u00e1les son tus expectativas con este nuevo proyecto?&#8221; font_container=&#8221;tag:h5|font_size:18px|text_align:left|color:%23000000&#8243; google_fonts=&#8221;font_family:Montserrat%3Aregular%2C700|font_style:700%20bold%20regular%3A700%3Anormal&#8221; css=&#8221;.vc_custom_1650487417286{padding-bottom: 30px !important;}&#8221;][vc_column_text]<span style=\"font-weight: 400;\">Estoy muy emocionada de mostrar mi trabajo a una audiencia que tal vez a\u00fan no est\u00e1 familiarizada con el mismo. El precio diferente de una obra \/ regalo impreso es una excelente manera de incentivar el inter\u00e9s de las personas en coleccionar, algo que de otra manera tal vez no podr\u00edan hacerlo. El arte debe ser democr\u00e1tico, es un cambio de vida tener arte a tu alrededor y esta es una gran oportunidad para tener esa experiencia como nuevo coleccionista. Tambi\u00e9n me encanta la idea de tener un proyecto en Am\u00e9rica Latina, pero que sea accesible para cualquier persona en todo el mundo.<\/span>[\/vc_column_text][\/vc_column][vc_column width=&#8221;1\/2&#8243;][vc_empty_space][vc_empty_space][vc_single_image image=&#8221;3441&#8243; img_size=&#8221;full&#8221;][\/vc_column][\/vc_row]<\/p>\n","protected":false},"excerpt":{"rendered":"<p>[vc_row css=&#8221;.vc_custom_1600205290427{padding-top: 5% !important;padding-bottom: 5% !important;}&#8221;][vc_column width=&#8221;1\/2&#8243;][vc_column_text] Reina y su Reino: Tania Marmolejo [\/vc_column_text][vc_empty_space height=&#8221;20px&#8221;][vc_column_text]por Maylin P\u00e9rez[\/vc_column_text][vc_empty_space][vc_column_text] En 1887 la escritora dominicana Salom\u00e9 Ure\u00f1a recit\u00f3 el poema \u201cMi ofrenda a la Patria\u201d, del cual destaco el siguiente fragmento: &nbsp; Y si progreso y paz e independencia mostrar al orbe tu ambici\u00f3n ans\u00eda, fuerte, como escudada [&hellip;]<\/p>\n","protected":false},"author":19,"featured_media":0,"parent":3420,"menu_order":0,"comment_status":"closed","ping_status":"closed","template":"template-page.php","meta":{"_acf_changed":false,"_glsr_average":0,"_glsr_ranking":0,"_glsr_reviews":0,"footnotes":""},"class_list":["post-3401","page","type-page","status-publish","hentry"],"acf":[],"yoast_head":"<!-- This site is optimized with the Yoast SEO plugin v27.3 - https:\/\/yoast.com\/product\/yoast-seo-wordpress\/ -->\n<title>Reina y su Reino: Tania Marmolejo - Multiplo Editions<\/title>\n<meta name=\"robots\" content=\"index, follow, max-snippet:-1, max-image-preview:large, max-video-preview:-1\" \/>\n<link rel=\"canonical\" href=\"https:\/\/www.multiploeditions.com\/es\/artistas\/tania-marmolejo\/reina-y-su-reino-tania-marmolejo\/\" \/>\n<meta property=\"og:locale\" content=\"es_ES\" \/>\n<meta property=\"og:type\" content=\"article\" \/>\n<meta property=\"og:title\" content=\"Reina y su Reino: Tania Marmolejo - Multiplo Editions\" \/>\n<meta property=\"og:description\" content=\"[vc_row css=&#8221;.vc_custom_1600205290427{padding-top: 5% !important;padding-bottom: 5% !important;}&#8221;][vc_column width=&#8221;1\/2&#8243;][vc_column_text] Reina y su Reino: Tania Marmolejo [\/vc_column_text][vc_empty_space height=&#8221;20px&#8221;][vc_column_text]por Maylin P\u00e9rez[\/vc_column_text][vc_empty_space][vc_column_text] En 1887 la escritora dominicana Salom\u00e9 Ure\u00f1a recit\u00f3 el poema \u201cMi ofrenda a la Patria\u201d, del cual destaco el siguiente fragmento: &nbsp; Y si progreso y paz e independencia mostrar al orbe tu ambici\u00f3n ans\u00eda, fuerte, como escudada [&hellip;]\" \/>\n<meta property=\"og:url\" content=\"https:\/\/www.multiploeditions.com\/es\/artistas\/tania-marmolejo\/reina-y-su-reino-tania-marmolejo\/\" \/>\n<meta property=\"og:site_name\" content=\"Multiplo Editions\" \/>\n<meta name=\"twitter:card\" content=\"summary_large_image\" \/>\n<meta name=\"twitter:label1\" content=\"Tiempo de lectura\" \/>\n\t<meta name=\"twitter:data1\" content=\"5 minutos\" \/>\n<script type=\"application\/ld+json\" class=\"yoast-schema-graph\">{\"@context\":\"https:\\\/\\\/schema.org\",\"@graph\":[{\"@type\":\"WebPage\",\"@id\":\"https:\\\/\\\/www.multiploeditions.com\\\/es\\\/artistas\\\/tania-marmolejo\\\/reina-y-su-reino-tania-marmolejo\\\/\",\"url\":\"https:\\\/\\\/www.multiploeditions.com\\\/es\\\/artistas\\\/tania-marmolejo\\\/reina-y-su-reino-tania-marmolejo\\\/\",\"name\":\"Reina y su Reino: Tania Marmolejo - Multiplo Editions\",\"isPartOf\":{\"@id\":\"https:\\\/\\\/www.multiploeditions.com\\\/es\\\/#website\"},\"datePublished\":\"2022-05-23T21:13:24+00:00\",\"breadcrumb\":{\"@id\":\"https:\\\/\\\/www.multiploeditions.com\\\/es\\\/artistas\\\/tania-marmolejo\\\/reina-y-su-reino-tania-marmolejo\\\/#breadcrumb\"},\"inLanguage\":\"es\",\"potentialAction\":[{\"@type\":\"ReadAction\",\"target\":[\"https:\\\/\\\/www.multiploeditions.com\\\/es\\\/artistas\\\/tania-marmolejo\\\/reina-y-su-reino-tania-marmolejo\\\/\"]}]},{\"@type\":\"BreadcrumbList\",\"@id\":\"https:\\\/\\\/www.multiploeditions.com\\\/es\\\/artistas\\\/tania-marmolejo\\\/reina-y-su-reino-tania-marmolejo\\\/#breadcrumb\",\"itemListElement\":[{\"@type\":\"ListItem\",\"position\":1,\"name\":\"Home\",\"item\":\"https:\\\/\\\/www.multiploeditions.com\\\/es\\\/\"},{\"@type\":\"ListItem\",\"position\":2,\"name\":\"Artistas\",\"item\":\"https:\\\/\\\/www.multiploeditions.com\\\/es\\\/artistas\\\/\"},{\"@type\":\"ListItem\",\"position\":3,\"name\":\"Tania Marmolejo\",\"item\":\"https:\\\/\\\/www.multiploeditions.com\\\/es\\\/artistas\\\/tania-marmolejo\\\/\"},{\"@type\":\"ListItem\",\"position\":4,\"name\":\"Reina y su Reino: Tania Marmolejo\"}]},{\"@type\":\"WebSite\",\"@id\":\"https:\\\/\\\/www.multiploeditions.com\\\/es\\\/#website\",\"url\":\"https:\\\/\\\/www.multiploeditions.com\\\/es\\\/\",\"name\":\"Multiplo\",\"description\":\"Art can change lives\",\"publisher\":{\"@id\":\"https:\\\/\\\/www.multiploeditions.com\\\/es\\\/#organization\"},\"potentialAction\":[{\"@type\":\"SearchAction\",\"target\":{\"@type\":\"EntryPoint\",\"urlTemplate\":\"https:\\\/\\\/www.multiploeditions.com\\\/es\\\/?s={search_term_string}\"},\"query-input\":{\"@type\":\"PropertyValueSpecification\",\"valueRequired\":true,\"valueName\":\"search_term_string\"}}],\"inLanguage\":\"es\"},{\"@type\":\"Organization\",\"@id\":\"https:\\\/\\\/www.multiploeditions.com\\\/es\\\/#organization\",\"name\":\"Multiplo\",\"url\":\"https:\\\/\\\/www.multiploeditions.com\\\/es\\\/\",\"logo\":{\"@type\":\"ImageObject\",\"inLanguage\":\"es\",\"@id\":\"https:\\\/\\\/www.multiploeditions.com\\\/es\\\/#\\\/schema\\\/logo\\\/image\\\/\",\"url\":\"https:\\\/\\\/www.multiploeditions.com\\\/wp-content\\\/uploads\\\/2020\\\/11\\\/apple-touch-icon.png\",\"contentUrl\":\"https:\\\/\\\/www.multiploeditions.com\\\/wp-content\\\/uploads\\\/2020\\\/11\\\/apple-touch-icon.png\",\"width\":1024,\"height\":1024,\"caption\":\"Multiplo\"},\"image\":{\"@id\":\"https:\\\/\\\/www.multiploeditions.com\\\/es\\\/#\\\/schema\\\/logo\\\/image\\\/\"},\"sameAs\":[\"http:\\\/\\\/instagram.com\\\/multi_plo\"]}]}<\/script>\n<!-- \/ Yoast SEO plugin. -->","yoast_head_json":{"title":"Reina y su Reino: Tania Marmolejo - Multiplo Editions","robots":{"index":"index","follow":"follow","max-snippet":"max-snippet:-1","max-image-preview":"max-image-preview:large","max-video-preview":"max-video-preview:-1"},"canonical":"https:\/\/www.multiploeditions.com\/es\/artistas\/tania-marmolejo\/reina-y-su-reino-tania-marmolejo\/","og_locale":"es_ES","og_type":"article","og_title":"Reina y su Reino: Tania Marmolejo - Multiplo Editions","og_description":"[vc_row css=&#8221;.vc_custom_1600205290427{padding-top: 5% !important;padding-bottom: 5% !important;}&#8221;][vc_column width=&#8221;1\/2&#8243;][vc_column_text] Reina y su Reino: Tania Marmolejo [\/vc_column_text][vc_empty_space height=&#8221;20px&#8221;][vc_column_text]por Maylin P\u00e9rez[\/vc_column_text][vc_empty_space][vc_column_text] En 1887 la escritora dominicana Salom\u00e9 Ure\u00f1a recit\u00f3 el poema \u201cMi ofrenda a la Patria\u201d, del cual destaco el siguiente fragmento: &nbsp; Y si progreso y paz e independencia mostrar al orbe tu ambici\u00f3n ans\u00eda, fuerte, como escudada [&hellip;]","og_url":"https:\/\/www.multiploeditions.com\/es\/artistas\/tania-marmolejo\/reina-y-su-reino-tania-marmolejo\/","og_site_name":"Multiplo Editions","twitter_card":"summary_large_image","twitter_misc":{"Tiempo de lectura":"5 minutos"},"schema":{"@context":"https:\/\/schema.org","@graph":[{"@type":"WebPage","@id":"https:\/\/www.multiploeditions.com\/es\/artistas\/tania-marmolejo\/reina-y-su-reino-tania-marmolejo\/","url":"https:\/\/www.multiploeditions.com\/es\/artistas\/tania-marmolejo\/reina-y-su-reino-tania-marmolejo\/","name":"Reina y su Reino: Tania Marmolejo - Multiplo Editions","isPartOf":{"@id":"https:\/\/www.multiploeditions.com\/es\/#website"},"datePublished":"2022-05-23T21:13:24+00:00","breadcrumb":{"@id":"https:\/\/www.multiploeditions.com\/es\/artistas\/tania-marmolejo\/reina-y-su-reino-tania-marmolejo\/#breadcrumb"},"inLanguage":"es","potentialAction":[{"@type":"ReadAction","target":["https:\/\/www.multiploeditions.com\/es\/artistas\/tania-marmolejo\/reina-y-su-reino-tania-marmolejo\/"]}]},{"@type":"BreadcrumbList","@id":"https:\/\/www.multiploeditions.com\/es\/artistas\/tania-marmolejo\/reina-y-su-reino-tania-marmolejo\/#breadcrumb","itemListElement":[{"@type":"ListItem","position":1,"name":"Home","item":"https:\/\/www.multiploeditions.com\/es\/"},{"@type":"ListItem","position":2,"name":"Artistas","item":"https:\/\/www.multiploeditions.com\/es\/artistas\/"},{"@type":"ListItem","position":3,"name":"Tania Marmolejo","item":"https:\/\/www.multiploeditions.com\/es\/artistas\/tania-marmolejo\/"},{"@type":"ListItem","position":4,"name":"Reina y su Reino: Tania Marmolejo"}]},{"@type":"WebSite","@id":"https:\/\/www.multiploeditions.com\/es\/#website","url":"https:\/\/www.multiploeditions.com\/es\/","name":"Multiplo","description":"Art can change lives","publisher":{"@id":"https:\/\/www.multiploeditions.com\/es\/#organization"},"potentialAction":[{"@type":"SearchAction","target":{"@type":"EntryPoint","urlTemplate":"https:\/\/www.multiploeditions.com\/es\/?s={search_term_string}"},"query-input":{"@type":"PropertyValueSpecification","valueRequired":true,"valueName":"search_term_string"}}],"inLanguage":"es"},{"@type":"Organization","@id":"https:\/\/www.multiploeditions.com\/es\/#organization","name":"Multiplo","url":"https:\/\/www.multiploeditions.com\/es\/","logo":{"@type":"ImageObject","inLanguage":"es","@id":"https:\/\/www.multiploeditions.com\/es\/#\/schema\/logo\/image\/","url":"https:\/\/www.multiploeditions.com\/wp-content\/uploads\/2020\/11\/apple-touch-icon.png","contentUrl":"https:\/\/www.multiploeditions.com\/wp-content\/uploads\/2020\/11\/apple-touch-icon.png","width":1024,"height":1024,"caption":"Multiplo"},"image":{"@id":"https:\/\/www.multiploeditions.com\/es\/#\/schema\/logo\/image\/"},"sameAs":["http:\/\/instagram.com\/multi_plo"]}]}},"_links":{"self":[{"href":"https:\/\/www.multiploeditions.com\/es\/wp-json\/wp\/v2\/pages\/3401","targetHints":{"allow":["GET"]}}],"collection":[{"href":"https:\/\/www.multiploeditions.com\/es\/wp-json\/wp\/v2\/pages"}],"about":[{"href":"https:\/\/www.multiploeditions.com\/es\/wp-json\/wp\/v2\/types\/page"}],"author":[{"embeddable":true,"href":"https:\/\/www.multiploeditions.com\/es\/wp-json\/wp\/v2\/users\/19"}],"replies":[{"embeddable":true,"href":"https:\/\/www.multiploeditions.com\/es\/wp-json\/wp\/v2\/comments?post=3401"}],"version-history":[{"count":8,"href":"https:\/\/www.multiploeditions.com\/es\/wp-json\/wp\/v2\/pages\/3401\/revisions"}],"predecessor-version":[{"id":3667,"href":"https:\/\/www.multiploeditions.com\/es\/wp-json\/wp\/v2\/pages\/3401\/revisions\/3667"}],"up":[{"embeddable":true,"href":"https:\/\/www.multiploeditions.com\/es\/wp-json\/wp\/v2\/pages\/3420"}],"wp:attachment":[{"href":"https:\/\/www.multiploeditions.com\/es\/wp-json\/wp\/v2\/media?parent=3401"}],"curies":[{"name":"wp","href":"https:\/\/api.w.org\/{rel}","templated":true}]}}