{"id":4028,"date":"2023-04-19T15:18:29","date_gmt":"2023-04-19T20:18:29","guid":{"rendered":"https:\/\/www.multiploeditions.com\/?page_id=4028"},"modified":"2023-04-24T17:34:01","modified_gmt":"2023-04-24T22:34:01","slug":"percepciones-de-mi-cuerpo-una-entrevista-con-eva-beresin","status":"publish","type":"page","link":"https:\/\/www.multiploeditions.com\/es\/artistas\/eva-beresin\/percepciones-de-mi-cuerpo-una-entrevista-con-eva-beresin\/","title":{"rendered":"Percepciones de mi cuerpo una entrevista con Eva Beresin"},"content":{"rendered":"<p>[vc_row css=&#8221;.vc_custom_1600205290427{padding-top: 5% !important;padding-bottom: 5% !important;}&#8221;][vc_column width=&#8221;1\/2&#8243;][vc_column_text]<\/p>\n<h2>Eva Beresin<span style=\"color: #ee4070;\">-Percepciones de mi cuerpo<br \/>\n<\/span><\/h2>\n<p>[\/vc_column_text][vc_empty_space height=&#8221;20px&#8221;][vc_column_text][\/vc_column_text][vc_empty_space][vc_custom_heading text=&#8221;Desde los inicios, tu vida ha estado rodeada de arte, influenciada por el coleccionismo de tu padre y los dibujos que realizabas los domingos en el famoso caf\u00e9 Gerbeaud en Budapest. \u00bfCu\u00e1l fue el primer tema que te inspir\u00f3 a pintar?&#8221; font_container=&#8221;tag:h5|font_size:18px|text_align:left|color:%23000000&#8243; google_fonts=&#8221;font_family:Montserrat%3Aregular%2C700|font_style:700%20bold%20regular%3A700%3Anormal&#8221; css=&#8221;.vc_custom_1681325939097{padding-bottom: 30px !important;}&#8221;][vc_column_text]<span style=\"font-weight: 400;\">Mi primer tema de inspiraci\u00f3n surgi\u00f3 al ver a mis padres sentados junto a sus amigos en la cafeter\u00eda, la mayor\u00eda de ellos tambi\u00e9n eran sobrevivientes del holocausto. Despu\u00e9s de la Segunda Guerra Mundial regresaron y vivieron en Budapest durante diez o quince a\u00f1os, comenzaron una nueva vida familiar y deseaban un mundo mejor. Me fascinaron los rostros de sus amigos, as\u00ed como las expresiones atormentadas de mujeres solitarias de edad avanzada y los personajes que cubr\u00edan el dolor bajo el maquillaje espeso y los labios rojos. Observar estas escenas realmente me impresion\u00f3 y decid\u00ed representarlas desde mi perspectiva infantil, un poco ingenua.<\/span>[\/vc_column_text][vc_empty_space][vc_custom_heading text=&#8221;Durante la etapa en la Escuela de Artes Visuales de Budapest, tuviste tu propio atelier y perfeccionaste la t\u00e9cnica de la composici\u00f3n. \u00bfC\u00f3mo describir\u00edas estos primeros a\u00f1os de estudio y evoluci\u00f3n?&#8221; font_container=&#8221;tag:h5|font_size:18px|text_align:left|color:%23000000&#8243; google_fonts=&#8221;font_family:Montserrat%3Aregular%2C700|font_style:700%20bold%20regular%3A700%3Anormal&#8221; css=&#8221;.vc_custom_1681325987061{padding-bottom: 30px !important;}&#8221;][vc_column_text]<span style=\"font-weight: 400;\">Lo mejor que me dio la escuela es el conocimiento b\u00e1sico de la historia del arte, la comprensi\u00f3n de la geometr\u00eda, las perspectivas, el dibujo de desnudos y el ejercicio frecuente de retratar humanos y animales. Aunque fue mi padre quien me ense\u00f1\u00f3 a ver y amar el arte, mucho antes de la escuela, hubo un maestro que recuerdo que fue una influencia adicional. Mi cuarto en casa tambi\u00e9n era mi estudio, la mesa estaba llena de l\u00e1pices y pinturas, y luego se convirti\u00f3 en mi caballete. Estaba en constante movimiento y experiment\u00e9 mucho durante ese tiempo.<\/span>[\/vc_column_text][\/vc_column][vc_column width=&#8221;1\/2&#8243; css=&#8221;.vc_custom_1600204908886{padding-top: 5% !important;padding-bottom: 5% !important;}&#8221;][vc_single_image image=&#8221;4038&#8243; img_size=&#8221;full&#8221;][\/vc_column][\/vc_row][vc_row full_width=&#8221;stretch_row&#8221; css=&#8221;.vc_custom_1600205368088{padding-top: 5% !important;padding-bottom: 5% !important;background-color: #000000 !important;}&#8221;][vc_column width=&#8221;1\/6&#8243;][\/vc_column][vc_column width=&#8221;2\/3&#8243;][vc_custom_heading text=&#8221;Me di cuenta de cu\u00e1nto influy\u00f3 mi historia familiar en mi vida. Ser consciente de d\u00f3nde vienes te da una base s\u00f3lida para entender y contar tu historia.&#8221; font_container=&#8221;tag:h3|font_size:40px|text_align:center|color:%23ffffff&#8221; google_fonts=&#8221;font_family:PT%20Serif%3Aregular%2Citalic%2C700%2C700italic|font_style:400%20italic%3A400%3Aitalic&#8221;][\/vc_column][vc_column width=&#8221;1\/6&#8243;][\/vc_column][\/vc_row][vc_row css=&#8221;.vc_custom_1600205744910{padding-top: 5% !important;padding-bottom: 5% !important;}&#8221;][vc_column width=&#8221;1\/2&#8243;][vc_empty_space height=&#8221;45px&#8221;][vc_hoverbox image=&#8221;4130&#8243; primary_title=&#8221;&#8221; primary_title_google_fonts=&#8221;font_family:Montserrat%3Aregular%2C700|font_style:700%20bold%20regular%3A700%3Anormal&#8221; hover_title=&#8221;Fear of Deep Conversations&#8221; hover_title_font_container=&#8221;font_size:24px|color:%23ffffff&#8221; hover_title_google_fonts=&#8221;font_family:Montserrat%3Aregular%2C700&#8243; shape=&#8221;square&#8221; hover_background_color=&#8221;custom&#8221; hover_btn_title=&#8221;COMPRAR&#8221; hover_btn_style=&#8221;flat&#8221; hover_btn_shape=&#8221;square&#8221; hover_btn_color=&#8221;white&#8221; hover_btn_align=&#8221;center&#8221; use_custom_fonts_primary_title=&#8221;true&#8221; use_custom_fonts_hover_title=&#8221;true&#8221; hover_add_button=&#8221;true&#8221; hover_custom_background=&#8221;rgba(238,64,112,0.85)&#8221; hover_btn_link=&#8221;url:https%3A%2F%2Fwww.multiploeditions.com%2Fes%2Fproducto%2Ffear-of-deep-conversations%2F|title:Legos%20%26%20Secrets&#8221; el_class=&#8221;hoverAW&#8221;]Serigraf\u00eda, 33.8 x 29.9 in (86 x 76 cm)<br \/>\nProducida sobre Somerset Satin 300g[\/vc_hoverbox][\/vc_column][vc_column width=&#8221;1\/2&#8243; css=&#8221;.vc_custom_1600282448366{padding-top: 15% !important;}&#8221;][vc_custom_heading text=&#8221;En la d\u00e9cada del 70, todav\u00eda prevalec\u00eda la ideolog\u00eda y est\u00e9tica del realismo socialista como un m\u00e9todo de creaci\u00f3n oficial dentro de la ense\u00f1anza art\u00edstica de los pa\u00edses de Europa de Este. \u00bfEsta situaci\u00f3n pol\u00edtico-social condicion\u00f3 tu obra en estas primeras d\u00e9cadas?&#8221; font_container=&#8221;tag:h5|font_size:18px|text_align:left|color:%23000000&#8243; google_fonts=&#8221;font_family:Montserrat%3Aregular%2C700|font_style:700%20bold%20regular%3A700%3Anormal&#8221; css=&#8221;.vc_custom_1681326112195{padding-bottom: 30px !important;}&#8221;][vc_column_text]<span style=\"font-weight: 400;\">Los artistas establecidos estaban completamente condicionados por el sistema y la est\u00e9tica del realismo socialista. De ni\u00f1a y luego de joven estudiante, tuve la oportunidad de experimentar dentro de un entorno \u201clibre\u201d, con la condici\u00f3n de que la obra no pudiera ser mostrada o compartida p\u00fablicamente.<\/span>[\/vc_column_text][vc_empty_space][vc_custom_heading text=&#8221;El mundo del arte posee diversos sistemas que contribuyen, o no, al desarrollo de la carrera de un artista y visibilidad de su obra. En tu caso, \u00bfc\u00f3mo atravesaste la puerta hacia el reconocimiento internacional y por qu\u00e9 crees que no sucedi\u00f3 un poco antes, por ejemplo, luego de graduarte?&#8221; font_container=&#8221;tag:h5|font_size:18px|text_align:left|color:%23000000&#8243; google_fonts=&#8221;font_family:Montserrat%3Aregular%2C700|font_style:700%20bold%20regular%3A700%3Anormal&#8221; css=&#8221;.vc_custom_1681326313583{padding-bottom: 30px !important;}&#8221;][vc_column_text]<span style=\"font-weight: 400;\">Termin\u00e9 la escuela de arte a los 19 a\u00f1os y poco despu\u00e9s me mud\u00e9 a Viena. Me tom\u00f3 un tiempo adaptarme al entorno antes de comenzar a pintar de nuevo. Esto siempre ha sido mi mayor pasi\u00f3n, pero nunca me atrev\u00ed a imaginar c\u00f3mo podr\u00eda vivir de mi trabajo como artista, y de alguna manera, lo logr\u00e9. Adem\u00e1s, nunca tuve suficiente confianza en m\u00ed misma para contactar a una galer\u00eda. Durante a\u00f1os estuve organizando mis propias exhibiciones en espacios particulares que alquilaba por cortos per\u00edodos de tiempo. No fue hasta el 2014 que Charim Galerie en Viena me pidi\u00f3 que hici\u00e9ramos un proyecto juntos. Durante ese tiempo, comenc\u00e9 a mostrar una peque\u00f1a selecci\u00f3n de mis trabajos en Instagram. Fue algo muy nuevo para m\u00ed y sent\u00ed especial el uso de esta forma de visibilidad: una plataforma donde puedes presentarte al mundo y te miran. As\u00ed fue como Kenny Schachter vio mi trabajo; su escritura y continuo inter\u00e9s abrieron la puerta al reconocimiento internacional y m\u00e1s all\u00e1.<\/span>[\/vc_column_text][\/vc_column][\/vc_row][vc_row full_width=&#8221;stretch_row&#8221; css=&#8221;.vc_custom_1600283110369{padding-top: 5% !important;background-color: #f4f4f4 !important;}&#8221;][vc_column width=&#8221;1\/6&#8243;][\/vc_column][vc_column width=&#8221;2\/3&#8243;][vc_custom_heading text=&#8221;En el 2015 realizaste una comprehensiva exhibici\u00f3n personal en la galer\u00eda Charim, en Viena, titulada My Mother\u00b4s Diary: Ninety-Eight Pages, basada en el diario de tu madre luego de su liberaci\u00f3n de Auschwitz. \u00bfTe consideras una int\u00e9rprete de la historia de tu familia? \u00bfFue el proceso de producci\u00f3n de este show una v\u00eda para conectar con el pasado y sanar?&#8221; font_container=&#8221;tag:h5|font_size:18px|text_align:left|color:%23000000&#8243; google_fonts=&#8221;font_family:Montserrat%3Aregular%2C700|font_style:700%20bold%20regular%3A700%3Anormal&#8221; css=&#8221;.vc_custom_1681326478073{padding-bottom: 30px !important;}&#8221;][vc_column_text]<span style=\"font-weight: 400;\">Creo que la traducci\u00f3n del diario de mi madre cambi\u00f3 todo. Durante la realizaci\u00f3n de este proyecto, me di cuenta de cu\u00e1nto mi vida estaba influenciada por la historia de mi familia y cu\u00e1n poco sab\u00eda de ella hasta ese momento. Todo lo que antes estaba reprimido qued\u00f3 claro de repente. Ser consciente de d\u00f3nde vienes te da una base s\u00f3lida para entender y contar tu historia.<\/span>[\/vc_column_text][vc_separator color=&#8221;custom&#8221; css=&#8221;.vc_custom_1601566402107{padding-top: 40px !important;padding-bottom: 40px !important;}&#8221; accent_color=&#8221;#ee4070&#8243;][\/vc_column][vc_column width=&#8221;1\/6&#8243;][\/vc_column][\/vc_row][vc_row full_width=&#8221;stretch_row&#8221; css=&#8221;.vc_custom_1600283190266{padding-bottom: 5% !important;background-color: #f4f4f4 !important;}&#8221;][vc_column width=&#8221;1\/6&#8243;][\/vc_column][vc_column width=&#8221;2\/3&#8243;][vc_custom_heading text=&#8221;A parte de la pintura, tambi\u00e9n dibujas y utilizas diversos medios como la forma 3D. \u00bfTe reconoces como una artista a favor de la tecnolog\u00eda y la cross-funcionalidad o te sientes m\u00e1s c\u00f3moda con los m\u00e9todos tradicionales de creaci\u00f3n?&#8221; font_container=&#8221;tag:h5|font_size:18px|text_align:left|color:%23000000&#8243; google_fonts=&#8221;font_family:Montserrat%3Aregular%2C700|font_style:700%20bold%20regular%3A700%3Anormal&#8221; css=&#8221;.vc_custom_1681326626681{padding-bottom: 30px !important;}&#8221;][vc_column_text]<span style=\"font-weight: 400;\">Definitivamente me encanta probar nuevas tecnolog\u00edas, posibilidades, mezclar materiales y ver qu\u00e9 va a pasar.<\/span>[\/vc_column_text][\/vc_column][vc_column width=&#8221;1\/6&#8243;][\/vc_column][\/vc_row][vc_row full_width=&#8221;stretch_row&#8221; css=&#8221;.vc_custom_1601566497279{padding-top: 7% !important;padding-bottom: 7% !important;background-color: #ffffff !important;}&#8221;][vc_column width=&#8221;1\/2&#8243;][vc_custom_heading text=&#8221;En tu obra capturas rostros, criaturas y escenas impregnadas de simbolismo, tragedia y humor, capaz de transformar el dolor en un momento \u00edntimo y positivo al mismo tiempo. \u00bfConsideras esto un statement recurrente en tu filosof\u00eda vida-artista?&#8221; font_container=&#8221;tag:h5|font_size:18px|text_align:left|color:%23000000&#8243; google_fonts=&#8221;font_family:Montserrat%3Aregular%2C700|font_style:700%20bold%20regular%3A700%3Anormal&#8221; css=&#8221;.vc_custom_1681326749430{padding-bottom: 30px !important;}&#8221;][vc_column_text]<span style=\"font-weight: 400;\">No s\u00e9 si es esta la filosof\u00eda de vida de un artista pero estoy convencida de que la clave para sobrevivir a la tragedia es el humor; y para m\u00ed la \u00fanica forma de manejar el dolor es mediante el cinismo.<\/span>[\/vc_column_text][vc_separator color=&#8221;custom&#8221; css=&#8221;.vc_custom_1601566402107{padding-top: 40px !important;padding-bottom: 40px !important;}&#8221; accent_color=&#8221;#ee4070&#8243;][vc_custom_heading text=&#8221;Una manera org\u00e1nica de conformar la memoria es a trav\u00e9s de proyectos multidisciplinarios que involucran arte, arquitectura, dise\u00f1o y moda. \u00bfCrees que tu obra abraza la multifuncionalidad?&#8221; font_container=&#8221;tag:h5|font_size:18px|text_align:left|color:%23000000&#8243; google_fonts=&#8221;font_family:Montserrat%3Aregular%2C700|font_style:700%20bold%20regular%3A700%3Anormal&#8221; css=&#8221;.vc_custom_1681326814608{padding-bottom: 30px !important;}&#8221;][vc_column_text]<span style=\"font-weight: 400;\">Me interesa mucho la multifuncionalidad. Todas esas disciplinas que especificaste est\u00e1n profundamente arraigadas en la pr\u00e1ctica creativa de la interconectividad y el intercambio constante entre ellas. Siempre han sido influenciadas por el desarrollo econ\u00f3mico, pol\u00edtico y cultural durante siglos.<\/span>[\/vc_column_text][\/vc_column][vc_column width=&#8221;1\/2&#8243;][vc_single_image image=&#8221;4042&#8243; img_size=&#8221;full&#8221;][\/vc_column][\/vc_row][vc_row full_width=&#8221;stretch_row&#8221; css=&#8221;.vc_custom_1601566497279{padding-top: 7% !important;padding-bottom: 7% !important;background-color: #ffffff !important;}&#8221;][vc_column width=&#8221;1\/2&#8243;][vc_single_image image=&#8221;4047&#8243; img_size=&#8221;full&#8221;][\/vc_column][vc_column width=&#8221;1\/2&#8243;][vc_custom_heading text=&#8221;\u00bfC\u00f3mo es un d\u00eda habitual en tu estudio mientras pintas?&#8221; font_container=&#8221;tag:h5|font_size:18px|text_align:left|color:%23000000&#8243; google_fonts=&#8221;font_family:Montserrat%3Aregular%2C700|font_style:700%20bold%20regular%3A700%3Anormal&#8221; css=&#8221;.vc_custom_1681327021185{padding-bottom: 30px !important;}&#8221;][vc_column_text]<span style=\"font-weight: 400;\">Trabajo todos los d\u00edas, generalmente de la tarde a la noche durante algunas horas, pero realmente trabajo duro cuando tengo una fecha l\u00edmite. El estr\u00e9s es combustible para m\u00ed. Siempre estoy llena de energ\u00eda y creatividad, pero tambi\u00e9n me pueden surgir dudas.<\/span>[\/vc_column_text][vc_separator color=&#8221;custom&#8221; css=&#8221;.vc_custom_1601566402107{padding-top: 40px !important;padding-bottom: 40px !important;}&#8221; accent_color=&#8221;#ee4070&#8243;][vc_custom_heading text=&#8221;Tu obra ha sido adjunta en importantes colecciones internacionales de arte, incluyendo el Albertina Museum en Viena y Roux Collection. \u00bfPudieras compartir m\u00e1s detalles de la m\u00e1s reciente colaboraci\u00f3n con Multiplo?&#8221; font_container=&#8221;tag:h5|font_size:18px|text_align:left|color:%23000000&#8243; google_fonts=&#8221;font_family:Montserrat%3Aregular%2C700|font_style:700%20bold%20regular%3A700%3Anormal&#8221; css=&#8221;.vc_custom_1681327080824{padding-bottom: 30px !important;}&#8221;][vc_column_text]<span style=\"font-weight: 400;\">Es un honor ser parte de Roux Collection. Simpatizo mucho con el inter\u00e9s de Multiplo por la accesibilidad del arte. El m\u00e9todo de coleccionar arte de Jonny Roux es admirable.<\/span>[\/vc_column_text][vc_separator color=&#8221;custom&#8221; css=&#8221;.vc_custom_1601566402107{padding-top: 40px !important;padding-bottom: 40px !important;}&#8221; accent_color=&#8221;#ee4070&#8243;][\/vc_column][\/vc_row]<\/p>\n","protected":false},"excerpt":{"rendered":"<p>[vc_row css=&#8221;.vc_custom_1600205290427{padding-top: 5% !important;padding-bottom: 5% !important;}&#8221;][vc_column width=&#8221;1\/2&#8243;][vc_column_text] Eva Beresin-Percepciones de mi cuerpo [\/vc_column_text][vc_empty_space height=&#8221;20px&#8221;][vc_column_text][\/vc_column_text][vc_empty_space][vc_custom_heading text=&#8221;Desde los inicios, tu vida ha estado rodeada de arte, influenciada por el coleccionismo de tu padre y los dibujos que realizabas los domingos en el famoso caf\u00e9 Gerbeaud en Budapest. \u00bfCu\u00e1l fue el primer tema que te inspir\u00f3 a pintar?&#8221; [&hellip;]<\/p>\n","protected":false},"author":19,"featured_media":0,"parent":4055,"menu_order":0,"comment_status":"closed","ping_status":"closed","template":"template-page.php","meta":{"_acf_changed":false,"_glsr_average":0,"_glsr_ranking":0,"_glsr_reviews":0,"footnotes":""},"class_list":["post-4028","page","type-page","status-publish","hentry"],"acf":[],"yoast_head":"<!-- This site is optimized with the Yoast SEO plugin v27.4 - https:\/\/yoast.com\/product\/yoast-seo-wordpress\/ -->\n<title>Percepciones de mi cuerpo una entrevista con Eva Beresin - Multiplo Editions<\/title>\n<meta name=\"robots\" content=\"index, follow, max-snippet:-1, max-image-preview:large, max-video-preview:-1\" \/>\n<link rel=\"canonical\" href=\"https:\/\/www.multiploeditions.com\/es\/artistas\/eva-beresin\/percepciones-de-mi-cuerpo-una-entrevista-con-eva-beresin\/\" \/>\n<meta property=\"og:locale\" content=\"es_ES\" \/>\n<meta property=\"og:type\" content=\"article\" \/>\n<meta property=\"og:title\" content=\"Percepciones de mi cuerpo una entrevista con Eva Beresin - Multiplo Editions\" \/>\n<meta property=\"og:description\" content=\"[vc_row css=&#8221;.vc_custom_1600205290427{padding-top: 5% !important;padding-bottom: 5% !important;}&#8221;][vc_column width=&#8221;1\/2&#8243;][vc_column_text] Eva Beresin-Percepciones de mi cuerpo [\/vc_column_text][vc_empty_space height=&#8221;20px&#8221;][vc_column_text][\/vc_column_text][vc_empty_space][vc_custom_heading text=&#8221;Desde los inicios, tu vida ha estado rodeada de arte, influenciada por el coleccionismo de tu padre y los dibujos que realizabas los domingos en el famoso caf\u00e9 Gerbeaud en Budapest. \u00bfCu\u00e1l fue el primer tema que te inspir\u00f3 a pintar?&#8221; [&hellip;]\" \/>\n<meta property=\"og:url\" content=\"https:\/\/www.multiploeditions.com\/es\/artistas\/eva-beresin\/percepciones-de-mi-cuerpo-una-entrevista-con-eva-beresin\/\" \/>\n<meta property=\"og:site_name\" content=\"Multiplo Editions\" \/>\n<meta property=\"article:modified_time\" content=\"2023-04-24T22:34:01+00:00\" \/>\n<meta name=\"twitter:card\" content=\"summary_large_image\" \/>\n<meta name=\"twitter:label1\" content=\"Tiempo de lectura\" \/>\n\t<meta name=\"twitter:data1\" content=\"6 minutos\" \/>\n<script type=\"application\/ld+json\" class=\"yoast-schema-graph\">{\"@context\":\"https:\\\/\\\/schema.org\",\"@graph\":[{\"@type\":\"WebPage\",\"@id\":\"https:\\\/\\\/www.multiploeditions.com\\\/es\\\/artistas\\\/eva-beresin\\\/percepciones-de-mi-cuerpo-una-entrevista-con-eva-beresin\\\/\",\"url\":\"https:\\\/\\\/www.multiploeditions.com\\\/es\\\/artistas\\\/eva-beresin\\\/percepciones-de-mi-cuerpo-una-entrevista-con-eva-beresin\\\/\",\"name\":\"Percepciones de mi cuerpo una entrevista con Eva Beresin - Multiplo Editions\",\"isPartOf\":{\"@id\":\"https:\\\/\\\/www.multiploeditions.com\\\/es\\\/#website\"},\"datePublished\":\"2023-04-19T20:18:29+00:00\",\"dateModified\":\"2023-04-24T22:34:01+00:00\",\"breadcrumb\":{\"@id\":\"https:\\\/\\\/www.multiploeditions.com\\\/es\\\/artistas\\\/eva-beresin\\\/percepciones-de-mi-cuerpo-una-entrevista-con-eva-beresin\\\/#breadcrumb\"},\"inLanguage\":\"es\",\"potentialAction\":[{\"@type\":\"ReadAction\",\"target\":[\"https:\\\/\\\/www.multiploeditions.com\\\/es\\\/artistas\\\/eva-beresin\\\/percepciones-de-mi-cuerpo-una-entrevista-con-eva-beresin\\\/\"]}]},{\"@type\":\"BreadcrumbList\",\"@id\":\"https:\\\/\\\/www.multiploeditions.com\\\/es\\\/artistas\\\/eva-beresin\\\/percepciones-de-mi-cuerpo-una-entrevista-con-eva-beresin\\\/#breadcrumb\",\"itemListElement\":[{\"@type\":\"ListItem\",\"position\":1,\"name\":\"Home\",\"item\":\"https:\\\/\\\/www.multiploeditions.com\\\/es\\\/\"},{\"@type\":\"ListItem\",\"position\":2,\"name\":\"Artistas\",\"item\":\"https:\\\/\\\/www.multiploeditions.com\\\/es\\\/artistas\\\/\"},{\"@type\":\"ListItem\",\"position\":3,\"name\":\"Eva Beresin\",\"item\":\"https:\\\/\\\/www.multiploeditions.com\\\/es\\\/artistas\\\/eva-beresin\\\/\"},{\"@type\":\"ListItem\",\"position\":4,\"name\":\"Percepciones de mi cuerpo una entrevista con Eva Beresin\"}]},{\"@type\":\"WebSite\",\"@id\":\"https:\\\/\\\/www.multiploeditions.com\\\/es\\\/#website\",\"url\":\"https:\\\/\\\/www.multiploeditions.com\\\/es\\\/\",\"name\":\"Multiplo\",\"description\":\"Art can change lives\",\"publisher\":{\"@id\":\"https:\\\/\\\/www.multiploeditions.com\\\/es\\\/#organization\"},\"potentialAction\":[{\"@type\":\"SearchAction\",\"target\":{\"@type\":\"EntryPoint\",\"urlTemplate\":\"https:\\\/\\\/www.multiploeditions.com\\\/es\\\/?s={search_term_string}\"},\"query-input\":{\"@type\":\"PropertyValueSpecification\",\"valueRequired\":true,\"valueName\":\"search_term_string\"}}],\"inLanguage\":\"es\"},{\"@type\":\"Organization\",\"@id\":\"https:\\\/\\\/www.multiploeditions.com\\\/es\\\/#organization\",\"name\":\"Multiplo\",\"url\":\"https:\\\/\\\/www.multiploeditions.com\\\/es\\\/\",\"logo\":{\"@type\":\"ImageObject\",\"inLanguage\":\"es\",\"@id\":\"https:\\\/\\\/www.multiploeditions.com\\\/es\\\/#\\\/schema\\\/logo\\\/image\\\/\",\"url\":\"https:\\\/\\\/www.multiploeditions.com\\\/wp-content\\\/uploads\\\/2020\\\/11\\\/apple-touch-icon.png\",\"contentUrl\":\"https:\\\/\\\/www.multiploeditions.com\\\/wp-content\\\/uploads\\\/2020\\\/11\\\/apple-touch-icon.png\",\"width\":1024,\"height\":1024,\"caption\":\"Multiplo\"},\"image\":{\"@id\":\"https:\\\/\\\/www.multiploeditions.com\\\/es\\\/#\\\/schema\\\/logo\\\/image\\\/\"},\"sameAs\":[\"http:\\\/\\\/instagram.com\\\/multi_plo\"]}]}<\/script>\n<!-- \/ Yoast SEO plugin. -->","yoast_head_json":{"title":"Percepciones de mi cuerpo una entrevista con Eva Beresin - Multiplo Editions","robots":{"index":"index","follow":"follow","max-snippet":"max-snippet:-1","max-image-preview":"max-image-preview:large","max-video-preview":"max-video-preview:-1"},"canonical":"https:\/\/www.multiploeditions.com\/es\/artistas\/eva-beresin\/percepciones-de-mi-cuerpo-una-entrevista-con-eva-beresin\/","og_locale":"es_ES","og_type":"article","og_title":"Percepciones de mi cuerpo una entrevista con Eva Beresin - Multiplo Editions","og_description":"[vc_row css=&#8221;.vc_custom_1600205290427{padding-top: 5% !important;padding-bottom: 5% !important;}&#8221;][vc_column width=&#8221;1\/2&#8243;][vc_column_text] Eva Beresin-Percepciones de mi cuerpo [\/vc_column_text][vc_empty_space height=&#8221;20px&#8221;][vc_column_text][\/vc_column_text][vc_empty_space][vc_custom_heading text=&#8221;Desde los inicios, tu vida ha estado rodeada de arte, influenciada por el coleccionismo de tu padre y los dibujos que realizabas los domingos en el famoso caf\u00e9 Gerbeaud en Budapest. \u00bfCu\u00e1l fue el primer tema que te inspir\u00f3 a pintar?&#8221; [&hellip;]","og_url":"https:\/\/www.multiploeditions.com\/es\/artistas\/eva-beresin\/percepciones-de-mi-cuerpo-una-entrevista-con-eva-beresin\/","og_site_name":"Multiplo Editions","article_modified_time":"2023-04-24T22:34:01+00:00","twitter_card":"summary_large_image","twitter_misc":{"Tiempo de lectura":"6 minutos"},"schema":{"@context":"https:\/\/schema.org","@graph":[{"@type":"WebPage","@id":"https:\/\/www.multiploeditions.com\/es\/artistas\/eva-beresin\/percepciones-de-mi-cuerpo-una-entrevista-con-eva-beresin\/","url":"https:\/\/www.multiploeditions.com\/es\/artistas\/eva-beresin\/percepciones-de-mi-cuerpo-una-entrevista-con-eva-beresin\/","name":"Percepciones de mi cuerpo una entrevista con Eva Beresin - Multiplo Editions","isPartOf":{"@id":"https:\/\/www.multiploeditions.com\/es\/#website"},"datePublished":"2023-04-19T20:18:29+00:00","dateModified":"2023-04-24T22:34:01+00:00","breadcrumb":{"@id":"https:\/\/www.multiploeditions.com\/es\/artistas\/eva-beresin\/percepciones-de-mi-cuerpo-una-entrevista-con-eva-beresin\/#breadcrumb"},"inLanguage":"es","potentialAction":[{"@type":"ReadAction","target":["https:\/\/www.multiploeditions.com\/es\/artistas\/eva-beresin\/percepciones-de-mi-cuerpo-una-entrevista-con-eva-beresin\/"]}]},{"@type":"BreadcrumbList","@id":"https:\/\/www.multiploeditions.com\/es\/artistas\/eva-beresin\/percepciones-de-mi-cuerpo-una-entrevista-con-eva-beresin\/#breadcrumb","itemListElement":[{"@type":"ListItem","position":1,"name":"Home","item":"https:\/\/www.multiploeditions.com\/es\/"},{"@type":"ListItem","position":2,"name":"Artistas","item":"https:\/\/www.multiploeditions.com\/es\/artistas\/"},{"@type":"ListItem","position":3,"name":"Eva Beresin","item":"https:\/\/www.multiploeditions.com\/es\/artistas\/eva-beresin\/"},{"@type":"ListItem","position":4,"name":"Percepciones de mi cuerpo una entrevista con Eva Beresin"}]},{"@type":"WebSite","@id":"https:\/\/www.multiploeditions.com\/es\/#website","url":"https:\/\/www.multiploeditions.com\/es\/","name":"Multiplo","description":"Art can change lives","publisher":{"@id":"https:\/\/www.multiploeditions.com\/es\/#organization"},"potentialAction":[{"@type":"SearchAction","target":{"@type":"EntryPoint","urlTemplate":"https:\/\/www.multiploeditions.com\/es\/?s={search_term_string}"},"query-input":{"@type":"PropertyValueSpecification","valueRequired":true,"valueName":"search_term_string"}}],"inLanguage":"es"},{"@type":"Organization","@id":"https:\/\/www.multiploeditions.com\/es\/#organization","name":"Multiplo","url":"https:\/\/www.multiploeditions.com\/es\/","logo":{"@type":"ImageObject","inLanguage":"es","@id":"https:\/\/www.multiploeditions.com\/es\/#\/schema\/logo\/image\/","url":"https:\/\/www.multiploeditions.com\/wp-content\/uploads\/2020\/11\/apple-touch-icon.png","contentUrl":"https:\/\/www.multiploeditions.com\/wp-content\/uploads\/2020\/11\/apple-touch-icon.png","width":1024,"height":1024,"caption":"Multiplo"},"image":{"@id":"https:\/\/www.multiploeditions.com\/es\/#\/schema\/logo\/image\/"},"sameAs":["http:\/\/instagram.com\/multi_plo"]}]}},"_links":{"self":[{"href":"https:\/\/www.multiploeditions.com\/es\/wp-json\/wp\/v2\/pages\/4028","targetHints":{"allow":["GET"]}}],"collection":[{"href":"https:\/\/www.multiploeditions.com\/es\/wp-json\/wp\/v2\/pages"}],"about":[{"href":"https:\/\/www.multiploeditions.com\/es\/wp-json\/wp\/v2\/types\/page"}],"author":[{"embeddable":true,"href":"https:\/\/www.multiploeditions.com\/es\/wp-json\/wp\/v2\/users\/19"}],"replies":[{"embeddable":true,"href":"https:\/\/www.multiploeditions.com\/es\/wp-json\/wp\/v2\/comments?post=4028"}],"version-history":[{"count":19,"href":"https:\/\/www.multiploeditions.com\/es\/wp-json\/wp\/v2\/pages\/4028\/revisions"}],"predecessor-version":[{"id":4147,"href":"https:\/\/www.multiploeditions.com\/es\/wp-json\/wp\/v2\/pages\/4028\/revisions\/4147"}],"up":[{"embeddable":true,"href":"https:\/\/www.multiploeditions.com\/es\/wp-json\/wp\/v2\/pages\/4055"}],"wp:attachment":[{"href":"https:\/\/www.multiploeditions.com\/es\/wp-json\/wp\/v2\/media?parent=4028"}],"curies":[{"name":"wp","href":"https:\/\/api.w.org\/{rel}","templated":true}]}}