{"id":1662,"date":"2020-11-05T09:49:26","date_gmt":"2020-11-05T14:49:26","guid":{"rendered":"https:\/\/www.multiploeditions.com\/product\/fire-side\/"},"modified":"2021-09-16T11:55:09","modified_gmt":"2021-09-16T16:55:09","slug":"fire-side","status":"publish","type":"product","link":"https:\/\/www.multiploeditions.com\/es\/producto\/fire-side\/","title":{"rendered":"Fire Side"},"content":{"rendered":"","protected":false},"excerpt":{"rendered":"<p>El universo pict\u00f3rico de Judith Linhares se recrea con imaginaci\u00f3n a partir de referencias personales. En Fired Side, una pareja disfruta tranquilamente del paisaje nocturno que los rodea, mientras cocinan la cena. Los cuerpos desnudos se entregan al placer ordinario de la contemplaci\u00f3n. Un ciervo joven visita la escena y observa al espectador. \u00bfQu\u00e9 pas\u00f3 antes y qu\u00e9 pasar\u00e1 despu\u00e9s? La estructura narrativa de Linhares se muestra en un universo espont\u00e1neo y posible. El uso extraordinario del color, el espacio y la luz articula un enfoque vibrante entre lo on\u00edrico y lo real. La narrativa visual en primera instancia es pasiva, tras lo cual la composici\u00f3n invita a profundizar. Esta imagen celebra el momento fugaz de los placeres ordinarios. Un mundo alternativo, cuya iconograf\u00eda da relevancia a la cotidianeidad, el territorio, la convivencia y la utop\u00eda. Fire Side, es una edici\u00f3n limitada de 55. Es una serigraf\u00eda a 65 colores sobre papel Canson 100% algod\u00f3n de 320 g, que garantiza una \u00f3ptima conservaci\u00f3n y una excelente textura. Cada uno firmado y numerado por el artista.<\/p>\n","protected":false},"featured_media":1567,"template":"","meta":{"_acf_changed":false,"_glsr_average":0,"_glsr_ranking":0,"_glsr_reviews":0},"product_brand":[],"product_cat":[67],"product_tag":[],"class_list":{"0":"post-1662","1":"product","2":"type-product","3":"status-publish","4":"has-post-thumbnail","6":"product_cat-judith-linhares-es","8":"first","9":"instock","10":"shipping-taxable","11":"purchasable","12":"product-type-simple"},"acf":[],"yoast_head":"<!-- This site is optimized with the Yoast SEO plugin v27.4 - https:\/\/yoast.com\/product\/yoast-seo-wordpress\/ -->\n<title>Fire Side - Multiplo Editions<\/title>\n<meta name=\"robots\" content=\"index, follow, max-snippet:-1, max-image-preview:large, max-video-preview:-1\" \/>\n<link rel=\"canonical\" href=\"https:\/\/www.multiploeditions.com\/es\/producto\/fire-side\/\" \/>\n<meta property=\"og:locale\" content=\"es_ES\" \/>\n<meta property=\"og:type\" content=\"article\" \/>\n<meta property=\"og:title\" content=\"Fire Side - Multiplo Editions\" \/>\n<meta property=\"og:description\" content=\"El universo pict\u00f3rico de Judith Linhares se recrea con imaginaci\u00f3n a partir de referencias personales. En Fired Side, una pareja disfruta tranquilamente del paisaje nocturno que los rodea, mientras cocinan la cena. Los cuerpos desnudos se entregan al placer ordinario de la contemplaci\u00f3n. Un ciervo joven visita la escena y observa al espectador. \u00bfQu\u00e9 pas\u00f3 antes y qu\u00e9 pasar\u00e1 despu\u00e9s? La estructura narrativa de Linhares se muestra en un universo espont\u00e1neo y posible. El uso extraordinario del color, el espacio y la luz articula un enfoque vibrante entre lo on\u00edrico y lo real. La narrativa visual en primera instancia es pasiva, tras lo cual la composici\u00f3n invita a profundizar. Esta imagen celebra el momento fugaz de los placeres ordinarios. Un mundo alternativo, cuya iconograf\u00eda da relevancia a la cotidianeidad, el territorio, la convivencia y la utop\u00eda. Fire Side, es una edici\u00f3n limitada de 55. Es una serigraf\u00eda a 65 colores sobre papel Canson 100% algod\u00f3n de 320 g, que garantiza una \u00f3ptima conservaci\u00f3n y una excelente textura. Cada uno firmado y numerado por el artista.\" \/>\n<meta property=\"og:url\" content=\"https:\/\/www.multiploeditions.com\/es\/producto\/fire-side\/\" \/>\n<meta property=\"og:site_name\" content=\"Multiplo Editions\" \/>\n<meta property=\"article:modified_time\" content=\"2021-09-16T16:55:09+00:00\" \/>\n<meta property=\"og:image\" content=\"https:\/\/www.multiploeditions.com\/wp-content\/uploads\/2020\/10\/m-JudithLinhares-Fire-Side-scaled.jpg\" \/>\n\t<meta property=\"og:image:width\" content=\"2304\" \/>\n\t<meta property=\"og:image:height\" content=\"2560\" \/>\n\t<meta property=\"og:image:type\" content=\"image\/jpeg\" \/>\n<meta name=\"twitter:card\" content=\"summary_large_image\" \/>\n<script type=\"application\/ld+json\" class=\"yoast-schema-graph\">{\"@context\":\"https:\\\/\\\/schema.org\",\"@graph\":[{\"@type\":\"WebPage\",\"@id\":\"https:\\\/\\\/www.multiploeditions.com\\\/es\\\/producto\\\/fire-side\\\/\",\"url\":\"https:\\\/\\\/www.multiploeditions.com\\\/es\\\/producto\\\/fire-side\\\/\",\"name\":\"Fire Side - Multiplo Editions\",\"isPartOf\":{\"@id\":\"https:\\\/\\\/www.multiploeditions.com\\\/es\\\/#website\"},\"primaryImageOfPage\":{\"@id\":\"https:\\\/\\\/www.multiploeditions.com\\\/es\\\/producto\\\/fire-side\\\/#primaryimage\"},\"image\":{\"@id\":\"https:\\\/\\\/www.multiploeditions.com\\\/es\\\/producto\\\/fire-side\\\/#primaryimage\"},\"thumbnailUrl\":\"https:\\\/\\\/www.multiploeditions.com\\\/wp-content\\\/uploads\\\/2020\\\/10\\\/m-JudithLinhares-Fire-Side-scaled.jpg\",\"datePublished\":\"2020-11-05T14:49:26+00:00\",\"dateModified\":\"2021-09-16T16:55:09+00:00\",\"breadcrumb\":{\"@id\":\"https:\\\/\\\/www.multiploeditions.com\\\/es\\\/producto\\\/fire-side\\\/#breadcrumb\"},\"inLanguage\":\"es\",\"potentialAction\":[{\"@type\":\"ReadAction\",\"target\":[\"https:\\\/\\\/www.multiploeditions.com\\\/es\\\/producto\\\/fire-side\\\/\"]}]},{\"@type\":\"ImageObject\",\"inLanguage\":\"es\",\"@id\":\"https:\\\/\\\/www.multiploeditions.com\\\/es\\\/producto\\\/fire-side\\\/#primaryimage\",\"url\":\"https:\\\/\\\/www.multiploeditions.com\\\/wp-content\\\/uploads\\\/2020\\\/10\\\/m-JudithLinhares-Fire-Side-scaled.jpg\",\"contentUrl\":\"https:\\\/\\\/www.multiploeditions.com\\\/wp-content\\\/uploads\\\/2020\\\/10\\\/m-JudithLinhares-Fire-Side-scaled.jpg\",\"width\":2304,\"height\":2560},{\"@type\":\"BreadcrumbList\",\"@id\":\"https:\\\/\\\/www.multiploeditions.com\\\/es\\\/producto\\\/fire-side\\\/#breadcrumb\",\"itemListElement\":[{\"@type\":\"ListItem\",\"position\":1,\"name\":\"Home\",\"item\":\"https:\\\/\\\/www.multiploeditions.com\\\/es\\\/\"},{\"@type\":\"ListItem\",\"position\":2,\"name\":\"Obras\",\"item\":\"https:\\\/\\\/www.multiploeditions.com\\\/es\\\/obras\\\/\"},{\"@type\":\"ListItem\",\"position\":3,\"name\":\"Fire Side\"}]},{\"@type\":\"WebSite\",\"@id\":\"https:\\\/\\\/www.multiploeditions.com\\\/es\\\/#website\",\"url\":\"https:\\\/\\\/www.multiploeditions.com\\\/es\\\/\",\"name\":\"Multiplo\",\"description\":\"Art can change lives\",\"publisher\":{\"@id\":\"https:\\\/\\\/www.multiploeditions.com\\\/es\\\/#organization\"},\"potentialAction\":[{\"@type\":\"SearchAction\",\"target\":{\"@type\":\"EntryPoint\",\"urlTemplate\":\"https:\\\/\\\/www.multiploeditions.com\\\/es\\\/?s={search_term_string}\"},\"query-input\":{\"@type\":\"PropertyValueSpecification\",\"valueRequired\":true,\"valueName\":\"search_term_string\"}}],\"inLanguage\":\"es\"},{\"@type\":\"Organization\",\"@id\":\"https:\\\/\\\/www.multiploeditions.com\\\/es\\\/#organization\",\"name\":\"Multiplo\",\"url\":\"https:\\\/\\\/www.multiploeditions.com\\\/es\\\/\",\"logo\":{\"@type\":\"ImageObject\",\"inLanguage\":\"es\",\"@id\":\"https:\\\/\\\/www.multiploeditions.com\\\/es\\\/#\\\/schema\\\/logo\\\/image\\\/\",\"url\":\"https:\\\/\\\/www.multiploeditions.com\\\/wp-content\\\/uploads\\\/2020\\\/11\\\/apple-touch-icon.png\",\"contentUrl\":\"https:\\\/\\\/www.multiploeditions.com\\\/wp-content\\\/uploads\\\/2020\\\/11\\\/apple-touch-icon.png\",\"width\":1024,\"height\":1024,\"caption\":\"Multiplo\"},\"image\":{\"@id\":\"https:\\\/\\\/www.multiploeditions.com\\\/es\\\/#\\\/schema\\\/logo\\\/image\\\/\"},\"sameAs\":[\"http:\\\/\\\/instagram.com\\\/multi_plo\"]}]}<\/script>\n<!-- \/ Yoast SEO plugin. -->","yoast_head_json":{"title":"Fire Side - Multiplo Editions","robots":{"index":"index","follow":"follow","max-snippet":"max-snippet:-1","max-image-preview":"max-image-preview:large","max-video-preview":"max-video-preview:-1"},"canonical":"https:\/\/www.multiploeditions.com\/es\/producto\/fire-side\/","og_locale":"es_ES","og_type":"article","og_title":"Fire Side - Multiplo Editions","og_description":"El universo pict\u00f3rico de Judith Linhares se recrea con imaginaci\u00f3n a partir de referencias personales. En Fired Side, una pareja disfruta tranquilamente del paisaje nocturno que los rodea, mientras cocinan la cena. Los cuerpos desnudos se entregan al placer ordinario de la contemplaci\u00f3n. Un ciervo joven visita la escena y observa al espectador. \u00bfQu\u00e9 pas\u00f3 antes y qu\u00e9 pasar\u00e1 despu\u00e9s? La estructura narrativa de Linhares se muestra en un universo espont\u00e1neo y posible. El uso extraordinario del color, el espacio y la luz articula un enfoque vibrante entre lo on\u00edrico y lo real. La narrativa visual en primera instancia es pasiva, tras lo cual la composici\u00f3n invita a profundizar. Esta imagen celebra el momento fugaz de los placeres ordinarios. Un mundo alternativo, cuya iconograf\u00eda da relevancia a la cotidianeidad, el territorio, la convivencia y la utop\u00eda. Fire Side, es una edici\u00f3n limitada de 55. Es una serigraf\u00eda a 65 colores sobre papel Canson 100% algod\u00f3n de 320 g, que garantiza una \u00f3ptima conservaci\u00f3n y una excelente textura. Cada uno firmado y numerado por el artista.","og_url":"https:\/\/www.multiploeditions.com\/es\/producto\/fire-side\/","og_site_name":"Multiplo Editions","article_modified_time":"2021-09-16T16:55:09+00:00","og_image":[{"width":2304,"height":2560,"url":"https:\/\/www.multiploeditions.com\/wp-content\/uploads\/2020\/10\/m-JudithLinhares-Fire-Side-scaled.jpg","type":"image\/jpeg"}],"twitter_card":"summary_large_image","schema":{"@context":"https:\/\/schema.org","@graph":[{"@type":"WebPage","@id":"https:\/\/www.multiploeditions.com\/es\/producto\/fire-side\/","url":"https:\/\/www.multiploeditions.com\/es\/producto\/fire-side\/","name":"Fire Side - Multiplo Editions","isPartOf":{"@id":"https:\/\/www.multiploeditions.com\/es\/#website"},"primaryImageOfPage":{"@id":"https:\/\/www.multiploeditions.com\/es\/producto\/fire-side\/#primaryimage"},"image":{"@id":"https:\/\/www.multiploeditions.com\/es\/producto\/fire-side\/#primaryimage"},"thumbnailUrl":"https:\/\/www.multiploeditions.com\/wp-content\/uploads\/2020\/10\/m-JudithLinhares-Fire-Side-scaled.jpg","datePublished":"2020-11-05T14:49:26+00:00","dateModified":"2021-09-16T16:55:09+00:00","breadcrumb":{"@id":"https:\/\/www.multiploeditions.com\/es\/producto\/fire-side\/#breadcrumb"},"inLanguage":"es","potentialAction":[{"@type":"ReadAction","target":["https:\/\/www.multiploeditions.com\/es\/producto\/fire-side\/"]}]},{"@type":"ImageObject","inLanguage":"es","@id":"https:\/\/www.multiploeditions.com\/es\/producto\/fire-side\/#primaryimage","url":"https:\/\/www.multiploeditions.com\/wp-content\/uploads\/2020\/10\/m-JudithLinhares-Fire-Side-scaled.jpg","contentUrl":"https:\/\/www.multiploeditions.com\/wp-content\/uploads\/2020\/10\/m-JudithLinhares-Fire-Side-scaled.jpg","width":2304,"height":2560},{"@type":"BreadcrumbList","@id":"https:\/\/www.multiploeditions.com\/es\/producto\/fire-side\/#breadcrumb","itemListElement":[{"@type":"ListItem","position":1,"name":"Home","item":"https:\/\/www.multiploeditions.com\/es\/"},{"@type":"ListItem","position":2,"name":"Obras","item":"https:\/\/www.multiploeditions.com\/es\/obras\/"},{"@type":"ListItem","position":3,"name":"Fire Side"}]},{"@type":"WebSite","@id":"https:\/\/www.multiploeditions.com\/es\/#website","url":"https:\/\/www.multiploeditions.com\/es\/","name":"Multiplo","description":"Art can change lives","publisher":{"@id":"https:\/\/www.multiploeditions.com\/es\/#organization"},"potentialAction":[{"@type":"SearchAction","target":{"@type":"EntryPoint","urlTemplate":"https:\/\/www.multiploeditions.com\/es\/?s={search_term_string}"},"query-input":{"@type":"PropertyValueSpecification","valueRequired":true,"valueName":"search_term_string"}}],"inLanguage":"es"},{"@type":"Organization","@id":"https:\/\/www.multiploeditions.com\/es\/#organization","name":"Multiplo","url":"https:\/\/www.multiploeditions.com\/es\/","logo":{"@type":"ImageObject","inLanguage":"es","@id":"https:\/\/www.multiploeditions.com\/es\/#\/schema\/logo\/image\/","url":"https:\/\/www.multiploeditions.com\/wp-content\/uploads\/2020\/11\/apple-touch-icon.png","contentUrl":"https:\/\/www.multiploeditions.com\/wp-content\/uploads\/2020\/11\/apple-touch-icon.png","width":1024,"height":1024,"caption":"Multiplo"},"image":{"@id":"https:\/\/www.multiploeditions.com\/es\/#\/schema\/logo\/image\/"},"sameAs":["http:\/\/instagram.com\/multi_plo"]}]}},"_links":{"self":[{"href":"https:\/\/www.multiploeditions.com\/es\/wp-json\/wp\/v2\/product\/1662","targetHints":{"allow":["GET"]}}],"collection":[{"href":"https:\/\/www.multiploeditions.com\/es\/wp-json\/wp\/v2\/product"}],"about":[{"href":"https:\/\/www.multiploeditions.com\/es\/wp-json\/wp\/v2\/types\/product"}],"wp:featuredmedia":[{"embeddable":true,"href":"https:\/\/www.multiploeditions.com\/es\/wp-json\/wp\/v2\/media\/1567"}],"wp:attachment":[{"href":"https:\/\/www.multiploeditions.com\/es\/wp-json\/wp\/v2\/media?parent=1662"}],"wp:term":[{"taxonomy":"product_brand","embeddable":true,"href":"https:\/\/www.multiploeditions.com\/es\/wp-json\/wp\/v2\/product_brand?post=1662"},{"taxonomy":"product_cat","embeddable":true,"href":"https:\/\/www.multiploeditions.com\/es\/wp-json\/wp\/v2\/product_cat?post=1662"},{"taxonomy":"product_tag","embeddable":true,"href":"https:\/\/www.multiploeditions.com\/es\/wp-json\/wp\/v2\/product_tag?post=1662"}],"curies":[{"name":"wp","href":"https:\/\/api.w.org\/{rel}","templated":true}]}}