{"id":1664,"date":"2020-11-03T12:52:22","date_gmt":"2020-11-03T17:52:22","guid":{"rendered":"https:\/\/www.multiploeditions.com\/product\/bear-triptych-part-1\/"},"modified":"2022-05-09T09:13:41","modified_gmt":"2022-05-09T14:13:41","slug":"bear-triptych-part-1","status":"publish","type":"product","link":"https:\/\/www.multiploeditions.com\/es\/producto\/bear-triptych-part-1\/","title":{"rendered":"Bear Triptych Part 1"},"content":{"rendered":"","protected":false},"excerpt":{"rendered":"<p>Mira Schor es una de las artistas contempor\u00e1neas y cr\u00edtica de arte m\u00e1s trascendentes. Su obra ocupa un lugar destacado dentro del medio art\u00edstico visual y abarca una carrera s\u00f3lida. La pol\u00edtica, el feminismo, la sociedad de consumo y otros temas son abordados mediante el exhaustivo an\u00e1lisis y la representaci\u00f3n formal, o sea, la composici\u00f3n. Su arte se articula con pasi\u00f3n y compromiso.<\/p>\n<p>La obra <em>Bear Triptych Part 1<\/em>, fue realizada en 1972 y pertenece a un grupo de 9 pinturas que la artista pint\u00f3 entre 1972 y 1973, conocidas como The Story Paintings. Esta obra espec\u00edfica narra el encuentro entre una mujer desnuda y un oso, rodeados por un paisaje del desierto, que bien puede aludir al desierto californiano.<\/p>\n<p>El erotismo se distingue de forma evidente por la simplicidad de las formas y el acto expl\u00edcito: \u00bfC\u00f3mo flirtear con un oso? Ambos cuerpos se van explorando y conociendo mediante sentidos b\u00e1sicos como la vista, el olfato, el tacto.<\/p>\n<p>Dominar o ser dominado es sustituido por ceder ante el placer: \u00bfQui\u00e9n tiene el poder? Entonces el oso se convierte en un s\u00edmbolo y recurso para desnudar los deseos de la mujer y romper los esquemas.<\/p>\n<p>La composici\u00f3n formal, sin embargo, responde a c\u00e1nones de la pintura tradicional: l\u00edneas verticales y diagonales, espacialidad equilibrada, tonos pasteles, entre otros elementos que coexisten armoniosamente y centra la atenci\u00f3n en la escena principal. Esta obra es una serigraf\u00eda edici\u00f3n limitada de 30, impresa en Fabriano 300gr 100% Cotton Paper, destacando las texturas y los colores y garantizando una conservaci\u00f3n de alta calidad.<\/p>\n","protected":false},"featured_media":1625,"template":"","meta":{"_acf_changed":false,"_glsr_average":0,"_glsr_ranking":0,"_glsr_reviews":0},"product_brand":[],"product_cat":[69],"product_tag":[],"class_list":{"0":"post-1664","1":"product","2":"type-product","3":"status-publish","4":"has-post-thumbnail","6":"product_cat-mira-schor-es","8":"first","9":"instock","10":"shipping-taxable","11":"purchasable","12":"product-type-simple"},"acf":[],"yoast_head":"<!-- This site is optimized with the Yoast SEO plugin v27.4 - https:\/\/yoast.com\/product\/yoast-seo-wordpress\/ -->\n<title>Bear Triptych Part 1 - Multiplo Editions<\/title>\n<meta name=\"robots\" content=\"index, follow, max-snippet:-1, max-image-preview:large, max-video-preview:-1\" \/>\n<link rel=\"canonical\" href=\"https:\/\/www.multiploeditions.com\/es\/producto\/bear-triptych-part-1\/\" \/>\n<meta property=\"og:locale\" content=\"es_ES\" \/>\n<meta property=\"og:type\" content=\"article\" \/>\n<meta property=\"og:title\" content=\"Bear Triptych Part 1 - Multiplo Editions\" \/>\n<meta property=\"og:description\" content=\"Mira Schor es una de las artistas contempor\u00e1neas y cr\u00edtica de arte m\u00e1s trascendentes. Su obra ocupa un lugar destacado dentro del medio art\u00edstico visual y abarca una carrera s\u00f3lida. La pol\u00edtica, el feminismo, la sociedad de consumo y otros temas son abordados mediante el exhaustivo an\u00e1lisis y la representaci\u00f3n formal, o sea, la composici\u00f3n. Su arte se articula con pasi\u00f3n y compromiso.  La obra Bear Triptych Part 1, fue realizada en 1972 y pertenece a un grupo de 9 pinturas que la artista pint\u00f3 entre 1972 y 1973, conocidas como The Story Paintings. Esta obra espec\u00edfica narra el encuentro entre una mujer desnuda y un oso, rodeados por un paisaje del desierto, que bien puede aludir al desierto californiano.  El erotismo se distingue de forma evidente por la simplicidad de las formas y el acto expl\u00edcito: \u00bfC\u00f3mo flirtear con un oso? Ambos cuerpos se van explorando y conociendo mediante sentidos b\u00e1sicos como la vista, el olfato, el tacto.  Dominar o ser dominado es sustituido por ceder ante el placer: \u00bfQui\u00e9n tiene el poder? Entonces el oso se convierte en un s\u00edmbolo y recurso para desnudar los deseos de la mujer y romper los esquemas.  La composici\u00f3n formal, sin embargo, responde a c\u00e1nones de la pintura tradicional: l\u00edneas verticales y diagonales, espacialidad equilibrada, tonos pasteles, entre otros elementos que coexisten armoniosamente y centra la atenci\u00f3n en la escena principal. Esta obra es una serigraf\u00eda edici\u00f3n limitada de 30, impresa en Fabriano 300gr 100% Cotton Paper, destacando las texturas y los colores y garantizando una conservaci\u00f3n de alta calidad.\" \/>\n<meta property=\"og:url\" content=\"https:\/\/www.multiploeditions.com\/es\/producto\/bear-triptych-part-1\/\" \/>\n<meta property=\"og:site_name\" content=\"Multiplo Editions\" \/>\n<meta property=\"article:modified_time\" content=\"2022-05-09T14:13:41+00:00\" \/>\n<meta property=\"og:image\" content=\"https:\/\/www.multiploeditions.com\/wp-content\/uploads\/2020\/11\/mF-Mira-Schor-Bear-Triptych-Part-1.jpg\" \/>\n\t<meta property=\"og:image:width\" content=\"2304\" \/>\n\t<meta property=\"og:image:height\" content=\"2560\" \/>\n\t<meta property=\"og:image:type\" content=\"image\/jpeg\" \/>\n<meta name=\"twitter:card\" content=\"summary_large_image\" \/>\n<script type=\"application\/ld+json\" class=\"yoast-schema-graph\">{\"@context\":\"https:\\\/\\\/schema.org\",\"@graph\":[{\"@type\":\"WebPage\",\"@id\":\"https:\\\/\\\/www.multiploeditions.com\\\/es\\\/producto\\\/bear-triptych-part-1\\\/\",\"url\":\"https:\\\/\\\/www.multiploeditions.com\\\/es\\\/producto\\\/bear-triptych-part-1\\\/\",\"name\":\"Bear Triptych Part 1 - Multiplo Editions\",\"isPartOf\":{\"@id\":\"https:\\\/\\\/www.multiploeditions.com\\\/es\\\/#website\"},\"primaryImageOfPage\":{\"@id\":\"https:\\\/\\\/www.multiploeditions.com\\\/es\\\/producto\\\/bear-triptych-part-1\\\/#primaryimage\"},\"image\":{\"@id\":\"https:\\\/\\\/www.multiploeditions.com\\\/es\\\/producto\\\/bear-triptych-part-1\\\/#primaryimage\"},\"thumbnailUrl\":\"https:\\\/\\\/www.multiploeditions.com\\\/wp-content\\\/uploads\\\/2020\\\/11\\\/mF-Mira-Schor-Bear-Triptych-Part-1.jpg\",\"datePublished\":\"2020-11-03T17:52:22+00:00\",\"dateModified\":\"2022-05-09T14:13:41+00:00\",\"breadcrumb\":{\"@id\":\"https:\\\/\\\/www.multiploeditions.com\\\/es\\\/producto\\\/bear-triptych-part-1\\\/#breadcrumb\"},\"inLanguage\":\"es\",\"potentialAction\":[{\"@type\":\"ReadAction\",\"target\":[\"https:\\\/\\\/www.multiploeditions.com\\\/es\\\/producto\\\/bear-triptych-part-1\\\/\"]}]},{\"@type\":\"ImageObject\",\"inLanguage\":\"es\",\"@id\":\"https:\\\/\\\/www.multiploeditions.com\\\/es\\\/producto\\\/bear-triptych-part-1\\\/#primaryimage\",\"url\":\"https:\\\/\\\/www.multiploeditions.com\\\/wp-content\\\/uploads\\\/2020\\\/11\\\/mF-Mira-Schor-Bear-Triptych-Part-1.jpg\",\"contentUrl\":\"https:\\\/\\\/www.multiploeditions.com\\\/wp-content\\\/uploads\\\/2020\\\/11\\\/mF-Mira-Schor-Bear-Triptych-Part-1.jpg\",\"width\":2304,\"height\":2560},{\"@type\":\"BreadcrumbList\",\"@id\":\"https:\\\/\\\/www.multiploeditions.com\\\/es\\\/producto\\\/bear-triptych-part-1\\\/#breadcrumb\",\"itemListElement\":[{\"@type\":\"ListItem\",\"position\":1,\"name\":\"Home\",\"item\":\"https:\\\/\\\/www.multiploeditions.com\\\/es\\\/\"},{\"@type\":\"ListItem\",\"position\":2,\"name\":\"Obras\",\"item\":\"https:\\\/\\\/www.multiploeditions.com\\\/es\\\/obras\\\/\"},{\"@type\":\"ListItem\",\"position\":3,\"name\":\"Bear Triptych Part 1\"}]},{\"@type\":\"WebSite\",\"@id\":\"https:\\\/\\\/www.multiploeditions.com\\\/es\\\/#website\",\"url\":\"https:\\\/\\\/www.multiploeditions.com\\\/es\\\/\",\"name\":\"Multiplo\",\"description\":\"Art can change lives\",\"publisher\":{\"@id\":\"https:\\\/\\\/www.multiploeditions.com\\\/es\\\/#organization\"},\"potentialAction\":[{\"@type\":\"SearchAction\",\"target\":{\"@type\":\"EntryPoint\",\"urlTemplate\":\"https:\\\/\\\/www.multiploeditions.com\\\/es\\\/?s={search_term_string}\"},\"query-input\":{\"@type\":\"PropertyValueSpecification\",\"valueRequired\":true,\"valueName\":\"search_term_string\"}}],\"inLanguage\":\"es\"},{\"@type\":\"Organization\",\"@id\":\"https:\\\/\\\/www.multiploeditions.com\\\/es\\\/#organization\",\"name\":\"Multiplo\",\"url\":\"https:\\\/\\\/www.multiploeditions.com\\\/es\\\/\",\"logo\":{\"@type\":\"ImageObject\",\"inLanguage\":\"es\",\"@id\":\"https:\\\/\\\/www.multiploeditions.com\\\/es\\\/#\\\/schema\\\/logo\\\/image\\\/\",\"url\":\"https:\\\/\\\/www.multiploeditions.com\\\/wp-content\\\/uploads\\\/2020\\\/11\\\/apple-touch-icon.png\",\"contentUrl\":\"https:\\\/\\\/www.multiploeditions.com\\\/wp-content\\\/uploads\\\/2020\\\/11\\\/apple-touch-icon.png\",\"width\":1024,\"height\":1024,\"caption\":\"Multiplo\"},\"image\":{\"@id\":\"https:\\\/\\\/www.multiploeditions.com\\\/es\\\/#\\\/schema\\\/logo\\\/image\\\/\"},\"sameAs\":[\"http:\\\/\\\/instagram.com\\\/multi_plo\"]}]}<\/script>\n<!-- \/ Yoast SEO plugin. -->","yoast_head_json":{"title":"Bear Triptych Part 1 - Multiplo Editions","robots":{"index":"index","follow":"follow","max-snippet":"max-snippet:-1","max-image-preview":"max-image-preview:large","max-video-preview":"max-video-preview:-1"},"canonical":"https:\/\/www.multiploeditions.com\/es\/producto\/bear-triptych-part-1\/","og_locale":"es_ES","og_type":"article","og_title":"Bear Triptych Part 1 - Multiplo Editions","og_description":"Mira Schor es una de las artistas contempor\u00e1neas y cr\u00edtica de arte m\u00e1s trascendentes. Su obra ocupa un lugar destacado dentro del medio art\u00edstico visual y abarca una carrera s\u00f3lida. La pol\u00edtica, el feminismo, la sociedad de consumo y otros temas son abordados mediante el exhaustivo an\u00e1lisis y la representaci\u00f3n formal, o sea, la composici\u00f3n. Su arte se articula con pasi\u00f3n y compromiso.  La obra Bear Triptych Part 1, fue realizada en 1972 y pertenece a un grupo de 9 pinturas que la artista pint\u00f3 entre 1972 y 1973, conocidas como The Story Paintings. Esta obra espec\u00edfica narra el encuentro entre una mujer desnuda y un oso, rodeados por un paisaje del desierto, que bien puede aludir al desierto californiano.  El erotismo se distingue de forma evidente por la simplicidad de las formas y el acto expl\u00edcito: \u00bfC\u00f3mo flirtear con un oso? Ambos cuerpos se van explorando y conociendo mediante sentidos b\u00e1sicos como la vista, el olfato, el tacto.  Dominar o ser dominado es sustituido por ceder ante el placer: \u00bfQui\u00e9n tiene el poder? Entonces el oso se convierte en un s\u00edmbolo y recurso para desnudar los deseos de la mujer y romper los esquemas.  La composici\u00f3n formal, sin embargo, responde a c\u00e1nones de la pintura tradicional: l\u00edneas verticales y diagonales, espacialidad equilibrada, tonos pasteles, entre otros elementos que coexisten armoniosamente y centra la atenci\u00f3n en la escena principal. Esta obra es una serigraf\u00eda edici\u00f3n limitada de 30, impresa en Fabriano 300gr 100% Cotton Paper, destacando las texturas y los colores y garantizando una conservaci\u00f3n de alta calidad.","og_url":"https:\/\/www.multiploeditions.com\/es\/producto\/bear-triptych-part-1\/","og_site_name":"Multiplo Editions","article_modified_time":"2022-05-09T14:13:41+00:00","og_image":[{"width":2304,"height":2560,"url":"https:\/\/www.multiploeditions.com\/wp-content\/uploads\/2020\/11\/mF-Mira-Schor-Bear-Triptych-Part-1.jpg","type":"image\/jpeg"}],"twitter_card":"summary_large_image","schema":{"@context":"https:\/\/schema.org","@graph":[{"@type":"WebPage","@id":"https:\/\/www.multiploeditions.com\/es\/producto\/bear-triptych-part-1\/","url":"https:\/\/www.multiploeditions.com\/es\/producto\/bear-triptych-part-1\/","name":"Bear Triptych Part 1 - Multiplo Editions","isPartOf":{"@id":"https:\/\/www.multiploeditions.com\/es\/#website"},"primaryImageOfPage":{"@id":"https:\/\/www.multiploeditions.com\/es\/producto\/bear-triptych-part-1\/#primaryimage"},"image":{"@id":"https:\/\/www.multiploeditions.com\/es\/producto\/bear-triptych-part-1\/#primaryimage"},"thumbnailUrl":"https:\/\/www.multiploeditions.com\/wp-content\/uploads\/2020\/11\/mF-Mira-Schor-Bear-Triptych-Part-1.jpg","datePublished":"2020-11-03T17:52:22+00:00","dateModified":"2022-05-09T14:13:41+00:00","breadcrumb":{"@id":"https:\/\/www.multiploeditions.com\/es\/producto\/bear-triptych-part-1\/#breadcrumb"},"inLanguage":"es","potentialAction":[{"@type":"ReadAction","target":["https:\/\/www.multiploeditions.com\/es\/producto\/bear-triptych-part-1\/"]}]},{"@type":"ImageObject","inLanguage":"es","@id":"https:\/\/www.multiploeditions.com\/es\/producto\/bear-triptych-part-1\/#primaryimage","url":"https:\/\/www.multiploeditions.com\/wp-content\/uploads\/2020\/11\/mF-Mira-Schor-Bear-Triptych-Part-1.jpg","contentUrl":"https:\/\/www.multiploeditions.com\/wp-content\/uploads\/2020\/11\/mF-Mira-Schor-Bear-Triptych-Part-1.jpg","width":2304,"height":2560},{"@type":"BreadcrumbList","@id":"https:\/\/www.multiploeditions.com\/es\/producto\/bear-triptych-part-1\/#breadcrumb","itemListElement":[{"@type":"ListItem","position":1,"name":"Home","item":"https:\/\/www.multiploeditions.com\/es\/"},{"@type":"ListItem","position":2,"name":"Obras","item":"https:\/\/www.multiploeditions.com\/es\/obras\/"},{"@type":"ListItem","position":3,"name":"Bear Triptych Part 1"}]},{"@type":"WebSite","@id":"https:\/\/www.multiploeditions.com\/es\/#website","url":"https:\/\/www.multiploeditions.com\/es\/","name":"Multiplo","description":"Art can change lives","publisher":{"@id":"https:\/\/www.multiploeditions.com\/es\/#organization"},"potentialAction":[{"@type":"SearchAction","target":{"@type":"EntryPoint","urlTemplate":"https:\/\/www.multiploeditions.com\/es\/?s={search_term_string}"},"query-input":{"@type":"PropertyValueSpecification","valueRequired":true,"valueName":"search_term_string"}}],"inLanguage":"es"},{"@type":"Organization","@id":"https:\/\/www.multiploeditions.com\/es\/#organization","name":"Multiplo","url":"https:\/\/www.multiploeditions.com\/es\/","logo":{"@type":"ImageObject","inLanguage":"es","@id":"https:\/\/www.multiploeditions.com\/es\/#\/schema\/logo\/image\/","url":"https:\/\/www.multiploeditions.com\/wp-content\/uploads\/2020\/11\/apple-touch-icon.png","contentUrl":"https:\/\/www.multiploeditions.com\/wp-content\/uploads\/2020\/11\/apple-touch-icon.png","width":1024,"height":1024,"caption":"Multiplo"},"image":{"@id":"https:\/\/www.multiploeditions.com\/es\/#\/schema\/logo\/image\/"},"sameAs":["http:\/\/instagram.com\/multi_plo"]}]}},"_links":{"self":[{"href":"https:\/\/www.multiploeditions.com\/es\/wp-json\/wp\/v2\/product\/1664","targetHints":{"allow":["GET"]}}],"collection":[{"href":"https:\/\/www.multiploeditions.com\/es\/wp-json\/wp\/v2\/product"}],"about":[{"href":"https:\/\/www.multiploeditions.com\/es\/wp-json\/wp\/v2\/types\/product"}],"wp:featuredmedia":[{"embeddable":true,"href":"https:\/\/www.multiploeditions.com\/es\/wp-json\/wp\/v2\/media\/1625"}],"wp:attachment":[{"href":"https:\/\/www.multiploeditions.com\/es\/wp-json\/wp\/v2\/media?parent=1664"}],"wp:term":[{"taxonomy":"product_brand","embeddable":true,"href":"https:\/\/www.multiploeditions.com\/es\/wp-json\/wp\/v2\/product_brand?post=1664"},{"taxonomy":"product_cat","embeddable":true,"href":"https:\/\/www.multiploeditions.com\/es\/wp-json\/wp\/v2\/product_cat?post=1664"},{"taxonomy":"product_tag","embeddable":true,"href":"https:\/\/www.multiploeditions.com\/es\/wp-json\/wp\/v2\/product_tag?post=1664"}],"curies":[{"name":"wp","href":"https:\/\/api.w.org\/{rel}","templated":true}]}}