{"id":2734,"date":"2021-08-10T14:34:10","date_gmt":"2021-08-18T13:35:14","guid":{"rendered":"https:\/\/www.multiploeditions.com\/?post_type=product&#038;p=2734"},"modified":"2023-12-23T20:58:20","modified_gmt":"2023-12-24T01:58:20","slug":"downfall-1","status":"publish","type":"product","link":"https:\/\/www.multiploeditions.com\/es\/producto\/downfall-1\/","title":{"rendered":"Downfall"},"content":{"rendered":"","protected":false},"excerpt":{"rendered":"<p>Richard Bosman naci\u00f3 en 1944 en Madras, India y vive en Esopus, Nueva York. Por m\u00e1s de dos d\u00e9cadas ha mantenido el matrimonio arm\u00f3nico entre la pintura y la obra impresa. En la d\u00e9cada del 80 su carrera art\u00edstica revela extraordinaria inspiraci\u00f3n por las historietas chinas y el cine noir, dentro del movimiento figurativo Neo Expresionista. Drama, acci\u00f3n, suspenso, toda una diversidad de g\u00e9neros cinematogr\u00e1ficos son interpretados en una obra bidimensional donde se asoma el paisaje urbano cual actor secundario de la escena.<\/p>\n<p>Con alma de viajero, la mirada de Bosman es desde el pasado, el presente y el futuro. Su inquietud generosa por el histrionismo de los personajes e inter\u00e9s por el relato ceden ante las turbulentas pinceladas. Sabes que algo pas\u00f3, est\u00e1 pasando o va a pasar. El misterio en su obra es la autonom\u00eda con la que pinta. En ocasiones \u00e9l se coloca como un espectador en silencio, cuya mirada se enfoca en un lugar espec\u00edfico dentro de la composici\u00f3n. La forma es investigada en serie, en relaci\u00f3n estrecha con la memoria que la cobija y la mantiene viva.<\/p>\n<p>Si bien Bosman es un artista de escuela, conocedor exquisito de la t\u00e9cnica, durante su trayectoria no se ha enfocado en crear f\u00f3rmulas \u201cc\u00f3modas\u201d de creaci\u00f3n, se aleja de los estereotipos cotizados del mercado y atraviesa la sutil puerta del cambio constante. Es un explorador. Atisba la nota curiosa sobre lo distinto, cambia de un tema a otro sin dejarse manipular por lo que est\u00e1 a la moda. Es un artista que asume con entera magnificencia el valor de la libertad creativa.<\/p>\n<p>En 1994 recibi\u00f3 la beca Guggenheim y gran parte de sus obras forman parte de importantes colecciones p\u00fablicas como la del Museo de Arte Moderno de Nueva York, El Metropolitan Museum of Art, New York, Museo de Arte Contempor\u00e1neo de Los \u00c1ngeles, Museo Tamayo, Ciudad de M\u00e9xico, entre otros. Dentro de sus exhibiciones recientes destacan &#8220;The American Dream, pop to the present&#8221;, &#8220;The British Museum\u201d, London, 2017 y &#8220;Crazy Cats&#8221;, Elizabeth Harris Gallery, New York, 2018.<\/p>\n","protected":false},"featured_media":2576,"template":"","meta":{"_acf_changed":false,"_glsr_average":0,"_glsr_ranking":0,"_glsr_reviews":0},"product_brand":[],"product_cat":[92],"product_tag":[],"class_list":{"0":"post-2734","1":"product","2":"type-product","3":"status-publish","4":"has-post-thumbnail","6":"product_cat-richard-bosman-es","8":"first","9":"instock","10":"shipping-taxable","11":"purchasable","12":"product-type-simple"},"acf":[],"yoast_head":"<!-- This site is optimized with the Yoast SEO plugin v27.4 - https:\/\/yoast.com\/product\/yoast-seo-wordpress\/ -->\n<title>Downfall - Multiplo Editions<\/title>\n<meta name=\"robots\" content=\"index, follow, max-snippet:-1, max-image-preview:large, max-video-preview:-1\" \/>\n<link rel=\"canonical\" href=\"https:\/\/www.multiploeditions.com\/es\/producto\/downfall-1\/\" \/>\n<meta property=\"og:locale\" content=\"es_ES\" \/>\n<meta property=\"og:type\" content=\"article\" \/>\n<meta property=\"og:title\" content=\"Downfall - Multiplo Editions\" \/>\n<meta property=\"og:description\" content=\"Richard Bosman naci\u00f3 en 1944 en Madras, India y vive en Esopus, Nueva York. Por m\u00e1s de dos d\u00e9cadas ha mantenido el matrimonio arm\u00f3nico entre la pintura y la obra impresa. En la d\u00e9cada del 80 su carrera art\u00edstica revela extraordinaria inspiraci\u00f3n por las historietas chinas y el cine noir, dentro del movimiento figurativo Neo Expresionista. Drama, acci\u00f3n, suspenso, toda una diversidad de g\u00e9neros cinematogr\u00e1ficos son interpretados en una obra bidimensional donde se asoma el paisaje urbano cual actor secundario de la escena.  Con alma de viajero, la mirada de Bosman es desde el pasado, el presente y el futuro. Su inquietud generosa por el histrionismo de los personajes e inter\u00e9s por el relato ceden ante las turbulentas pinceladas. Sabes que algo pas\u00f3, est\u00e1 pasando o va a pasar. El misterio en su obra es la autonom\u00eda con la que pinta. En ocasiones \u00e9l se coloca como un espectador en silencio, cuya mirada se enfoca en un lugar espec\u00edfico dentro de la composici\u00f3n. La forma es investigada en serie, en relaci\u00f3n estrecha con la memoria que la cobija y la mantiene viva.  Si bien Bosman es un artista de escuela, conocedor exquisito de la t\u00e9cnica, durante su trayectoria no se ha enfocado en crear f\u00f3rmulas \u201cc\u00f3modas\u201d de creaci\u00f3n, se aleja de los estereotipos cotizados del mercado y atraviesa la sutil puerta del cambio constante. Es un explorador. Atisba la nota curiosa sobre lo distinto, cambia de un tema a otro sin dejarse manipular por lo que est\u00e1 a la moda. Es un artista que asume con entera magnificencia el valor de la libertad creativa.  En 1994 recibi\u00f3 la beca Guggenheim y gran parte de sus obras forman parte de importantes colecciones p\u00fablicas como la del Museo de Arte Moderno de Nueva York, El Metropolitan Museum of Art, New York, Museo de Arte Contempor\u00e1neo de Los \u00c1ngeles, Museo Tamayo, Ciudad de M\u00e9xico, entre otros. Dentro de sus exhibiciones recientes destacan &quot;The American Dream, pop to the present&#039;&#039;, ``The British Museum\u201d, London, 2017 y &quot;Crazy Cats&quot;, Elizabeth Harris Gallery, New York, 2018.\" \/>\n<meta property=\"og:url\" content=\"https:\/\/www.multiploeditions.com\/es\/producto\/downfall-1\/\" \/>\n<meta property=\"og:site_name\" content=\"Multiplo Editions\" \/>\n<meta property=\"article:modified_time\" content=\"2023-12-24T01:58:20+00:00\" \/>\n<meta name=\"twitter:card\" content=\"summary_large_image\" \/>\n<meta name=\"twitter:title\" content=\"false\" \/>\n<meta name=\"twitter:image\" content=\"https:\/\/www.multiploeditions.com\/wp-content\/uploads\/2021\/08\/Downfall_Richard-Bosman.png\" \/>\n<script type=\"application\/ld+json\" class=\"yoast-schema-graph\">{\"@context\":\"https:\\\/\\\/schema.org\",\"@graph\":[{\"@type\":\"WebPage\",\"@id\":\"https:\\\/\\\/www.multiploeditions.com\\\/es\\\/producto\\\/downfall-1\\\/\",\"url\":\"https:\\\/\\\/www.multiploeditions.com\\\/es\\\/producto\\\/downfall-1\\\/\",\"name\":\"Downfall - Multiplo Editions\",\"isPartOf\":{\"@id\":\"https:\\\/\\\/www.multiploeditions.com\\\/es\\\/#website\"},\"primaryImageOfPage\":{\"@id\":\"https:\\\/\\\/www.multiploeditions.com\\\/es\\\/producto\\\/downfall-1\\\/#primaryimage\"},\"image\":{\"@id\":\"https:\\\/\\\/www.multiploeditions.com\\\/es\\\/producto\\\/downfall-1\\\/#primaryimage\"},\"thumbnailUrl\":\"https:\\\/\\\/www.multiploeditions.com\\\/wp-content\\\/uploads\\\/2021\\\/08\\\/Downfall_Richard-Bosman.png\",\"datePublished\":\"2021-08-18T13:35:14+00:00\",\"dateModified\":\"2023-12-24T01:58:20+00:00\",\"breadcrumb\":{\"@id\":\"https:\\\/\\\/www.multiploeditions.com\\\/es\\\/producto\\\/downfall-1\\\/#breadcrumb\"},\"inLanguage\":\"es\",\"potentialAction\":[{\"@type\":\"ReadAction\",\"target\":[\"https:\\\/\\\/www.multiploeditions.com\\\/es\\\/producto\\\/downfall-1\\\/\"]}]},{\"@type\":\"ImageObject\",\"inLanguage\":\"es\",\"@id\":\"https:\\\/\\\/www.multiploeditions.com\\\/es\\\/producto\\\/downfall-1\\\/#primaryimage\",\"url\":\"https:\\\/\\\/www.multiploeditions.com\\\/wp-content\\\/uploads\\\/2021\\\/08\\\/Downfall_Richard-Bosman.png\",\"contentUrl\":\"https:\\\/\\\/www.multiploeditions.com\\\/wp-content\\\/uploads\\\/2021\\\/08\\\/Downfall_Richard-Bosman.png\",\"width\":2304,\"height\":2560},{\"@type\":\"BreadcrumbList\",\"@id\":\"https:\\\/\\\/www.multiploeditions.com\\\/es\\\/producto\\\/downfall-1\\\/#breadcrumb\",\"itemListElement\":[{\"@type\":\"ListItem\",\"position\":1,\"name\":\"Home\",\"item\":\"https:\\\/\\\/www.multiploeditions.com\\\/es\\\/\"},{\"@type\":\"ListItem\",\"position\":2,\"name\":\"Obras\",\"item\":\"https:\\\/\\\/www.multiploeditions.com\\\/es\\\/obras\\\/\"},{\"@type\":\"ListItem\",\"position\":3,\"name\":\"Downfall\"}]},{\"@type\":\"WebSite\",\"@id\":\"https:\\\/\\\/www.multiploeditions.com\\\/es\\\/#website\",\"url\":\"https:\\\/\\\/www.multiploeditions.com\\\/es\\\/\",\"name\":\"Multiplo\",\"description\":\"Art can change lives\",\"publisher\":{\"@id\":\"https:\\\/\\\/www.multiploeditions.com\\\/es\\\/#organization\"},\"potentialAction\":[{\"@type\":\"SearchAction\",\"target\":{\"@type\":\"EntryPoint\",\"urlTemplate\":\"https:\\\/\\\/www.multiploeditions.com\\\/es\\\/?s={search_term_string}\"},\"query-input\":{\"@type\":\"PropertyValueSpecification\",\"valueRequired\":true,\"valueName\":\"search_term_string\"}}],\"inLanguage\":\"es\"},{\"@type\":\"Organization\",\"@id\":\"https:\\\/\\\/www.multiploeditions.com\\\/es\\\/#organization\",\"name\":\"Multiplo\",\"url\":\"https:\\\/\\\/www.multiploeditions.com\\\/es\\\/\",\"logo\":{\"@type\":\"ImageObject\",\"inLanguage\":\"es\",\"@id\":\"https:\\\/\\\/www.multiploeditions.com\\\/es\\\/#\\\/schema\\\/logo\\\/image\\\/\",\"url\":\"https:\\\/\\\/www.multiploeditions.com\\\/wp-content\\\/uploads\\\/2020\\\/11\\\/apple-touch-icon.png\",\"contentUrl\":\"https:\\\/\\\/www.multiploeditions.com\\\/wp-content\\\/uploads\\\/2020\\\/11\\\/apple-touch-icon.png\",\"width\":1024,\"height\":1024,\"caption\":\"Multiplo\"},\"image\":{\"@id\":\"https:\\\/\\\/www.multiploeditions.com\\\/es\\\/#\\\/schema\\\/logo\\\/image\\\/\"},\"sameAs\":[\"http:\\\/\\\/instagram.com\\\/multi_plo\"]}]}<\/script>\n<!-- \/ Yoast SEO plugin. -->","yoast_head_json":{"title":"Downfall - Multiplo Editions","robots":{"index":"index","follow":"follow","max-snippet":"max-snippet:-1","max-image-preview":"max-image-preview:large","max-video-preview":"max-video-preview:-1"},"canonical":"https:\/\/www.multiploeditions.com\/es\/producto\/downfall-1\/","og_locale":"es_ES","og_type":"article","og_title":"Downfall - Multiplo Editions","og_description":"Richard Bosman naci\u00f3 en 1944 en Madras, India y vive en Esopus, Nueva York. Por m\u00e1s de dos d\u00e9cadas ha mantenido el matrimonio arm\u00f3nico entre la pintura y la obra impresa. En la d\u00e9cada del 80 su carrera art\u00edstica revela extraordinaria inspiraci\u00f3n por las historietas chinas y el cine noir, dentro del movimiento figurativo Neo Expresionista. Drama, acci\u00f3n, suspenso, toda una diversidad de g\u00e9neros cinematogr\u00e1ficos son interpretados en una obra bidimensional donde se asoma el paisaje urbano cual actor secundario de la escena.  Con alma de viajero, la mirada de Bosman es desde el pasado, el presente y el futuro. Su inquietud generosa por el histrionismo de los personajes e inter\u00e9s por el relato ceden ante las turbulentas pinceladas. Sabes que algo pas\u00f3, est\u00e1 pasando o va a pasar. El misterio en su obra es la autonom\u00eda con la que pinta. En ocasiones \u00e9l se coloca como un espectador en silencio, cuya mirada se enfoca en un lugar espec\u00edfico dentro de la composici\u00f3n. La forma es investigada en serie, en relaci\u00f3n estrecha con la memoria que la cobija y la mantiene viva.  Si bien Bosman es un artista de escuela, conocedor exquisito de la t\u00e9cnica, durante su trayectoria no se ha enfocado en crear f\u00f3rmulas \u201cc\u00f3modas\u201d de creaci\u00f3n, se aleja de los estereotipos cotizados del mercado y atraviesa la sutil puerta del cambio constante. Es un explorador. Atisba la nota curiosa sobre lo distinto, cambia de un tema a otro sin dejarse manipular por lo que est\u00e1 a la moda. Es un artista que asume con entera magnificencia el valor de la libertad creativa.  En 1994 recibi\u00f3 la beca Guggenheim y gran parte de sus obras forman parte de importantes colecciones p\u00fablicas como la del Museo de Arte Moderno de Nueva York, El Metropolitan Museum of Art, New York, Museo de Arte Contempor\u00e1neo de Los \u00c1ngeles, Museo Tamayo, Ciudad de M\u00e9xico, entre otros. Dentro de sus exhibiciones recientes destacan \"The American Dream, pop to the present'', ``The British Museum\u201d, London, 2017 y \"Crazy Cats\", Elizabeth Harris Gallery, New York, 2018.","og_url":"https:\/\/www.multiploeditions.com\/es\/producto\/downfall-1\/","og_site_name":"Multiplo Editions","article_modified_time":"2023-12-24T01:58:20+00:00","twitter_card":"summary_large_image","twitter_title":"false","twitter_image":"https:\/\/www.multiploeditions.com\/wp-content\/uploads\/2021\/08\/Downfall_Richard-Bosman.png","schema":{"@context":"https:\/\/schema.org","@graph":[{"@type":"WebPage","@id":"https:\/\/www.multiploeditions.com\/es\/producto\/downfall-1\/","url":"https:\/\/www.multiploeditions.com\/es\/producto\/downfall-1\/","name":"Downfall - Multiplo Editions","isPartOf":{"@id":"https:\/\/www.multiploeditions.com\/es\/#website"},"primaryImageOfPage":{"@id":"https:\/\/www.multiploeditions.com\/es\/producto\/downfall-1\/#primaryimage"},"image":{"@id":"https:\/\/www.multiploeditions.com\/es\/producto\/downfall-1\/#primaryimage"},"thumbnailUrl":"https:\/\/www.multiploeditions.com\/wp-content\/uploads\/2021\/08\/Downfall_Richard-Bosman.png","datePublished":"2021-08-18T13:35:14+00:00","dateModified":"2023-12-24T01:58:20+00:00","breadcrumb":{"@id":"https:\/\/www.multiploeditions.com\/es\/producto\/downfall-1\/#breadcrumb"},"inLanguage":"es","potentialAction":[{"@type":"ReadAction","target":["https:\/\/www.multiploeditions.com\/es\/producto\/downfall-1\/"]}]},{"@type":"ImageObject","inLanguage":"es","@id":"https:\/\/www.multiploeditions.com\/es\/producto\/downfall-1\/#primaryimage","url":"https:\/\/www.multiploeditions.com\/wp-content\/uploads\/2021\/08\/Downfall_Richard-Bosman.png","contentUrl":"https:\/\/www.multiploeditions.com\/wp-content\/uploads\/2021\/08\/Downfall_Richard-Bosman.png","width":2304,"height":2560},{"@type":"BreadcrumbList","@id":"https:\/\/www.multiploeditions.com\/es\/producto\/downfall-1\/#breadcrumb","itemListElement":[{"@type":"ListItem","position":1,"name":"Home","item":"https:\/\/www.multiploeditions.com\/es\/"},{"@type":"ListItem","position":2,"name":"Obras","item":"https:\/\/www.multiploeditions.com\/es\/obras\/"},{"@type":"ListItem","position":3,"name":"Downfall"}]},{"@type":"WebSite","@id":"https:\/\/www.multiploeditions.com\/es\/#website","url":"https:\/\/www.multiploeditions.com\/es\/","name":"Multiplo","description":"Art can change lives","publisher":{"@id":"https:\/\/www.multiploeditions.com\/es\/#organization"},"potentialAction":[{"@type":"SearchAction","target":{"@type":"EntryPoint","urlTemplate":"https:\/\/www.multiploeditions.com\/es\/?s={search_term_string}"},"query-input":{"@type":"PropertyValueSpecification","valueRequired":true,"valueName":"search_term_string"}}],"inLanguage":"es"},{"@type":"Organization","@id":"https:\/\/www.multiploeditions.com\/es\/#organization","name":"Multiplo","url":"https:\/\/www.multiploeditions.com\/es\/","logo":{"@type":"ImageObject","inLanguage":"es","@id":"https:\/\/www.multiploeditions.com\/es\/#\/schema\/logo\/image\/","url":"https:\/\/www.multiploeditions.com\/wp-content\/uploads\/2020\/11\/apple-touch-icon.png","contentUrl":"https:\/\/www.multiploeditions.com\/wp-content\/uploads\/2020\/11\/apple-touch-icon.png","width":1024,"height":1024,"caption":"Multiplo"},"image":{"@id":"https:\/\/www.multiploeditions.com\/es\/#\/schema\/logo\/image\/"},"sameAs":["http:\/\/instagram.com\/multi_plo"]}]}},"_links":{"self":[{"href":"https:\/\/www.multiploeditions.com\/es\/wp-json\/wp\/v2\/product\/2734","targetHints":{"allow":["GET"]}}],"collection":[{"href":"https:\/\/www.multiploeditions.com\/es\/wp-json\/wp\/v2\/product"}],"about":[{"href":"https:\/\/www.multiploeditions.com\/es\/wp-json\/wp\/v2\/types\/product"}],"wp:featuredmedia":[{"embeddable":true,"href":"https:\/\/www.multiploeditions.com\/es\/wp-json\/wp\/v2\/media\/2576"}],"wp:attachment":[{"href":"https:\/\/www.multiploeditions.com\/es\/wp-json\/wp\/v2\/media?parent=2734"}],"wp:term":[{"taxonomy":"product_brand","embeddable":true,"href":"https:\/\/www.multiploeditions.com\/es\/wp-json\/wp\/v2\/product_brand?post=2734"},{"taxonomy":"product_cat","embeddable":true,"href":"https:\/\/www.multiploeditions.com\/es\/wp-json\/wp\/v2\/product_cat?post=2734"},{"taxonomy":"product_tag","embeddable":true,"href":"https:\/\/www.multiploeditions.com\/es\/wp-json\/wp\/v2\/product_tag?post=2734"}],"curies":[{"name":"wp","href":"https:\/\/api.w.org\/{rel}","templated":true}]}}