{"id":2981,"date":"2021-11-19T15:30:26","date_gmt":"2021-11-19T20:30:26","guid":{"rendered":"https:\/\/www.multiploeditions.com\/?post_type=product&#038;p=2981"},"modified":"2021-11-25T13:54:57","modified_gmt":"2021-11-25T18:54:57","slug":"untitled","status":"publish","type":"product","link":"https:\/\/www.multiploeditions.com\/es\/producto\/untitled\/","title":{"rendered":"Untitled"},"content":{"rendered":"","protected":false},"excerpt":{"rendered":"<p><span style=\"font-weight: 400;\">Andr\u00e9 Butzer naci\u00f3 en Stuttgart, Alemania en 1973 y actualmente vive y trabaja en Berl\u00edn. De 1996 al 2000 estudi\u00f3 en la \u201cAkademie Isotrop\u201d, Hamburg, DE, con esp\u00edritu cr\u00edtico, aut\u00f3nomo y avant-garde. Durante estos a\u00f1os form\u00f3 parte de diversos grupos de artistas en Europa como <\/span><i><span style=\"font-weight: 400;\">Contemporary Fine Arts<\/span><\/i><span style=\"font-weight: 400;\">, <\/span><i><span style=\"font-weight: 400;\">Secession<\/span><\/i><span style=\"font-weight: 400;\"> y <\/span><i><span style=\"font-weight: 400;\">Ulm<\/span><\/i><span style=\"font-weight: 400;\">. En el 2001 fund\u00f3 el &#8220;Institut f\u00fcr SDI-Traumforschung&#8221;, junto al artista Bj\u00f6rn Dahlem, en Berl\u00edn,y fue co-editor de la revista <\/span><i><span style=\"font-weight: 400;\">Isotrops<\/span><\/i><span style=\"font-weight: 400;\">. A finales de la d\u00e9cada del 90 se asoman las figuras con cabeza, ojos y manos grandes con predominancia de los colores primarios y pinceladas el\u00e9ctricas.\u00a0<\/span><\/p>\n<p><span style=\"font-weight: 400;\">Su inter\u00e9s por la teor\u00eda del color y su integraci\u00f3n con la luz se ven reflejado en la no b\u00fasqueda de un lenguaje preciso sino en el disfrute pleno del albedr\u00edo pict\u00f3rico, consciente y cognitivo. Si bien se puede insertar su obra dentro del expresionismo, Butzer no se conforma con las definiciones tradicionales del arte y su creaci\u00f3n cambia constantemente, tanto en el estilo como el medio, denominada por el propio artista como <\/span><i><span style=\"font-weight: 400;\">Science Fiction Expressionism<\/span><\/i><span style=\"font-weight: 400;\">. En sus pinturas abstractas el color gris es un aliado de la Historia y lleva al espectador a una zona de introspecci\u00f3n on\u00edrica donde no existe divisi\u00f3n entre ficci\u00f3n y realidad: NASAHEIM.<\/span><\/p>\n<p><span style=\"font-weight: 400;\">Butzer se inspira en diversos artistas como Walt Disney y Edward Munch y articula una utop\u00eda cultural que cobra vida en el imaginario colectivo, advirti\u00e9ndonos el poder de la representaci\u00f3n y el eco de la imagen. Un sentimiento ideal entre el pop y el neoexpresionismo, el multicolor y la monocrom\u00eda.\u00a0 La evocaci\u00f3n al caos y al comic no inquieta, pero excita la zona de confort de los personajes representados, quienes se divierten en el gesto din\u00e1mico.\u00a0<\/span><\/p>\n<p><span style=\"font-weight: 400;\">En los \u00faltimos a\u00f1os ha exhibido en instituciones importantes como IKOB Museum of Contemporary Art, Eupen (2018), YUZ Museum, West Bund, Shanghai (2021), Museum of the Light, Hokuto (2021) y dentro de sus m\u00e1s recientes shows destaca <\/span><i><span style=\"font-weight: 400;\">Works from the TASCHEN Collection 2000\u20132021<\/span><\/i><span style=\"font-weight: 400;\">, TASCHEN, Cologne (2021). Su obra forma parte de destacadas colecciones p\u00fablicas como el Mus\u00e9e d\u2019art contemporain, N\u00eemes, Art Institute of Chicago, Chicago, <\/span><span style=\"font-weight: 400;\">MOCA, Los Angeles y Collection Olbricht, Berl\u00edn.\u00a0<\/span><\/p>\n","protected":false},"featured_media":3062,"template":"","meta":{"_acf_changed":false,"_glsr_average":0,"_glsr_ranking":0,"_glsr_reviews":0},"product_brand":[],"product_cat":[95],"product_tag":[],"class_list":{"0":"post-2981","1":"product","2":"type-product","3":"status-publish","4":"has-post-thumbnail","6":"product_cat-andre-butzer-es","8":"first","9":"outofstock","10":"shipping-taxable","11":"purchasable","12":"product-type-simple"},"acf":[],"yoast_head":"<!-- This site is optimized with the Yoast SEO plugin v27.3 - https:\/\/yoast.com\/product\/yoast-seo-wordpress\/ -->\n<title>Untitled - Multiplo Editions<\/title>\n<meta name=\"robots\" content=\"index, follow, max-snippet:-1, max-image-preview:large, max-video-preview:-1\" \/>\n<link rel=\"canonical\" href=\"https:\/\/www.multiploeditions.com\/es\/producto\/untitled\/\" \/>\n<meta property=\"og:locale\" content=\"es_ES\" \/>\n<meta property=\"og:type\" content=\"article\" \/>\n<meta property=\"og:title\" content=\"Untitled - Multiplo Editions\" \/>\n<meta property=\"og:description\" content=\"Andr\u00e9 Butzer naci\u00f3 en Stuttgart, Alemania en 1973 y actualmente vive y trabaja en Berl\u00edn. De 1996 al 2000 estudi\u00f3 en la \u201cAkademie Isotrop\u201d, Hamburg, DE, con esp\u00edritu cr\u00edtico, aut\u00f3nomo y avant-garde. Durante estos a\u00f1os form\u00f3 parte de diversos grupos de artistas en Europa como Contemporary Fine Arts, Secession y Ulm. En el 2001 fund\u00f3 el &quot;Institut f\u00fcr SDI-Traumforschung&quot;, junto al artista Bj\u00f6rn Dahlem, en Berl\u00edn,y fue co-editor de la revista Isotrops. A finales de la d\u00e9cada del 90 se asoman las figuras con cabeza, ojos y manos grandes con predominancia de los colores primarios y pinceladas el\u00e9ctricas.\u00a0  Su inter\u00e9s por la teor\u00eda del color y su integraci\u00f3n con la luz se ven reflejado en la no b\u00fasqueda de un lenguaje preciso sino en el disfrute pleno del albedr\u00edo pict\u00f3rico, consciente y cognitivo. Si bien se puede insertar su obra dentro del expresionismo, Butzer no se conforma con las definiciones tradicionales del arte y su creaci\u00f3n cambia constantemente, tanto en el estilo como el medio, denominada por el propio artista como Science Fiction Expressionism. En sus pinturas abstractas el color gris es un aliado de la Historia y lleva al espectador a una zona de introspecci\u00f3n on\u00edrica donde no existe divisi\u00f3n entre ficci\u00f3n y realidad: NASAHEIM.  Butzer se inspira en diversos artistas como Walt Disney y Edward Munch y articula una utop\u00eda cultural que cobra vida en el imaginario colectivo, advirti\u00e9ndonos el poder de la representaci\u00f3n y el eco de la imagen. Un sentimiento ideal entre el pop y el neoexpresionismo, el multicolor y la monocrom\u00eda.\u00a0 La evocaci\u00f3n al caos y al comic no inquieta, pero excita la zona de confort de los personajes representados, quienes se divierten en el gesto din\u00e1mico.\u00a0  En los \u00faltimos a\u00f1os ha exhibido en instituciones importantes como IKOB Museum of Contemporary Art, Eupen (2018), YUZ Museum, West Bund, Shanghai (2021), Museum of the Light, Hokuto (2021) y dentro de sus m\u00e1s recientes shows destaca Works from the TASCHEN Collection 2000\u20132021, TASCHEN, Cologne (2021). Su obra forma parte de destacadas colecciones p\u00fablicas como el Mus\u00e9e d\u2019art contemporain, N\u00eemes, Art Institute of Chicago, Chicago, MOCA, Los Angeles y Collection Olbricht, Berl\u00edn.\u00a0\" \/>\n<meta property=\"og:url\" content=\"https:\/\/www.multiploeditions.com\/es\/producto\/untitled\/\" \/>\n<meta property=\"og:site_name\" content=\"Multiplo Editions\" \/>\n<meta property=\"article:modified_time\" content=\"2021-11-25T18:54:57+00:00\" \/>\n<meta name=\"twitter:card\" content=\"summary_large_image\" \/>\n<meta name=\"twitter:title\" content=\"false\" \/>\n<meta name=\"twitter:image\" content=\"https:\/\/www.multiploeditions.com\/wp-content\/uploads\/2021\/11\/Untitled_-1.png\" \/>\n<script type=\"application\/ld+json\" class=\"yoast-schema-graph\">{\"@context\":\"https:\\\/\\\/schema.org\",\"@graph\":[{\"@type\":\"WebPage\",\"@id\":\"https:\\\/\\\/www.multiploeditions.com\\\/es\\\/producto\\\/untitled\\\/\",\"url\":\"https:\\\/\\\/www.multiploeditions.com\\\/es\\\/producto\\\/untitled\\\/\",\"name\":\"Untitled - Multiplo Editions\",\"isPartOf\":{\"@id\":\"https:\\\/\\\/www.multiploeditions.com\\\/es\\\/#website\"},\"primaryImageOfPage\":{\"@id\":\"https:\\\/\\\/www.multiploeditions.com\\\/es\\\/producto\\\/untitled\\\/#primaryimage\"},\"image\":{\"@id\":\"https:\\\/\\\/www.multiploeditions.com\\\/es\\\/producto\\\/untitled\\\/#primaryimage\"},\"thumbnailUrl\":\"https:\\\/\\\/www.multiploeditions.com\\\/wp-content\\\/uploads\\\/2021\\\/11\\\/Untitled_-1.png\",\"datePublished\":\"2021-11-19T20:30:26+00:00\",\"dateModified\":\"2021-11-25T18:54:57+00:00\",\"breadcrumb\":{\"@id\":\"https:\\\/\\\/www.multiploeditions.com\\\/es\\\/producto\\\/untitled\\\/#breadcrumb\"},\"inLanguage\":\"es\",\"potentialAction\":[{\"@type\":\"ReadAction\",\"target\":[\"https:\\\/\\\/www.multiploeditions.com\\\/es\\\/producto\\\/untitled\\\/\"]}]},{\"@type\":\"ImageObject\",\"inLanguage\":\"es\",\"@id\":\"https:\\\/\\\/www.multiploeditions.com\\\/es\\\/producto\\\/untitled\\\/#primaryimage\",\"url\":\"https:\\\/\\\/www.multiploeditions.com\\\/wp-content\\\/uploads\\\/2021\\\/11\\\/Untitled_-1.png\",\"contentUrl\":\"https:\\\/\\\/www.multiploeditions.com\\\/wp-content\\\/uploads\\\/2021\\\/11\\\/Untitled_-1.png\",\"width\":2304,\"height\":2560},{\"@type\":\"BreadcrumbList\",\"@id\":\"https:\\\/\\\/www.multiploeditions.com\\\/es\\\/producto\\\/untitled\\\/#breadcrumb\",\"itemListElement\":[{\"@type\":\"ListItem\",\"position\":1,\"name\":\"Home\",\"item\":\"https:\\\/\\\/www.multiploeditions.com\\\/es\\\/\"},{\"@type\":\"ListItem\",\"position\":2,\"name\":\"Obras\",\"item\":\"https:\\\/\\\/www.multiploeditions.com\\\/es\\\/obras\\\/\"},{\"@type\":\"ListItem\",\"position\":3,\"name\":\"Untitled\"}]},{\"@type\":\"WebSite\",\"@id\":\"https:\\\/\\\/www.multiploeditions.com\\\/es\\\/#website\",\"url\":\"https:\\\/\\\/www.multiploeditions.com\\\/es\\\/\",\"name\":\"Multiplo\",\"description\":\"Art can change lives\",\"publisher\":{\"@id\":\"https:\\\/\\\/www.multiploeditions.com\\\/es\\\/#organization\"},\"potentialAction\":[{\"@type\":\"SearchAction\",\"target\":{\"@type\":\"EntryPoint\",\"urlTemplate\":\"https:\\\/\\\/www.multiploeditions.com\\\/es\\\/?s={search_term_string}\"},\"query-input\":{\"@type\":\"PropertyValueSpecification\",\"valueRequired\":true,\"valueName\":\"search_term_string\"}}],\"inLanguage\":\"es\"},{\"@type\":\"Organization\",\"@id\":\"https:\\\/\\\/www.multiploeditions.com\\\/es\\\/#organization\",\"name\":\"Multiplo\",\"url\":\"https:\\\/\\\/www.multiploeditions.com\\\/es\\\/\",\"logo\":{\"@type\":\"ImageObject\",\"inLanguage\":\"es\",\"@id\":\"https:\\\/\\\/www.multiploeditions.com\\\/es\\\/#\\\/schema\\\/logo\\\/image\\\/\",\"url\":\"https:\\\/\\\/www.multiploeditions.com\\\/wp-content\\\/uploads\\\/2020\\\/11\\\/apple-touch-icon.png\",\"contentUrl\":\"https:\\\/\\\/www.multiploeditions.com\\\/wp-content\\\/uploads\\\/2020\\\/11\\\/apple-touch-icon.png\",\"width\":1024,\"height\":1024,\"caption\":\"Multiplo\"},\"image\":{\"@id\":\"https:\\\/\\\/www.multiploeditions.com\\\/es\\\/#\\\/schema\\\/logo\\\/image\\\/\"},\"sameAs\":[\"http:\\\/\\\/instagram.com\\\/multi_plo\"]}]}<\/script>\n<!-- \/ Yoast SEO plugin. -->","yoast_head_json":{"title":"Untitled - Multiplo Editions","robots":{"index":"index","follow":"follow","max-snippet":"max-snippet:-1","max-image-preview":"max-image-preview:large","max-video-preview":"max-video-preview:-1"},"canonical":"https:\/\/www.multiploeditions.com\/es\/producto\/untitled\/","og_locale":"es_ES","og_type":"article","og_title":"Untitled - Multiplo Editions","og_description":"Andr\u00e9 Butzer naci\u00f3 en Stuttgart, Alemania en 1973 y actualmente vive y trabaja en Berl\u00edn. De 1996 al 2000 estudi\u00f3 en la \u201cAkademie Isotrop\u201d, Hamburg, DE, con esp\u00edritu cr\u00edtico, aut\u00f3nomo y avant-garde. Durante estos a\u00f1os form\u00f3 parte de diversos grupos de artistas en Europa como Contemporary Fine Arts, Secession y Ulm. En el 2001 fund\u00f3 el \"Institut f\u00fcr SDI-Traumforschung\", junto al artista Bj\u00f6rn Dahlem, en Berl\u00edn,y fue co-editor de la revista Isotrops. A finales de la d\u00e9cada del 90 se asoman las figuras con cabeza, ojos y manos grandes con predominancia de los colores primarios y pinceladas el\u00e9ctricas.\u00a0  Su inter\u00e9s por la teor\u00eda del color y su integraci\u00f3n con la luz se ven reflejado en la no b\u00fasqueda de un lenguaje preciso sino en el disfrute pleno del albedr\u00edo pict\u00f3rico, consciente y cognitivo. Si bien se puede insertar su obra dentro del expresionismo, Butzer no se conforma con las definiciones tradicionales del arte y su creaci\u00f3n cambia constantemente, tanto en el estilo como el medio, denominada por el propio artista como Science Fiction Expressionism. En sus pinturas abstractas el color gris es un aliado de la Historia y lleva al espectador a una zona de introspecci\u00f3n on\u00edrica donde no existe divisi\u00f3n entre ficci\u00f3n y realidad: NASAHEIM.  Butzer se inspira en diversos artistas como Walt Disney y Edward Munch y articula una utop\u00eda cultural que cobra vida en el imaginario colectivo, advirti\u00e9ndonos el poder de la representaci\u00f3n y el eco de la imagen. Un sentimiento ideal entre el pop y el neoexpresionismo, el multicolor y la monocrom\u00eda.\u00a0 La evocaci\u00f3n al caos y al comic no inquieta, pero excita la zona de confort de los personajes representados, quienes se divierten en el gesto din\u00e1mico.\u00a0  En los \u00faltimos a\u00f1os ha exhibido en instituciones importantes como IKOB Museum of Contemporary Art, Eupen (2018), YUZ Museum, West Bund, Shanghai (2021), Museum of the Light, Hokuto (2021) y dentro de sus m\u00e1s recientes shows destaca Works from the TASCHEN Collection 2000\u20132021, TASCHEN, Cologne (2021). Su obra forma parte de destacadas colecciones p\u00fablicas como el Mus\u00e9e d\u2019art contemporain, N\u00eemes, Art Institute of Chicago, Chicago, MOCA, Los Angeles y Collection Olbricht, Berl\u00edn.\u00a0","og_url":"https:\/\/www.multiploeditions.com\/es\/producto\/untitled\/","og_site_name":"Multiplo Editions","article_modified_time":"2021-11-25T18:54:57+00:00","twitter_card":"summary_large_image","twitter_title":"false","twitter_image":"https:\/\/www.multiploeditions.com\/wp-content\/uploads\/2021\/11\/Untitled_-1.png","schema":{"@context":"https:\/\/schema.org","@graph":[{"@type":"WebPage","@id":"https:\/\/www.multiploeditions.com\/es\/producto\/untitled\/","url":"https:\/\/www.multiploeditions.com\/es\/producto\/untitled\/","name":"Untitled - Multiplo Editions","isPartOf":{"@id":"https:\/\/www.multiploeditions.com\/es\/#website"},"primaryImageOfPage":{"@id":"https:\/\/www.multiploeditions.com\/es\/producto\/untitled\/#primaryimage"},"image":{"@id":"https:\/\/www.multiploeditions.com\/es\/producto\/untitled\/#primaryimage"},"thumbnailUrl":"https:\/\/www.multiploeditions.com\/wp-content\/uploads\/2021\/11\/Untitled_-1.png","datePublished":"2021-11-19T20:30:26+00:00","dateModified":"2021-11-25T18:54:57+00:00","breadcrumb":{"@id":"https:\/\/www.multiploeditions.com\/es\/producto\/untitled\/#breadcrumb"},"inLanguage":"es","potentialAction":[{"@type":"ReadAction","target":["https:\/\/www.multiploeditions.com\/es\/producto\/untitled\/"]}]},{"@type":"ImageObject","inLanguage":"es","@id":"https:\/\/www.multiploeditions.com\/es\/producto\/untitled\/#primaryimage","url":"https:\/\/www.multiploeditions.com\/wp-content\/uploads\/2021\/11\/Untitled_-1.png","contentUrl":"https:\/\/www.multiploeditions.com\/wp-content\/uploads\/2021\/11\/Untitled_-1.png","width":2304,"height":2560},{"@type":"BreadcrumbList","@id":"https:\/\/www.multiploeditions.com\/es\/producto\/untitled\/#breadcrumb","itemListElement":[{"@type":"ListItem","position":1,"name":"Home","item":"https:\/\/www.multiploeditions.com\/es\/"},{"@type":"ListItem","position":2,"name":"Obras","item":"https:\/\/www.multiploeditions.com\/es\/obras\/"},{"@type":"ListItem","position":3,"name":"Untitled"}]},{"@type":"WebSite","@id":"https:\/\/www.multiploeditions.com\/es\/#website","url":"https:\/\/www.multiploeditions.com\/es\/","name":"Multiplo","description":"Art can change lives","publisher":{"@id":"https:\/\/www.multiploeditions.com\/es\/#organization"},"potentialAction":[{"@type":"SearchAction","target":{"@type":"EntryPoint","urlTemplate":"https:\/\/www.multiploeditions.com\/es\/?s={search_term_string}"},"query-input":{"@type":"PropertyValueSpecification","valueRequired":true,"valueName":"search_term_string"}}],"inLanguage":"es"},{"@type":"Organization","@id":"https:\/\/www.multiploeditions.com\/es\/#organization","name":"Multiplo","url":"https:\/\/www.multiploeditions.com\/es\/","logo":{"@type":"ImageObject","inLanguage":"es","@id":"https:\/\/www.multiploeditions.com\/es\/#\/schema\/logo\/image\/","url":"https:\/\/www.multiploeditions.com\/wp-content\/uploads\/2020\/11\/apple-touch-icon.png","contentUrl":"https:\/\/www.multiploeditions.com\/wp-content\/uploads\/2020\/11\/apple-touch-icon.png","width":1024,"height":1024,"caption":"Multiplo"},"image":{"@id":"https:\/\/www.multiploeditions.com\/es\/#\/schema\/logo\/image\/"},"sameAs":["http:\/\/instagram.com\/multi_plo"]}]}},"_links":{"self":[{"href":"https:\/\/www.multiploeditions.com\/es\/wp-json\/wp\/v2\/product\/2981","targetHints":{"allow":["GET"]}}],"collection":[{"href":"https:\/\/www.multiploeditions.com\/es\/wp-json\/wp\/v2\/product"}],"about":[{"href":"https:\/\/www.multiploeditions.com\/es\/wp-json\/wp\/v2\/types\/product"}],"wp:featuredmedia":[{"embeddable":true,"href":"https:\/\/www.multiploeditions.com\/es\/wp-json\/wp\/v2\/media\/3062"}],"wp:attachment":[{"href":"https:\/\/www.multiploeditions.com\/es\/wp-json\/wp\/v2\/media?parent=2981"}],"wp:term":[{"taxonomy":"product_brand","embeddable":true,"href":"https:\/\/www.multiploeditions.com\/es\/wp-json\/wp\/v2\/product_brand?post=2981"},{"taxonomy":"product_cat","embeddable":true,"href":"https:\/\/www.multiploeditions.com\/es\/wp-json\/wp\/v2\/product_cat?post=2981"},{"taxonomy":"product_tag","embeddable":true,"href":"https:\/\/www.multiploeditions.com\/es\/wp-json\/wp\/v2\/product_tag?post=2981"}],"curies":[{"name":"wp","href":"https:\/\/api.w.org\/{rel}","templated":true}]}}