{"id":3210,"date":"2021-12-03T15:41:41","date_gmt":"2021-12-03T20:41:41","guid":{"rendered":"https:\/\/www.multiploeditions.com\/?post_type=product&#038;p=3210"},"modified":"2021-12-11T15:54:44","modified_gmt":"2021-12-11T20:54:44","slug":"the-hug","status":"publish","type":"product","link":"https:\/\/www.multiploeditions.com\/es\/producto\/the-hug\/","title":{"rendered":"The Hug"},"content":{"rendered":"","protected":false},"excerpt":{"rendered":"<p><span style=\"font-weight: 400;\">Antonyo Marest naci\u00f3 en 1987 en la ciudad de Alicante, Espa\u00f1a. Influenciado por la vida en el Mediterr\u00e1neo desde muy temprano su creaci\u00f3n art\u00edstica estuvo vinculada al color, la luz y la integraci\u00f3n con el espacio f\u00edsico. Sus primeras incursiones fueron en el grafiti, en el a\u00f1o 1998 y posteriormente fue incorporando la pintura y el dise\u00f1o, motivado en gran medida por sus estudios de arquitectura en diversas universidades europeas. \u00a0 Su esp\u00edritu libre y curioso fueron conformando su ideal de artista renovando constantemente su paisaje interior.\u00a0<\/span><\/p>\n<p><span style=\"font-weight: 400;\">Actualmente Marest es uno de los artistas urbanos m\u00e1s reconocidos internacionalmente. El camino ha estado guiado por la disciplina y la constancia, tambi\u00e9n por la calidad e impacto de sus obras. La evoluci\u00f3n del color goza de una autonom\u00eda extraordinaria a partir del a\u00f1o 2009, fecha en que se convierte en muralista profesional. Del 2012 al 2015 da un giro en su obra, reduciendo los colores y utiliz\u00e1ndolos para generar significados diversos. Su inter\u00e9s por el Art Deco y el Tr\u00f3pico comienza en el 2018 con el color-feeling aludiendo a las emociones y abriendo un din\u00e1mico puente hacia lo retro. Incorpora palmeras a las colosales composiciones y adapta su estilo al paisaje local, conectando con la naturaleza y reflejando identidades culturales populares.\u00a0<\/span><\/p>\n<p><span style=\"font-weight: 400;\">Algunos de los proyectos que ha realizado son Miami Sunrise Tower (2021), Start India Chennai (2020) y Visionart Festival (2019). Tambi\u00e9n ha colaborado con importantes marcas y compa\u00f1\u00edas como Tumi, Royal Enfield y Sofitel, enriqueciendo su obra con otras disciplinas como el dise\u00f1o y la fotograf\u00eda. Dentro de las exhibiciones recientes donde ha participado se encuentran \u201cSun Harbour\u201d, Furiosa Gallery, Madrid 2020, \u201cOptical Ilusion\u201d, Fumigee Gallery, Paris 2020, \u201cBoudless Boundaries\u201d, Stolen Space, London 2020, entre otras. Su obra es coleccionada principalmente por corporaciones que integran el arte en sus proyectos para ofrecer a sus clientes una manera aut\u00e9ntica de disfrutar la vida. <\/span><\/p>\n","protected":false},"featured_media":3237,"template":"","meta":{"_acf_changed":false,"_glsr_average":0,"_glsr_ranking":0,"_glsr_reviews":0},"product_brand":[],"product_cat":[97],"product_tag":[],"class_list":{"0":"post-3210","1":"product","2":"type-product","3":"status-publish","4":"has-post-thumbnail","6":"product_cat-antonyo-marest-es","8":"first","9":"instock","10":"shipping-taxable","11":"purchasable","12":"product-type-simple"},"acf":[],"yoast_head":"<!-- This site is optimized with the Yoast SEO plugin v27.4 - https:\/\/yoast.com\/product\/yoast-seo-wordpress\/ -->\n<title>The Hug - Multiplo Editions<\/title>\n<meta name=\"robots\" content=\"index, follow, max-snippet:-1, max-image-preview:large, max-video-preview:-1\" \/>\n<link rel=\"canonical\" href=\"https:\/\/www.multiploeditions.com\/es\/producto\/the-hug\/\" \/>\n<meta property=\"og:locale\" content=\"es_ES\" \/>\n<meta property=\"og:type\" content=\"article\" \/>\n<meta property=\"og:title\" content=\"The Hug - Multiplo Editions\" \/>\n<meta property=\"og:description\" content=\"Antonyo Marest naci\u00f3 en 1987 en la ciudad de Alicante, Espa\u00f1a. Influenciado por la vida en el Mediterr\u00e1neo desde muy temprano su creaci\u00f3n art\u00edstica estuvo vinculada al color, la luz y la integraci\u00f3n con el espacio f\u00edsico. Sus primeras incursiones fueron en el grafiti, en el a\u00f1o 1998 y posteriormente fue incorporando la pintura y el dise\u00f1o, motivado en gran medida por sus estudios de arquitectura en diversas universidades europeas. \u00a0 Su esp\u00edritu libre y curioso fueron conformando su ideal de artista renovando constantemente su paisaje interior.\u00a0  Actualmente Marest es uno de los artistas urbanos m\u00e1s reconocidos internacionalmente. El camino ha estado guiado por la disciplina y la constancia, tambi\u00e9n por la calidad e impacto de sus obras. La evoluci\u00f3n del color goza de una autonom\u00eda extraordinaria a partir del a\u00f1o 2009, fecha en que se convierte en muralista profesional. Del 2012 al 2015 da un giro en su obra, reduciendo los colores y utiliz\u00e1ndolos para generar significados diversos. Su inter\u00e9s por el Art Deco y el Tr\u00f3pico comienza en el 2018 con el color-feeling aludiendo a las emociones y abriendo un din\u00e1mico puente hacia lo retro. Incorpora palmeras a las colosales composiciones y adapta su estilo al paisaje local, conectando con la naturaleza y reflejando identidades culturales populares.\u00a0  Algunos de los proyectos que ha realizado son Miami Sunrise Tower (2021), Start India Chennai (2020) y Visionart Festival (2019). Tambi\u00e9n ha colaborado con importantes marcas y compa\u00f1\u00edas como Tumi, Royal Enfield y Sofitel, enriqueciendo su obra con otras disciplinas como el dise\u00f1o y la fotograf\u00eda. Dentro de las exhibiciones recientes donde ha participado se encuentran \u201cSun Harbour\u201d, Furiosa Gallery, Madrid 2020, \u201cOptical Ilusion\u201d, Fumigee Gallery, Paris 2020, \u201cBoudless Boundaries\u201d, Stolen Space, London 2020, entre otras. Su obra es coleccionada principalmente por corporaciones que integran el arte en sus proyectos para ofrecer a sus clientes una manera aut\u00e9ntica de disfrutar la vida.\" \/>\n<meta property=\"og:url\" content=\"https:\/\/www.multiploeditions.com\/es\/producto\/the-hug\/\" \/>\n<meta property=\"og:site_name\" content=\"Multiplo Editions\" \/>\n<meta property=\"article:modified_time\" content=\"2021-12-11T20:54:44+00:00\" \/>\n<meta name=\"twitter:card\" content=\"summary_large_image\" \/>\n<meta name=\"twitter:title\" content=\"false\" \/>\n<meta name=\"twitter:image\" content=\"https:\/\/www.multiploeditions.com\/wp-content\/uploads\/2021\/12\/Antonyo-Marest-1-3.png\" \/>\n<script type=\"application\/ld+json\" class=\"yoast-schema-graph\">{\"@context\":\"https:\\\/\\\/schema.org\",\"@graph\":[{\"@type\":\"WebPage\",\"@id\":\"https:\\\/\\\/www.multiploeditions.com\\\/es\\\/producto\\\/the-hug\\\/\",\"url\":\"https:\\\/\\\/www.multiploeditions.com\\\/es\\\/producto\\\/the-hug\\\/\",\"name\":\"The Hug - Multiplo Editions\",\"isPartOf\":{\"@id\":\"https:\\\/\\\/www.multiploeditions.com\\\/es\\\/#website\"},\"primaryImageOfPage\":{\"@id\":\"https:\\\/\\\/www.multiploeditions.com\\\/es\\\/producto\\\/the-hug\\\/#primaryimage\"},\"image\":{\"@id\":\"https:\\\/\\\/www.multiploeditions.com\\\/es\\\/producto\\\/the-hug\\\/#primaryimage\"},\"thumbnailUrl\":\"https:\\\/\\\/www.multiploeditions.com\\\/wp-content\\\/uploads\\\/2021\\\/12\\\/Antonyo-Marest-1-3.png\",\"datePublished\":\"2021-12-03T20:41:41+00:00\",\"dateModified\":\"2021-12-11T20:54:44+00:00\",\"breadcrumb\":{\"@id\":\"https:\\\/\\\/www.multiploeditions.com\\\/es\\\/producto\\\/the-hug\\\/#breadcrumb\"},\"inLanguage\":\"es\",\"potentialAction\":[{\"@type\":\"ReadAction\",\"target\":[\"https:\\\/\\\/www.multiploeditions.com\\\/es\\\/producto\\\/the-hug\\\/\"]}]},{\"@type\":\"ImageObject\",\"inLanguage\":\"es\",\"@id\":\"https:\\\/\\\/www.multiploeditions.com\\\/es\\\/producto\\\/the-hug\\\/#primaryimage\",\"url\":\"https:\\\/\\\/www.multiploeditions.com\\\/wp-content\\\/uploads\\\/2021\\\/12\\\/Antonyo-Marest-1-3.png\",\"contentUrl\":\"https:\\\/\\\/www.multiploeditions.com\\\/wp-content\\\/uploads\\\/2021\\\/12\\\/Antonyo-Marest-1-3.png\",\"width\":1776,\"height\":2208,\"caption\":\"antonyo-marest\"},{\"@type\":\"BreadcrumbList\",\"@id\":\"https:\\\/\\\/www.multiploeditions.com\\\/es\\\/producto\\\/the-hug\\\/#breadcrumb\",\"itemListElement\":[{\"@type\":\"ListItem\",\"position\":1,\"name\":\"Home\",\"item\":\"https:\\\/\\\/www.multiploeditions.com\\\/es\\\/\"},{\"@type\":\"ListItem\",\"position\":2,\"name\":\"Obras\",\"item\":\"https:\\\/\\\/www.multiploeditions.com\\\/es\\\/obras\\\/\"},{\"@type\":\"ListItem\",\"position\":3,\"name\":\"The Hug\"}]},{\"@type\":\"WebSite\",\"@id\":\"https:\\\/\\\/www.multiploeditions.com\\\/es\\\/#website\",\"url\":\"https:\\\/\\\/www.multiploeditions.com\\\/es\\\/\",\"name\":\"Multiplo\",\"description\":\"Art can change lives\",\"publisher\":{\"@id\":\"https:\\\/\\\/www.multiploeditions.com\\\/es\\\/#organization\"},\"potentialAction\":[{\"@type\":\"SearchAction\",\"target\":{\"@type\":\"EntryPoint\",\"urlTemplate\":\"https:\\\/\\\/www.multiploeditions.com\\\/es\\\/?s={search_term_string}\"},\"query-input\":{\"@type\":\"PropertyValueSpecification\",\"valueRequired\":true,\"valueName\":\"search_term_string\"}}],\"inLanguage\":\"es\"},{\"@type\":\"Organization\",\"@id\":\"https:\\\/\\\/www.multiploeditions.com\\\/es\\\/#organization\",\"name\":\"Multiplo\",\"url\":\"https:\\\/\\\/www.multiploeditions.com\\\/es\\\/\",\"logo\":{\"@type\":\"ImageObject\",\"inLanguage\":\"es\",\"@id\":\"https:\\\/\\\/www.multiploeditions.com\\\/es\\\/#\\\/schema\\\/logo\\\/image\\\/\",\"url\":\"https:\\\/\\\/www.multiploeditions.com\\\/wp-content\\\/uploads\\\/2020\\\/11\\\/apple-touch-icon.png\",\"contentUrl\":\"https:\\\/\\\/www.multiploeditions.com\\\/wp-content\\\/uploads\\\/2020\\\/11\\\/apple-touch-icon.png\",\"width\":1024,\"height\":1024,\"caption\":\"Multiplo\"},\"image\":{\"@id\":\"https:\\\/\\\/www.multiploeditions.com\\\/es\\\/#\\\/schema\\\/logo\\\/image\\\/\"},\"sameAs\":[\"http:\\\/\\\/instagram.com\\\/multi_plo\"]}]}<\/script>\n<!-- \/ Yoast SEO plugin. -->","yoast_head_json":{"title":"The Hug - Multiplo Editions","robots":{"index":"index","follow":"follow","max-snippet":"max-snippet:-1","max-image-preview":"max-image-preview:large","max-video-preview":"max-video-preview:-1"},"canonical":"https:\/\/www.multiploeditions.com\/es\/producto\/the-hug\/","og_locale":"es_ES","og_type":"article","og_title":"The Hug - Multiplo Editions","og_description":"Antonyo Marest naci\u00f3 en 1987 en la ciudad de Alicante, Espa\u00f1a. Influenciado por la vida en el Mediterr\u00e1neo desde muy temprano su creaci\u00f3n art\u00edstica estuvo vinculada al color, la luz y la integraci\u00f3n con el espacio f\u00edsico. Sus primeras incursiones fueron en el grafiti, en el a\u00f1o 1998 y posteriormente fue incorporando la pintura y el dise\u00f1o, motivado en gran medida por sus estudios de arquitectura en diversas universidades europeas. \u00a0 Su esp\u00edritu libre y curioso fueron conformando su ideal de artista renovando constantemente su paisaje interior.\u00a0  Actualmente Marest es uno de los artistas urbanos m\u00e1s reconocidos internacionalmente. El camino ha estado guiado por la disciplina y la constancia, tambi\u00e9n por la calidad e impacto de sus obras. La evoluci\u00f3n del color goza de una autonom\u00eda extraordinaria a partir del a\u00f1o 2009, fecha en que se convierte en muralista profesional. Del 2012 al 2015 da un giro en su obra, reduciendo los colores y utiliz\u00e1ndolos para generar significados diversos. Su inter\u00e9s por el Art Deco y el Tr\u00f3pico comienza en el 2018 con el color-feeling aludiendo a las emociones y abriendo un din\u00e1mico puente hacia lo retro. Incorpora palmeras a las colosales composiciones y adapta su estilo al paisaje local, conectando con la naturaleza y reflejando identidades culturales populares.\u00a0  Algunos de los proyectos que ha realizado son Miami Sunrise Tower (2021), Start India Chennai (2020) y Visionart Festival (2019). Tambi\u00e9n ha colaborado con importantes marcas y compa\u00f1\u00edas como Tumi, Royal Enfield y Sofitel, enriqueciendo su obra con otras disciplinas como el dise\u00f1o y la fotograf\u00eda. Dentro de las exhibiciones recientes donde ha participado se encuentran \u201cSun Harbour\u201d, Furiosa Gallery, Madrid 2020, \u201cOptical Ilusion\u201d, Fumigee Gallery, Paris 2020, \u201cBoudless Boundaries\u201d, Stolen Space, London 2020, entre otras. Su obra es coleccionada principalmente por corporaciones que integran el arte en sus proyectos para ofrecer a sus clientes una manera aut\u00e9ntica de disfrutar la vida.","og_url":"https:\/\/www.multiploeditions.com\/es\/producto\/the-hug\/","og_site_name":"Multiplo Editions","article_modified_time":"2021-12-11T20:54:44+00:00","twitter_card":"summary_large_image","twitter_title":"false","twitter_image":"https:\/\/www.multiploeditions.com\/wp-content\/uploads\/2021\/12\/Antonyo-Marest-1-3.png","schema":{"@context":"https:\/\/schema.org","@graph":[{"@type":"WebPage","@id":"https:\/\/www.multiploeditions.com\/es\/producto\/the-hug\/","url":"https:\/\/www.multiploeditions.com\/es\/producto\/the-hug\/","name":"The Hug - Multiplo Editions","isPartOf":{"@id":"https:\/\/www.multiploeditions.com\/es\/#website"},"primaryImageOfPage":{"@id":"https:\/\/www.multiploeditions.com\/es\/producto\/the-hug\/#primaryimage"},"image":{"@id":"https:\/\/www.multiploeditions.com\/es\/producto\/the-hug\/#primaryimage"},"thumbnailUrl":"https:\/\/www.multiploeditions.com\/wp-content\/uploads\/2021\/12\/Antonyo-Marest-1-3.png","datePublished":"2021-12-03T20:41:41+00:00","dateModified":"2021-12-11T20:54:44+00:00","breadcrumb":{"@id":"https:\/\/www.multiploeditions.com\/es\/producto\/the-hug\/#breadcrumb"},"inLanguage":"es","potentialAction":[{"@type":"ReadAction","target":["https:\/\/www.multiploeditions.com\/es\/producto\/the-hug\/"]}]},{"@type":"ImageObject","inLanguage":"es","@id":"https:\/\/www.multiploeditions.com\/es\/producto\/the-hug\/#primaryimage","url":"https:\/\/www.multiploeditions.com\/wp-content\/uploads\/2021\/12\/Antonyo-Marest-1-3.png","contentUrl":"https:\/\/www.multiploeditions.com\/wp-content\/uploads\/2021\/12\/Antonyo-Marest-1-3.png","width":1776,"height":2208,"caption":"antonyo-marest"},{"@type":"BreadcrumbList","@id":"https:\/\/www.multiploeditions.com\/es\/producto\/the-hug\/#breadcrumb","itemListElement":[{"@type":"ListItem","position":1,"name":"Home","item":"https:\/\/www.multiploeditions.com\/es\/"},{"@type":"ListItem","position":2,"name":"Obras","item":"https:\/\/www.multiploeditions.com\/es\/obras\/"},{"@type":"ListItem","position":3,"name":"The Hug"}]},{"@type":"WebSite","@id":"https:\/\/www.multiploeditions.com\/es\/#website","url":"https:\/\/www.multiploeditions.com\/es\/","name":"Multiplo","description":"Art can change lives","publisher":{"@id":"https:\/\/www.multiploeditions.com\/es\/#organization"},"potentialAction":[{"@type":"SearchAction","target":{"@type":"EntryPoint","urlTemplate":"https:\/\/www.multiploeditions.com\/es\/?s={search_term_string}"},"query-input":{"@type":"PropertyValueSpecification","valueRequired":true,"valueName":"search_term_string"}}],"inLanguage":"es"},{"@type":"Organization","@id":"https:\/\/www.multiploeditions.com\/es\/#organization","name":"Multiplo","url":"https:\/\/www.multiploeditions.com\/es\/","logo":{"@type":"ImageObject","inLanguage":"es","@id":"https:\/\/www.multiploeditions.com\/es\/#\/schema\/logo\/image\/","url":"https:\/\/www.multiploeditions.com\/wp-content\/uploads\/2020\/11\/apple-touch-icon.png","contentUrl":"https:\/\/www.multiploeditions.com\/wp-content\/uploads\/2020\/11\/apple-touch-icon.png","width":1024,"height":1024,"caption":"Multiplo"},"image":{"@id":"https:\/\/www.multiploeditions.com\/es\/#\/schema\/logo\/image\/"},"sameAs":["http:\/\/instagram.com\/multi_plo"]}]}},"_links":{"self":[{"href":"https:\/\/www.multiploeditions.com\/es\/wp-json\/wp\/v2\/product\/3210","targetHints":{"allow":["GET"]}}],"collection":[{"href":"https:\/\/www.multiploeditions.com\/es\/wp-json\/wp\/v2\/product"}],"about":[{"href":"https:\/\/www.multiploeditions.com\/es\/wp-json\/wp\/v2\/types\/product"}],"wp:featuredmedia":[{"embeddable":true,"href":"https:\/\/www.multiploeditions.com\/es\/wp-json\/wp\/v2\/media\/3237"}],"wp:attachment":[{"href":"https:\/\/www.multiploeditions.com\/es\/wp-json\/wp\/v2\/media?parent=3210"}],"wp:term":[{"taxonomy":"product_brand","embeddable":true,"href":"https:\/\/www.multiploeditions.com\/es\/wp-json\/wp\/v2\/product_brand?post=3210"},{"taxonomy":"product_cat","embeddable":true,"href":"https:\/\/www.multiploeditions.com\/es\/wp-json\/wp\/v2\/product_cat?post=3210"},{"taxonomy":"product_tag","embeddable":true,"href":"https:\/\/www.multiploeditions.com\/es\/wp-json\/wp\/v2\/product_tag?post=3210"}],"curies":[{"name":"wp","href":"https:\/\/api.w.org\/{rel}","templated":true}]}}