{"id":3843,"date":"2022-09-20T12:57:37","date_gmt":"2022-09-20T17:57:37","guid":{"rendered":"https:\/\/www.multiploeditions.com\/?post_type=product&#038;p=3843"},"modified":"2022-10-11T06:49:19","modified_gmt":"2022-10-11T11:49:19","slug":"legos-secrets","status":"publish","type":"product","link":"https:\/\/www.multiploeditions.com\/es\/producto\/legos-secrets\/","title":{"rendered":"Legos &#038; Secrets"},"content":{"rendered":"","protected":false},"excerpt":{"rendered":"<p>Jessica Alazraki<br \/>\nDeclaraci\u00f3n del artista<\/p>\n<p>\u201cComo mujer mexicana que vive en la ciudad de Nueva York, siento que es mi responsabilidad abrir un di\u00e1logo sobre los inmigrantes. Mi trabajo tiene la intenci\u00f3n de llevar la vida latinx al arte contempor\u00e1neo celebrando la cultura y destacando los valores familiares. La narraci\u00f3n muestra escenas dom\u00e9sticas interiores alrededor de mesas.<\/p>\n<p>Los colores vivos y los patrones decorativos son muy caracter\u00edsticos de mis obras; en mis pinturas al \u00f3leo, los retratos siempre est\u00e1n en primer plano y cerca del espectador. La pincelada intensa proporciona un car\u00e1cter \u00fanico combinado con fondos planos para resaltar la emoci\u00f3n\u201d.<\/p>\n","protected":false},"featured_media":3845,"template":"","meta":{"_acf_changed":false,"_glsr_average":0,"_glsr_ranking":0,"_glsr_reviews":0},"product_brand":[],"product_cat":[104],"product_tag":[],"class_list":{"0":"post-3843","1":"product","2":"type-product","3":"status-publish","4":"has-post-thumbnail","6":"product_cat-jessica-alazraki-es","8":"first","9":"instock","10":"shipping-taxable","11":"purchasable","12":"product-type-simple"},"acf":[],"yoast_head":"<!-- This site is optimized with the Yoast SEO plugin v27.3 - https:\/\/yoast.com\/product\/yoast-seo-wordpress\/ -->\n<title>Legos &amp; Secrets - Multiplo Editions<\/title>\n<meta name=\"robots\" content=\"index, follow, max-snippet:-1, max-image-preview:large, max-video-preview:-1\" \/>\n<link rel=\"canonical\" href=\"https:\/\/www.multiploeditions.com\/es\/producto\/legos-secrets\/\" \/>\n<meta property=\"og:locale\" content=\"es_ES\" \/>\n<meta property=\"og:type\" content=\"article\" \/>\n<meta property=\"og:title\" content=\"Legos &amp; Secrets - Multiplo Editions\" \/>\n<meta property=\"og:description\" content=\"Jessica Alazraki Declaraci\u00f3n del artista  \u201cComo mujer mexicana que vive en la ciudad de Nueva York, siento que es mi responsabilidad abrir un di\u00e1logo sobre los inmigrantes. Mi trabajo tiene la intenci\u00f3n de llevar la vida latinx al arte contempor\u00e1neo celebrando la cultura y destacando los valores familiares. La narraci\u00f3n muestra escenas dom\u00e9sticas interiores alrededor de mesas.  Los colores vivos y los patrones decorativos son muy caracter\u00edsticos de mis obras; en mis pinturas al \u00f3leo, los retratos siempre est\u00e1n en primer plano y cerca del espectador. La pincelada intensa proporciona un car\u00e1cter \u00fanico combinado con fondos planos para resaltar la emoci\u00f3n\u201d.\" \/>\n<meta property=\"og:url\" content=\"https:\/\/www.multiploeditions.com\/es\/producto\/legos-secrets\/\" \/>\n<meta property=\"og:site_name\" content=\"Multiplo Editions\" \/>\n<meta property=\"article:modified_time\" content=\"2022-10-11T11:49:19+00:00\" \/>\n<meta name=\"twitter:card\" content=\"summary_large_image\" \/>\n<meta name=\"twitter:title\" content=\"false\" \/>\n<meta name=\"twitter:image\" content=\"https:\/\/www.multiploeditions.com\/wp-content\/uploads\/2022\/09\/MP_Enmarcardo_01_2022_09.webp\" \/>\n<script type=\"application\/ld+json\" class=\"yoast-schema-graph\">{\"@context\":\"https:\\\/\\\/schema.org\",\"@graph\":[{\"@type\":\"WebPage\",\"@id\":\"https:\\\/\\\/www.multiploeditions.com\\\/es\\\/producto\\\/legos-secrets\\\/\",\"url\":\"https:\\\/\\\/www.multiploeditions.com\\\/es\\\/producto\\\/legos-secrets\\\/\",\"name\":\"Legos & Secrets - Multiplo Editions\",\"isPartOf\":{\"@id\":\"https:\\\/\\\/www.multiploeditions.com\\\/es\\\/#website\"},\"primaryImageOfPage\":{\"@id\":\"https:\\\/\\\/www.multiploeditions.com\\\/es\\\/producto\\\/legos-secrets\\\/#primaryimage\"},\"image\":{\"@id\":\"https:\\\/\\\/www.multiploeditions.com\\\/es\\\/producto\\\/legos-secrets\\\/#primaryimage\"},\"thumbnailUrl\":\"https:\\\/\\\/www.multiploeditions.com\\\/wp-content\\\/uploads\\\/2022\\\/09\\\/MP_Enmarcardo_01_2022_09.webp\",\"datePublished\":\"2022-09-20T17:57:37+00:00\",\"dateModified\":\"2022-10-11T11:49:19+00:00\",\"breadcrumb\":{\"@id\":\"https:\\\/\\\/www.multiploeditions.com\\\/es\\\/producto\\\/legos-secrets\\\/#breadcrumb\"},\"inLanguage\":\"es\",\"potentialAction\":[{\"@type\":\"ReadAction\",\"target\":[\"https:\\\/\\\/www.multiploeditions.com\\\/es\\\/producto\\\/legos-secrets\\\/\"]}]},{\"@type\":\"ImageObject\",\"inLanguage\":\"es\",\"@id\":\"https:\\\/\\\/www.multiploeditions.com\\\/es\\\/producto\\\/legos-secrets\\\/#primaryimage\",\"url\":\"https:\\\/\\\/www.multiploeditions.com\\\/wp-content\\\/uploads\\\/2022\\\/09\\\/MP_Enmarcardo_01_2022_09.webp\",\"contentUrl\":\"https:\\\/\\\/www.multiploeditions.com\\\/wp-content\\\/uploads\\\/2022\\\/09\\\/MP_Enmarcardo_01_2022_09.webp\",\"width\":2304,\"height\":2560},{\"@type\":\"BreadcrumbList\",\"@id\":\"https:\\\/\\\/www.multiploeditions.com\\\/es\\\/producto\\\/legos-secrets\\\/#breadcrumb\",\"itemListElement\":[{\"@type\":\"ListItem\",\"position\":1,\"name\":\"Home\",\"item\":\"https:\\\/\\\/www.multiploeditions.com\\\/es\\\/\"},{\"@type\":\"ListItem\",\"position\":2,\"name\":\"Obras\",\"item\":\"https:\\\/\\\/www.multiploeditions.com\\\/es\\\/obras\\\/\"},{\"@type\":\"ListItem\",\"position\":3,\"name\":\"Legos &#038; Secrets\"}]},{\"@type\":\"WebSite\",\"@id\":\"https:\\\/\\\/www.multiploeditions.com\\\/es\\\/#website\",\"url\":\"https:\\\/\\\/www.multiploeditions.com\\\/es\\\/\",\"name\":\"Multiplo\",\"description\":\"Art can change lives\",\"publisher\":{\"@id\":\"https:\\\/\\\/www.multiploeditions.com\\\/es\\\/#organization\"},\"potentialAction\":[{\"@type\":\"SearchAction\",\"target\":{\"@type\":\"EntryPoint\",\"urlTemplate\":\"https:\\\/\\\/www.multiploeditions.com\\\/es\\\/?s={search_term_string}\"},\"query-input\":{\"@type\":\"PropertyValueSpecification\",\"valueRequired\":true,\"valueName\":\"search_term_string\"}}],\"inLanguage\":\"es\"},{\"@type\":\"Organization\",\"@id\":\"https:\\\/\\\/www.multiploeditions.com\\\/es\\\/#organization\",\"name\":\"Multiplo\",\"url\":\"https:\\\/\\\/www.multiploeditions.com\\\/es\\\/\",\"logo\":{\"@type\":\"ImageObject\",\"inLanguage\":\"es\",\"@id\":\"https:\\\/\\\/www.multiploeditions.com\\\/es\\\/#\\\/schema\\\/logo\\\/image\\\/\",\"url\":\"https:\\\/\\\/www.multiploeditions.com\\\/wp-content\\\/uploads\\\/2020\\\/11\\\/apple-touch-icon.png\",\"contentUrl\":\"https:\\\/\\\/www.multiploeditions.com\\\/wp-content\\\/uploads\\\/2020\\\/11\\\/apple-touch-icon.png\",\"width\":1024,\"height\":1024,\"caption\":\"Multiplo\"},\"image\":{\"@id\":\"https:\\\/\\\/www.multiploeditions.com\\\/es\\\/#\\\/schema\\\/logo\\\/image\\\/\"},\"sameAs\":[\"http:\\\/\\\/instagram.com\\\/multi_plo\"]}]}<\/script>\n<!-- \/ Yoast SEO plugin. -->","yoast_head_json":{"title":"Legos & Secrets - Multiplo Editions","robots":{"index":"index","follow":"follow","max-snippet":"max-snippet:-1","max-image-preview":"max-image-preview:large","max-video-preview":"max-video-preview:-1"},"canonical":"https:\/\/www.multiploeditions.com\/es\/producto\/legos-secrets\/","og_locale":"es_ES","og_type":"article","og_title":"Legos & Secrets - Multiplo Editions","og_description":"Jessica Alazraki Declaraci\u00f3n del artista  \u201cComo mujer mexicana que vive en la ciudad de Nueva York, siento que es mi responsabilidad abrir un di\u00e1logo sobre los inmigrantes. Mi trabajo tiene la intenci\u00f3n de llevar la vida latinx al arte contempor\u00e1neo celebrando la cultura y destacando los valores familiares. La narraci\u00f3n muestra escenas dom\u00e9sticas interiores alrededor de mesas.  Los colores vivos y los patrones decorativos son muy caracter\u00edsticos de mis obras; en mis pinturas al \u00f3leo, los retratos siempre est\u00e1n en primer plano y cerca del espectador. La pincelada intensa proporciona un car\u00e1cter \u00fanico combinado con fondos planos para resaltar la emoci\u00f3n\u201d.","og_url":"https:\/\/www.multiploeditions.com\/es\/producto\/legos-secrets\/","og_site_name":"Multiplo Editions","article_modified_time":"2022-10-11T11:49:19+00:00","twitter_card":"summary_large_image","twitter_title":"false","twitter_image":"https:\/\/www.multiploeditions.com\/wp-content\/uploads\/2022\/09\/MP_Enmarcardo_01_2022_09.webp","schema":{"@context":"https:\/\/schema.org","@graph":[{"@type":"WebPage","@id":"https:\/\/www.multiploeditions.com\/es\/producto\/legos-secrets\/","url":"https:\/\/www.multiploeditions.com\/es\/producto\/legos-secrets\/","name":"Legos & Secrets - Multiplo Editions","isPartOf":{"@id":"https:\/\/www.multiploeditions.com\/es\/#website"},"primaryImageOfPage":{"@id":"https:\/\/www.multiploeditions.com\/es\/producto\/legos-secrets\/#primaryimage"},"image":{"@id":"https:\/\/www.multiploeditions.com\/es\/producto\/legos-secrets\/#primaryimage"},"thumbnailUrl":"https:\/\/www.multiploeditions.com\/wp-content\/uploads\/2022\/09\/MP_Enmarcardo_01_2022_09.webp","datePublished":"2022-09-20T17:57:37+00:00","dateModified":"2022-10-11T11:49:19+00:00","breadcrumb":{"@id":"https:\/\/www.multiploeditions.com\/es\/producto\/legos-secrets\/#breadcrumb"},"inLanguage":"es","potentialAction":[{"@type":"ReadAction","target":["https:\/\/www.multiploeditions.com\/es\/producto\/legos-secrets\/"]}]},{"@type":"ImageObject","inLanguage":"es","@id":"https:\/\/www.multiploeditions.com\/es\/producto\/legos-secrets\/#primaryimage","url":"https:\/\/www.multiploeditions.com\/wp-content\/uploads\/2022\/09\/MP_Enmarcardo_01_2022_09.webp","contentUrl":"https:\/\/www.multiploeditions.com\/wp-content\/uploads\/2022\/09\/MP_Enmarcardo_01_2022_09.webp","width":2304,"height":2560},{"@type":"BreadcrumbList","@id":"https:\/\/www.multiploeditions.com\/es\/producto\/legos-secrets\/#breadcrumb","itemListElement":[{"@type":"ListItem","position":1,"name":"Home","item":"https:\/\/www.multiploeditions.com\/es\/"},{"@type":"ListItem","position":2,"name":"Obras","item":"https:\/\/www.multiploeditions.com\/es\/obras\/"},{"@type":"ListItem","position":3,"name":"Legos &#038; Secrets"}]},{"@type":"WebSite","@id":"https:\/\/www.multiploeditions.com\/es\/#website","url":"https:\/\/www.multiploeditions.com\/es\/","name":"Multiplo","description":"Art can change lives","publisher":{"@id":"https:\/\/www.multiploeditions.com\/es\/#organization"},"potentialAction":[{"@type":"SearchAction","target":{"@type":"EntryPoint","urlTemplate":"https:\/\/www.multiploeditions.com\/es\/?s={search_term_string}"},"query-input":{"@type":"PropertyValueSpecification","valueRequired":true,"valueName":"search_term_string"}}],"inLanguage":"es"},{"@type":"Organization","@id":"https:\/\/www.multiploeditions.com\/es\/#organization","name":"Multiplo","url":"https:\/\/www.multiploeditions.com\/es\/","logo":{"@type":"ImageObject","inLanguage":"es","@id":"https:\/\/www.multiploeditions.com\/es\/#\/schema\/logo\/image\/","url":"https:\/\/www.multiploeditions.com\/wp-content\/uploads\/2020\/11\/apple-touch-icon.png","contentUrl":"https:\/\/www.multiploeditions.com\/wp-content\/uploads\/2020\/11\/apple-touch-icon.png","width":1024,"height":1024,"caption":"Multiplo"},"image":{"@id":"https:\/\/www.multiploeditions.com\/es\/#\/schema\/logo\/image\/"},"sameAs":["http:\/\/instagram.com\/multi_plo"]}]}},"_links":{"self":[{"href":"https:\/\/www.multiploeditions.com\/es\/wp-json\/wp\/v2\/product\/3843","targetHints":{"allow":["GET"]}}],"collection":[{"href":"https:\/\/www.multiploeditions.com\/es\/wp-json\/wp\/v2\/product"}],"about":[{"href":"https:\/\/www.multiploeditions.com\/es\/wp-json\/wp\/v2\/types\/product"}],"wp:featuredmedia":[{"embeddable":true,"href":"https:\/\/www.multiploeditions.com\/es\/wp-json\/wp\/v2\/media\/3845"}],"wp:attachment":[{"href":"https:\/\/www.multiploeditions.com\/es\/wp-json\/wp\/v2\/media?parent=3843"}],"wp:term":[{"taxonomy":"product_brand","embeddable":true,"href":"https:\/\/www.multiploeditions.com\/es\/wp-json\/wp\/v2\/product_brand?post=3843"},{"taxonomy":"product_cat","embeddable":true,"href":"https:\/\/www.multiploeditions.com\/es\/wp-json\/wp\/v2\/product_cat?post=3843"},{"taxonomy":"product_tag","embeddable":true,"href":"https:\/\/www.multiploeditions.com\/es\/wp-json\/wp\/v2\/product_tag?post=3843"}],"curies":[{"name":"wp","href":"https:\/\/api.w.org\/{rel}","templated":true}]}}