{"id":4196,"date":"2023-08-04T09:05:29","date_gmt":"2023-08-04T14:05:30","guid":{"rendered":"https:\/\/www.multiploeditions.com\/?post_type=product&#038;p=4196"},"modified":"2023-08-16T17:48:27","modified_gmt":"2023-08-16T22:48:27","slug":"nyc-interior-with-tibetan-tapestry","status":"publish","type":"product","link":"https:\/\/www.multiploeditions.com\/es\/producto\/nyc-interior-with-tibetan-tapestry\/","title":{"rendered":"NYC Interior with Tibetan Tapestry"},"content":{"rendered":"","protected":false},"excerpt":{"rendered":"<p>JJ Manford naci\u00f3 en 1983 en la ciudad de Boston, Massachusetts. Ahora est\u00e1 establecido en Brooklyn, Nueva York.<\/p>\n<p>Obtuvo su licenciatura de la Universidad de Cornell en 2006. Luego obtuvo un certificado de posgrado en The School of The Art Institute of Chicago en 2009, seguido de una maestr\u00eda en pintura en Hunter College en 2012.<\/p>\n<p>Su trabajo ha sido exhibido en Nueva York, Los \u00c1ngeles, Copenhague, Londres, Roma y muchos m\u00e1s.<\/p>\n","protected":false},"featured_media":4237,"template":"","meta":{"_acf_changed":false,"_glsr_average":0,"_glsr_ranking":0,"_glsr_reviews":0},"product_brand":[],"product_cat":[108],"product_tag":[],"class_list":{"0":"post-4196","1":"product","2":"type-product","3":"status-publish","4":"has-post-thumbnail","6":"product_cat-jj-manford-es","8":"first","9":"instock","10":"shipping-taxable","11":"purchasable","12":"product-type-simple"},"acf":[],"yoast_head":"<!-- This site is optimized with the Yoast SEO plugin v27.3 - https:\/\/yoast.com\/product\/yoast-seo-wordpress\/ -->\n<title>NYC Interior with Tibetan Tapestry - Multiplo Editions<\/title>\n<meta name=\"robots\" content=\"index, follow, max-snippet:-1, max-image-preview:large, max-video-preview:-1\" \/>\n<link rel=\"canonical\" href=\"https:\/\/www.multiploeditions.com\/es\/producto\/nyc-interior-with-tibetan-tapestry\/\" \/>\n<meta property=\"og:locale\" content=\"es_ES\" \/>\n<meta property=\"og:type\" content=\"article\" \/>\n<meta property=\"og:title\" content=\"NYC Interior with Tibetan Tapestry - Multiplo Editions\" \/>\n<meta property=\"og:description\" content=\"JJ Manford naci\u00f3 en 1983 en la ciudad de Boston, Massachusetts. Ahora est\u00e1 establecido en Brooklyn, Nueva York.  Obtuvo su licenciatura de la Universidad de Cornell en 2006. Luego obtuvo un certificado de posgrado en The School of The Art Institute of Chicago en 2009, seguido de una maestr\u00eda en pintura en Hunter College en 2012.  Su trabajo ha sido exhibido en Nueva York, Los \u00c1ngeles, Copenhague, Londres, Roma y muchos m\u00e1s.\" \/>\n<meta property=\"og:url\" content=\"https:\/\/www.multiploeditions.com\/es\/producto\/nyc-interior-with-tibetan-tapestry\/\" \/>\n<meta property=\"og:site_name\" content=\"Multiplo Editions\" \/>\n<meta property=\"article:modified_time\" content=\"2023-08-16T22:48:27+00:00\" \/>\n<meta name=\"twitter:card\" content=\"summary_large_image\" \/>\n<meta name=\"twitter:title\" content=\"false\" \/>\n<meta name=\"twitter:image\" content=\"https:\/\/www.multiploeditions.com\/wp-content\/uploads\/2023\/08\/MP_Obra-fondo-gris_2023_08-1.png\" \/>\n<script type=\"application\/ld+json\" class=\"yoast-schema-graph\">{\"@context\":\"https:\\\/\\\/schema.org\",\"@graph\":[{\"@type\":\"WebPage\",\"@id\":\"https:\\\/\\\/www.multiploeditions.com\\\/es\\\/producto\\\/nyc-interior-with-tibetan-tapestry\\\/\",\"url\":\"https:\\\/\\\/www.multiploeditions.com\\\/es\\\/producto\\\/nyc-interior-with-tibetan-tapestry\\\/\",\"name\":\"NYC Interior with Tibetan Tapestry - Multiplo Editions\",\"isPartOf\":{\"@id\":\"https:\\\/\\\/www.multiploeditions.com\\\/es\\\/#website\"},\"primaryImageOfPage\":{\"@id\":\"https:\\\/\\\/www.multiploeditions.com\\\/es\\\/producto\\\/nyc-interior-with-tibetan-tapestry\\\/#primaryimage\"},\"image\":{\"@id\":\"https:\\\/\\\/www.multiploeditions.com\\\/es\\\/producto\\\/nyc-interior-with-tibetan-tapestry\\\/#primaryimage\"},\"thumbnailUrl\":\"https:\\\/\\\/www.multiploeditions.com\\\/wp-content\\\/uploads\\\/2023\\\/08\\\/MP_Obra-fondo-gris_2023_08-1.png\",\"datePublished\":\"2023-08-04T14:05:30+00:00\",\"dateModified\":\"2023-08-16T22:48:27+00:00\",\"breadcrumb\":{\"@id\":\"https:\\\/\\\/www.multiploeditions.com\\\/es\\\/producto\\\/nyc-interior-with-tibetan-tapestry\\\/#breadcrumb\"},\"inLanguage\":\"es\",\"potentialAction\":[{\"@type\":\"ReadAction\",\"target\":[\"https:\\\/\\\/www.multiploeditions.com\\\/es\\\/producto\\\/nyc-interior-with-tibetan-tapestry\\\/\"]}]},{\"@type\":\"ImageObject\",\"inLanguage\":\"es\",\"@id\":\"https:\\\/\\\/www.multiploeditions.com\\\/es\\\/producto\\\/nyc-interior-with-tibetan-tapestry\\\/#primaryimage\",\"url\":\"https:\\\/\\\/www.multiploeditions.com\\\/wp-content\\\/uploads\\\/2023\\\/08\\\/MP_Obra-fondo-gris_2023_08-1.png\",\"contentUrl\":\"https:\\\/\\\/www.multiploeditions.com\\\/wp-content\\\/uploads\\\/2023\\\/08\\\/MP_Obra-fondo-gris_2023_08-1.png\",\"width\":922,\"height\":1024},{\"@type\":\"BreadcrumbList\",\"@id\":\"https:\\\/\\\/www.multiploeditions.com\\\/es\\\/producto\\\/nyc-interior-with-tibetan-tapestry\\\/#breadcrumb\",\"itemListElement\":[{\"@type\":\"ListItem\",\"position\":1,\"name\":\"Home\",\"item\":\"https:\\\/\\\/www.multiploeditions.com\\\/es\\\/\"},{\"@type\":\"ListItem\",\"position\":2,\"name\":\"Obras\",\"item\":\"https:\\\/\\\/www.multiploeditions.com\\\/es\\\/obras\\\/\"},{\"@type\":\"ListItem\",\"position\":3,\"name\":\"NYC Interior with Tibetan Tapestry\"}]},{\"@type\":\"WebSite\",\"@id\":\"https:\\\/\\\/www.multiploeditions.com\\\/es\\\/#website\",\"url\":\"https:\\\/\\\/www.multiploeditions.com\\\/es\\\/\",\"name\":\"Multiplo\",\"description\":\"Art can change lives\",\"publisher\":{\"@id\":\"https:\\\/\\\/www.multiploeditions.com\\\/es\\\/#organization\"},\"potentialAction\":[{\"@type\":\"SearchAction\",\"target\":{\"@type\":\"EntryPoint\",\"urlTemplate\":\"https:\\\/\\\/www.multiploeditions.com\\\/es\\\/?s={search_term_string}\"},\"query-input\":{\"@type\":\"PropertyValueSpecification\",\"valueRequired\":true,\"valueName\":\"search_term_string\"}}],\"inLanguage\":\"es\"},{\"@type\":\"Organization\",\"@id\":\"https:\\\/\\\/www.multiploeditions.com\\\/es\\\/#organization\",\"name\":\"Multiplo\",\"url\":\"https:\\\/\\\/www.multiploeditions.com\\\/es\\\/\",\"logo\":{\"@type\":\"ImageObject\",\"inLanguage\":\"es\",\"@id\":\"https:\\\/\\\/www.multiploeditions.com\\\/es\\\/#\\\/schema\\\/logo\\\/image\\\/\",\"url\":\"https:\\\/\\\/www.multiploeditions.com\\\/wp-content\\\/uploads\\\/2020\\\/11\\\/apple-touch-icon.png\",\"contentUrl\":\"https:\\\/\\\/www.multiploeditions.com\\\/wp-content\\\/uploads\\\/2020\\\/11\\\/apple-touch-icon.png\",\"width\":1024,\"height\":1024,\"caption\":\"Multiplo\"},\"image\":{\"@id\":\"https:\\\/\\\/www.multiploeditions.com\\\/es\\\/#\\\/schema\\\/logo\\\/image\\\/\"},\"sameAs\":[\"http:\\\/\\\/instagram.com\\\/multi_plo\"]}]}<\/script>\n<!-- \/ Yoast SEO plugin. -->","yoast_head_json":{"title":"NYC Interior with Tibetan Tapestry - Multiplo Editions","robots":{"index":"index","follow":"follow","max-snippet":"max-snippet:-1","max-image-preview":"max-image-preview:large","max-video-preview":"max-video-preview:-1"},"canonical":"https:\/\/www.multiploeditions.com\/es\/producto\/nyc-interior-with-tibetan-tapestry\/","og_locale":"es_ES","og_type":"article","og_title":"NYC Interior with Tibetan Tapestry - Multiplo Editions","og_description":"JJ Manford naci\u00f3 en 1983 en la ciudad de Boston, Massachusetts. Ahora est\u00e1 establecido en Brooklyn, Nueva York.  Obtuvo su licenciatura de la Universidad de Cornell en 2006. Luego obtuvo un certificado de posgrado en The School of The Art Institute of Chicago en 2009, seguido de una maestr\u00eda en pintura en Hunter College en 2012.  Su trabajo ha sido exhibido en Nueva York, Los \u00c1ngeles, Copenhague, Londres, Roma y muchos m\u00e1s.","og_url":"https:\/\/www.multiploeditions.com\/es\/producto\/nyc-interior-with-tibetan-tapestry\/","og_site_name":"Multiplo Editions","article_modified_time":"2023-08-16T22:48:27+00:00","twitter_card":"summary_large_image","twitter_title":"false","twitter_image":"https:\/\/www.multiploeditions.com\/wp-content\/uploads\/2023\/08\/MP_Obra-fondo-gris_2023_08-1.png","schema":{"@context":"https:\/\/schema.org","@graph":[{"@type":"WebPage","@id":"https:\/\/www.multiploeditions.com\/es\/producto\/nyc-interior-with-tibetan-tapestry\/","url":"https:\/\/www.multiploeditions.com\/es\/producto\/nyc-interior-with-tibetan-tapestry\/","name":"NYC Interior with Tibetan Tapestry - Multiplo Editions","isPartOf":{"@id":"https:\/\/www.multiploeditions.com\/es\/#website"},"primaryImageOfPage":{"@id":"https:\/\/www.multiploeditions.com\/es\/producto\/nyc-interior-with-tibetan-tapestry\/#primaryimage"},"image":{"@id":"https:\/\/www.multiploeditions.com\/es\/producto\/nyc-interior-with-tibetan-tapestry\/#primaryimage"},"thumbnailUrl":"https:\/\/www.multiploeditions.com\/wp-content\/uploads\/2023\/08\/MP_Obra-fondo-gris_2023_08-1.png","datePublished":"2023-08-04T14:05:30+00:00","dateModified":"2023-08-16T22:48:27+00:00","breadcrumb":{"@id":"https:\/\/www.multiploeditions.com\/es\/producto\/nyc-interior-with-tibetan-tapestry\/#breadcrumb"},"inLanguage":"es","potentialAction":[{"@type":"ReadAction","target":["https:\/\/www.multiploeditions.com\/es\/producto\/nyc-interior-with-tibetan-tapestry\/"]}]},{"@type":"ImageObject","inLanguage":"es","@id":"https:\/\/www.multiploeditions.com\/es\/producto\/nyc-interior-with-tibetan-tapestry\/#primaryimage","url":"https:\/\/www.multiploeditions.com\/wp-content\/uploads\/2023\/08\/MP_Obra-fondo-gris_2023_08-1.png","contentUrl":"https:\/\/www.multiploeditions.com\/wp-content\/uploads\/2023\/08\/MP_Obra-fondo-gris_2023_08-1.png","width":922,"height":1024},{"@type":"BreadcrumbList","@id":"https:\/\/www.multiploeditions.com\/es\/producto\/nyc-interior-with-tibetan-tapestry\/#breadcrumb","itemListElement":[{"@type":"ListItem","position":1,"name":"Home","item":"https:\/\/www.multiploeditions.com\/es\/"},{"@type":"ListItem","position":2,"name":"Obras","item":"https:\/\/www.multiploeditions.com\/es\/obras\/"},{"@type":"ListItem","position":3,"name":"NYC Interior with Tibetan Tapestry"}]},{"@type":"WebSite","@id":"https:\/\/www.multiploeditions.com\/es\/#website","url":"https:\/\/www.multiploeditions.com\/es\/","name":"Multiplo","description":"Art can change lives","publisher":{"@id":"https:\/\/www.multiploeditions.com\/es\/#organization"},"potentialAction":[{"@type":"SearchAction","target":{"@type":"EntryPoint","urlTemplate":"https:\/\/www.multiploeditions.com\/es\/?s={search_term_string}"},"query-input":{"@type":"PropertyValueSpecification","valueRequired":true,"valueName":"search_term_string"}}],"inLanguage":"es"},{"@type":"Organization","@id":"https:\/\/www.multiploeditions.com\/es\/#organization","name":"Multiplo","url":"https:\/\/www.multiploeditions.com\/es\/","logo":{"@type":"ImageObject","inLanguage":"es","@id":"https:\/\/www.multiploeditions.com\/es\/#\/schema\/logo\/image\/","url":"https:\/\/www.multiploeditions.com\/wp-content\/uploads\/2020\/11\/apple-touch-icon.png","contentUrl":"https:\/\/www.multiploeditions.com\/wp-content\/uploads\/2020\/11\/apple-touch-icon.png","width":1024,"height":1024,"caption":"Multiplo"},"image":{"@id":"https:\/\/www.multiploeditions.com\/es\/#\/schema\/logo\/image\/"},"sameAs":["http:\/\/instagram.com\/multi_plo"]}]}},"_links":{"self":[{"href":"https:\/\/www.multiploeditions.com\/es\/wp-json\/wp\/v2\/product\/4196","targetHints":{"allow":["GET"]}}],"collection":[{"href":"https:\/\/www.multiploeditions.com\/es\/wp-json\/wp\/v2\/product"}],"about":[{"href":"https:\/\/www.multiploeditions.com\/es\/wp-json\/wp\/v2\/types\/product"}],"wp:featuredmedia":[{"embeddable":true,"href":"https:\/\/www.multiploeditions.com\/es\/wp-json\/wp\/v2\/media\/4237"}],"wp:attachment":[{"href":"https:\/\/www.multiploeditions.com\/es\/wp-json\/wp\/v2\/media?parent=4196"}],"wp:term":[{"taxonomy":"product_brand","embeddable":true,"href":"https:\/\/www.multiploeditions.com\/es\/wp-json\/wp\/v2\/product_brand?post=4196"},{"taxonomy":"product_cat","embeddable":true,"href":"https:\/\/www.multiploeditions.com\/es\/wp-json\/wp\/v2\/product_cat?post=4196"},{"taxonomy":"product_tag","embeddable":true,"href":"https:\/\/www.multiploeditions.com\/es\/wp-json\/wp\/v2\/product_tag?post=4196"}],"curies":[{"name":"wp","href":"https:\/\/api.w.org\/{rel}","templated":true}]}}