{"id":5233,"date":"2025-07-24T13:30:12","date_gmt":"2025-07-24T18:30:12","guid":{"rendered":"https:\/\/www.multiploeditions.com\/?post_type=product&#038;p=5233"},"modified":"2025-07-31T12:00:55","modified_gmt":"2025-07-31T17:00:55","slug":"dissolve-into-shimmering-incorporeality","status":"publish","type":"product","link":"https:\/\/www.multiploeditions.com\/es\/producto\/dissolve-into-shimmering-incorporeality\/","title":{"rendered":"Dissolve into Shimmering Incorporeality"},"content":{"rendered":"","protected":false},"excerpt":{"rendered":"<p><span style=\"font-weight: 400;\">Cindy Phenix (nacida en 1989 en Montreal, Canad\u00e1) es una aclamada pintora contempor\u00e1nea cuyo trabajo ha capturado la atenci\u00f3n internacional por su vibrante exploraci\u00f3n de narrativas complejas, fusionando la figuraci\u00f3n y la abstracci\u00f3n para deconstruir las estructuras de poder y las normas sociales. Actualmente, vive y trabaja en Los \u00c1ngeles, California.<\/span><\/p>\n","protected":false},"featured_media":5246,"template":"","meta":{"_acf_changed":false,"_glsr_average":0,"_glsr_ranking":0,"_glsr_reviews":0},"product_brand":[],"product_cat":[110],"product_tag":[],"class_list":{"0":"post-5233","1":"product","2":"type-product","3":"status-publish","4":"has-post-thumbnail","6":"product_cat-cindy-phenix-es","8":"first","9":"instock","10":"shipping-taxable","11":"purchasable","12":"product-type-simple"},"acf":[],"yoast_head":"<!-- This site is optimized with the Yoast SEO plugin v27.4 - https:\/\/yoast.com\/product\/yoast-seo-wordpress\/ -->\n<title>Dissolve into Shimmering Incorporeality - Multiplo Editions<\/title>\n<meta name=\"robots\" content=\"index, follow, max-snippet:-1, max-image-preview:large, max-video-preview:-1\" \/>\n<link rel=\"canonical\" href=\"https:\/\/www.multiploeditions.com\/es\/producto\/dissolve-into-shimmering-incorporeality\/\" \/>\n<meta property=\"og:locale\" content=\"es_ES\" \/>\n<meta property=\"og:type\" content=\"article\" \/>\n<meta property=\"og:title\" content=\"Dissolve into Shimmering Incorporeality - Multiplo Editions\" \/>\n<meta property=\"og:description\" content=\"Cindy Phenix (nacida en 1989 en Montreal, Canad\u00e1) es una aclamada pintora contempor\u00e1nea cuyo trabajo ha capturado la atenci\u00f3n internacional por su vibrante exploraci\u00f3n de narrativas complejas, fusionando la figuraci\u00f3n y la abstracci\u00f3n para deconstruir las estructuras de poder y las normas sociales. Actualmente, vive y trabaja en Los \u00c1ngeles, California.\" \/>\n<meta property=\"og:url\" content=\"https:\/\/www.multiploeditions.com\/es\/producto\/dissolve-into-shimmering-incorporeality\/\" \/>\n<meta property=\"og:site_name\" content=\"Multiplo Editions\" \/>\n<meta property=\"article:modified_time\" content=\"2025-07-31T17:00:55+00:00\" \/>\n<meta name=\"twitter:card\" content=\"summary_large_image\" \/>\n<meta name=\"twitter:title\" content=\"false\" \/>\n<meta name=\"twitter:image\" content=\"https:\/\/www.multiploeditions.com\/wp-content\/uploads\/2025\/07\/MULTIPLO_Cindy-Phenix-BANNERS_2025_08-08.png\" \/>\n<meta name=\"twitter:label1\" content=\"Tiempo de lectura\" \/>\n\t<meta name=\"twitter:data1\" content=\"1 minuto\" \/>\n<script type=\"application\/ld+json\" class=\"yoast-schema-graph\">{\"@context\":\"https:\\\/\\\/schema.org\",\"@graph\":[{\"@type\":\"WebPage\",\"@id\":\"https:\\\/\\\/www.multiploeditions.com\\\/es\\\/producto\\\/dissolve-into-shimmering-incorporeality\\\/\",\"url\":\"https:\\\/\\\/www.multiploeditions.com\\\/es\\\/producto\\\/dissolve-into-shimmering-incorporeality\\\/\",\"name\":\"Dissolve into Shimmering Incorporeality - Multiplo Editions\",\"isPartOf\":{\"@id\":\"https:\\\/\\\/www.multiploeditions.com\\\/es\\\/#website\"},\"primaryImageOfPage\":{\"@id\":\"https:\\\/\\\/www.multiploeditions.com\\\/es\\\/producto\\\/dissolve-into-shimmering-incorporeality\\\/#primaryimage\"},\"image\":{\"@id\":\"https:\\\/\\\/www.multiploeditions.com\\\/es\\\/producto\\\/dissolve-into-shimmering-incorporeality\\\/#primaryimage\"},\"thumbnailUrl\":\"https:\\\/\\\/www.multiploeditions.com\\\/wp-content\\\/uploads\\\/2025\\\/07\\\/MULTIPLO_Cindy-Phenix-BANNERS_2025_08-08.png\",\"datePublished\":\"2025-07-24T18:30:12+00:00\",\"dateModified\":\"2025-07-31T17:00:55+00:00\",\"breadcrumb\":{\"@id\":\"https:\\\/\\\/www.multiploeditions.com\\\/es\\\/producto\\\/dissolve-into-shimmering-incorporeality\\\/#breadcrumb\"},\"inLanguage\":\"es\",\"potentialAction\":[{\"@type\":\"ReadAction\",\"target\":[\"https:\\\/\\\/www.multiploeditions.com\\\/es\\\/producto\\\/dissolve-into-shimmering-incorporeality\\\/\"]}]},{\"@type\":\"ImageObject\",\"inLanguage\":\"es\",\"@id\":\"https:\\\/\\\/www.multiploeditions.com\\\/es\\\/producto\\\/dissolve-into-shimmering-incorporeality\\\/#primaryimage\",\"url\":\"https:\\\/\\\/www.multiploeditions.com\\\/wp-content\\\/uploads\\\/2025\\\/07\\\/MULTIPLO_Cindy-Phenix-BANNERS_2025_08-08.png\",\"contentUrl\":\"https:\\\/\\\/www.multiploeditions.com\\\/wp-content\\\/uploads\\\/2025\\\/07\\\/MULTIPLO_Cindy-Phenix-BANNERS_2025_08-08.png\"},{\"@type\":\"BreadcrumbList\",\"@id\":\"https:\\\/\\\/www.multiploeditions.com\\\/es\\\/producto\\\/dissolve-into-shimmering-incorporeality\\\/#breadcrumb\",\"itemListElement\":[{\"@type\":\"ListItem\",\"position\":1,\"name\":\"Home\",\"item\":\"https:\\\/\\\/www.multiploeditions.com\\\/es\\\/\"},{\"@type\":\"ListItem\",\"position\":2,\"name\":\"Obras\",\"item\":\"https:\\\/\\\/www.multiploeditions.com\\\/es\\\/obras\\\/\"},{\"@type\":\"ListItem\",\"position\":3,\"name\":\"Dissolve into Shimmering Incorporeality\"}]},{\"@type\":\"WebSite\",\"@id\":\"https:\\\/\\\/www.multiploeditions.com\\\/es\\\/#website\",\"url\":\"https:\\\/\\\/www.multiploeditions.com\\\/es\\\/\",\"name\":\"Multiplo\",\"description\":\"Art can change lives\",\"publisher\":{\"@id\":\"https:\\\/\\\/www.multiploeditions.com\\\/es\\\/#organization\"},\"potentialAction\":[{\"@type\":\"SearchAction\",\"target\":{\"@type\":\"EntryPoint\",\"urlTemplate\":\"https:\\\/\\\/www.multiploeditions.com\\\/es\\\/?s={search_term_string}\"},\"query-input\":{\"@type\":\"PropertyValueSpecification\",\"valueRequired\":true,\"valueName\":\"search_term_string\"}}],\"inLanguage\":\"es\"},{\"@type\":\"Organization\",\"@id\":\"https:\\\/\\\/www.multiploeditions.com\\\/es\\\/#organization\",\"name\":\"Multiplo\",\"url\":\"https:\\\/\\\/www.multiploeditions.com\\\/es\\\/\",\"logo\":{\"@type\":\"ImageObject\",\"inLanguage\":\"es\",\"@id\":\"https:\\\/\\\/www.multiploeditions.com\\\/es\\\/#\\\/schema\\\/logo\\\/image\\\/\",\"url\":\"https:\\\/\\\/www.multiploeditions.com\\\/wp-content\\\/uploads\\\/2020\\\/11\\\/apple-touch-icon.png\",\"contentUrl\":\"https:\\\/\\\/www.multiploeditions.com\\\/wp-content\\\/uploads\\\/2020\\\/11\\\/apple-touch-icon.png\",\"width\":1024,\"height\":1024,\"caption\":\"Multiplo\"},\"image\":{\"@id\":\"https:\\\/\\\/www.multiploeditions.com\\\/es\\\/#\\\/schema\\\/logo\\\/image\\\/\"},\"sameAs\":[\"http:\\\/\\\/instagram.com\\\/multi_plo\"]}]}<\/script>\n<!-- \/ Yoast SEO plugin. -->","yoast_head_json":{"title":"Dissolve into Shimmering Incorporeality - Multiplo Editions","robots":{"index":"index","follow":"follow","max-snippet":"max-snippet:-1","max-image-preview":"max-image-preview:large","max-video-preview":"max-video-preview:-1"},"canonical":"https:\/\/www.multiploeditions.com\/es\/producto\/dissolve-into-shimmering-incorporeality\/","og_locale":"es_ES","og_type":"article","og_title":"Dissolve into Shimmering Incorporeality - Multiplo Editions","og_description":"Cindy Phenix (nacida en 1989 en Montreal, Canad\u00e1) es una aclamada pintora contempor\u00e1nea cuyo trabajo ha capturado la atenci\u00f3n internacional por su vibrante exploraci\u00f3n de narrativas complejas, fusionando la figuraci\u00f3n y la abstracci\u00f3n para deconstruir las estructuras de poder y las normas sociales. Actualmente, vive y trabaja en Los \u00c1ngeles, California.","og_url":"https:\/\/www.multiploeditions.com\/es\/producto\/dissolve-into-shimmering-incorporeality\/","og_site_name":"Multiplo Editions","article_modified_time":"2025-07-31T17:00:55+00:00","twitter_card":"summary_large_image","twitter_title":"false","twitter_image":"https:\/\/www.multiploeditions.com\/wp-content\/uploads\/2025\/07\/MULTIPLO_Cindy-Phenix-BANNERS_2025_08-08.png","twitter_misc":{"Tiempo de lectura":"1 minuto"},"schema":{"@context":"https:\/\/schema.org","@graph":[{"@type":"WebPage","@id":"https:\/\/www.multiploeditions.com\/es\/producto\/dissolve-into-shimmering-incorporeality\/","url":"https:\/\/www.multiploeditions.com\/es\/producto\/dissolve-into-shimmering-incorporeality\/","name":"Dissolve into Shimmering Incorporeality - Multiplo Editions","isPartOf":{"@id":"https:\/\/www.multiploeditions.com\/es\/#website"},"primaryImageOfPage":{"@id":"https:\/\/www.multiploeditions.com\/es\/producto\/dissolve-into-shimmering-incorporeality\/#primaryimage"},"image":{"@id":"https:\/\/www.multiploeditions.com\/es\/producto\/dissolve-into-shimmering-incorporeality\/#primaryimage"},"thumbnailUrl":"https:\/\/www.multiploeditions.com\/wp-content\/uploads\/2025\/07\/MULTIPLO_Cindy-Phenix-BANNERS_2025_08-08.png","datePublished":"2025-07-24T18:30:12+00:00","dateModified":"2025-07-31T17:00:55+00:00","breadcrumb":{"@id":"https:\/\/www.multiploeditions.com\/es\/producto\/dissolve-into-shimmering-incorporeality\/#breadcrumb"},"inLanguage":"es","potentialAction":[{"@type":"ReadAction","target":["https:\/\/www.multiploeditions.com\/es\/producto\/dissolve-into-shimmering-incorporeality\/"]}]},{"@type":"ImageObject","inLanguage":"es","@id":"https:\/\/www.multiploeditions.com\/es\/producto\/dissolve-into-shimmering-incorporeality\/#primaryimage","url":"https:\/\/www.multiploeditions.com\/wp-content\/uploads\/2025\/07\/MULTIPLO_Cindy-Phenix-BANNERS_2025_08-08.png","contentUrl":"https:\/\/www.multiploeditions.com\/wp-content\/uploads\/2025\/07\/MULTIPLO_Cindy-Phenix-BANNERS_2025_08-08.png"},{"@type":"BreadcrumbList","@id":"https:\/\/www.multiploeditions.com\/es\/producto\/dissolve-into-shimmering-incorporeality\/#breadcrumb","itemListElement":[{"@type":"ListItem","position":1,"name":"Home","item":"https:\/\/www.multiploeditions.com\/es\/"},{"@type":"ListItem","position":2,"name":"Obras","item":"https:\/\/www.multiploeditions.com\/es\/obras\/"},{"@type":"ListItem","position":3,"name":"Dissolve into Shimmering Incorporeality"}]},{"@type":"WebSite","@id":"https:\/\/www.multiploeditions.com\/es\/#website","url":"https:\/\/www.multiploeditions.com\/es\/","name":"Multiplo","description":"Art can change lives","publisher":{"@id":"https:\/\/www.multiploeditions.com\/es\/#organization"},"potentialAction":[{"@type":"SearchAction","target":{"@type":"EntryPoint","urlTemplate":"https:\/\/www.multiploeditions.com\/es\/?s={search_term_string}"},"query-input":{"@type":"PropertyValueSpecification","valueRequired":true,"valueName":"search_term_string"}}],"inLanguage":"es"},{"@type":"Organization","@id":"https:\/\/www.multiploeditions.com\/es\/#organization","name":"Multiplo","url":"https:\/\/www.multiploeditions.com\/es\/","logo":{"@type":"ImageObject","inLanguage":"es","@id":"https:\/\/www.multiploeditions.com\/es\/#\/schema\/logo\/image\/","url":"https:\/\/www.multiploeditions.com\/wp-content\/uploads\/2020\/11\/apple-touch-icon.png","contentUrl":"https:\/\/www.multiploeditions.com\/wp-content\/uploads\/2020\/11\/apple-touch-icon.png","width":1024,"height":1024,"caption":"Multiplo"},"image":{"@id":"https:\/\/www.multiploeditions.com\/es\/#\/schema\/logo\/image\/"},"sameAs":["http:\/\/instagram.com\/multi_plo"]}]}},"_links":{"self":[{"href":"https:\/\/www.multiploeditions.com\/es\/wp-json\/wp\/v2\/product\/5233","targetHints":{"allow":["GET"]}}],"collection":[{"href":"https:\/\/www.multiploeditions.com\/es\/wp-json\/wp\/v2\/product"}],"about":[{"href":"https:\/\/www.multiploeditions.com\/es\/wp-json\/wp\/v2\/types\/product"}],"wp:featuredmedia":[{"embeddable":true,"href":"https:\/\/www.multiploeditions.com\/es\/wp-json\/wp\/v2\/media\/5246"}],"wp:attachment":[{"href":"https:\/\/www.multiploeditions.com\/es\/wp-json\/wp\/v2\/media?parent=5233"}],"wp:term":[{"taxonomy":"product_brand","embeddable":true,"href":"https:\/\/www.multiploeditions.com\/es\/wp-json\/wp\/v2\/product_brand?post=5233"},{"taxonomy":"product_cat","embeddable":true,"href":"https:\/\/www.multiploeditions.com\/es\/wp-json\/wp\/v2\/product_cat?post=5233"},{"taxonomy":"product_tag","embeddable":true,"href":"https:\/\/www.multiploeditions.com\/es\/wp-json\/wp\/v2\/product_tag?post=5233"}],"curies":[{"name":"wp","href":"https:\/\/api.w.org\/{rel}","templated":true}]}}